{"id":5415,"date":"2020-08-21T11:42:09","date_gmt":"2020-08-21T11:42:09","guid":{"rendered":"https:\/\/www.babyelf.de\/?product=abena-abri-form-premium-air-plus-windeln-m4"},"modified":"2026-01-16T09:41:42","modified_gmt":"2026-01-16T08:41:42","slug":"abena-abri-form-premium-air-plus-windeln-m4","status":"publish","type":"product","link":"https:\/\/www.babyelf.de\/?product=abena-abri-form-premium-air-plus-windeln-m4","title":{"rendered":"ABENA &#8211; ABRI FORM Premium, Air Plus, Windeln, M4"},"content":{"rendered":"<p>&nbsp;<\/p>\n<p><!-- show up to 2 reviews by default --><\/p>\n<h3>Produktbeschreibung<\/h3>\n<p>Abri Form ist ein voll umfassendes Sortiment von Inkontinenzprodukten f\u00fcr die mittlere bis sehr schwere Inkontinenz. Dieses Produkt wurde entwickelt, um einen optimalen Auslaufschutz, besonders bei hohen Anforderungen zu gew\u00e4hrleisten. Unsere Premium Serie bietet die h\u00f6chsten Qualit\u00e4tsmerkmale und eine kompromisslose Auswahl verschiedener Gr\u00f6\u00dfen und Saugleistungen. Details, wie Auslaufbarrieren an den Seiten und zum hinteren Ende des Produkts, unterstreichen die exzellente Funktionalit\u00e4t dieser Produktreihe.<\/p>\n<h3>Set enth\u00e4lt:<\/h3>\n<p>14 st\u00fcck<\/p>\n<p>F\u00fcr Mittlere bis sehr Schwere Inkontinenz<br \/>\nGew\u00e4hrleistet optimalen Auslaufschutz, besonders bei hohen Anforderungen<br \/>\nSaugstark<br \/>\n<div class=\"main-cross-sell\" data-asin=\"B002N70OW2\">\n\n\t<div class=\"WooZone-cross-sell-loader\">\n\t\t<div>\n\t\t\t<div id=\"floatingBarsG\">\n\t\t\t\t<div class=\"blockG\" id=\"rotateG_01\"><\/div>\n\t\t\t\t<div class=\"blockG\" id=\"rotateG_02\"><\/div>\n\t\t\t\t<div class=\"blockG\" id=\"rotateG_03\"><\/div>\n\t\t\t\t<div class=\"blockG\" id=\"rotateG_04\"><\/div>\n\t\t\t\t<div class=\"blockG\" id=\"rotateG_05\"><\/div>\n\t\t\t\t<div class=\"blockG\" id=\"rotateG_06\"><\/div>\n\t\t\t\t<div class=\"blockG\" id=\"rotateG_07\"><\/div>\n\t\t\t\t<div class=\"blockG\" id=\"rotateG_08\"><\/div>\n\t\t\t<\/div>\n\t\t\t<div class=\"WooZone-cross-sell-loader-text\"><\/div>\n\t\t<\/div>\n\t<\/div>\n\n\t\t\n<\/div>\n<div style=\"clear:both;\"><\/div>\n","protected":false},"excerpt":{"rendered":"<p>F\u00fcr Mittlere bis sehr Schwere Inkontinenz<br \/>\nGew\u00e4hrleistet optimalen Auslaufschutz, besonders bei hohen Anforderungen<br \/>\nSaugstark<\/p>\n","protected":false},"featured_media":5416,"comment_status":"open","ping_status":"closed","template":"","meta":{"rs_blank_template":"","rs_page_bg_color":"","slide_template_v7":""},"etheme_brands":[],"product_cat":[27],"product_tag":[572,573,575,574],"class_list":{"0":"post-5415","1":"product","2":"type-product","3":"status-publish","4":"has-post-thumbnail","6":"product_cat-windeln","7":"product_tag-abena-abri-form-premium","8":"product_tag-air-plus","9":"product_tag-m4","10":"product_tag-windeln","11":"pa_brand-abena","13":"first","14":"instock","15":"shipping-taxable","16":"product-type-simple"},"_links":{"self":[{"href":"https:\/\/www.babyelf.de\/index.php?rest_route=\/wp\/v2\/product\/5415","targetHints":{"allow":["GET"]}}],"collection":[{"href":"https:\/\/www.babyelf.de\/index.php?rest_route=\/wp\/v2\/product"}],"about":[{"href":"https:\/\/www.babyelf.de\/index.php?rest_route=\/wp\/v2\/types\/product"}],"replies":[{"embeddable":true,"href":"https:\/\/www.babyelf.de\/index.php?rest_route=%2Fwp%2Fv2%2Fcomments&post=5415"}],"wp:featuredmedia":[{"embeddable":true,"href":"https:\/\/www.babyelf.de\/index.php?rest_route=\/wp\/v2\/media\/5416"}],"wp:attachment":[{"href":"https:\/\/www.babyelf.de\/index.php?rest_route=%2Fwp%2Fv2%2Fmedia&parent=5415"}],"wp:term":[{"taxonomy":"brand","embeddable":true,"href":"https:\/\/www.babyelf.de\/index.php?rest_route=%2Fwp%2Fv2%2Fetheme_brands&post=5415"},{"taxonomy":"product_cat","embeddable":true,"href":"https:\/\/www.babyelf.de\/index.php?rest_route=%2Fwp%2Fv2%2Fproduct_cat&post=5415"},{"taxonomy":"product_tag","embeddable":true,"href":"https:\/\/www.babyelf.de\/index.php?rest_route=%2Fwp%2Fv2%2Fproduct_tag&post=5415"}],"curies":[{"name":"wp","href":"https:\/\/api.w.org\/{rel}","templated":true}]}}