{"id":5401,"date":"2020-08-21T11:42:01","date_gmt":"2020-08-21T11:42:01","guid":{"rendered":"https:\/\/www.babyelf.de\/?product=tena-slip-maxi-large-packung-mit-24-stueck"},"modified":"2026-01-16T09:03:37","modified_gmt":"2026-01-16T08:03:37","slug":"tena-slip-maxi-large-packung-mit-24-stueck","status":"publish","type":"product","link":"https:\/\/www.babyelf.de\/?product=tena-slip-maxi-large-packung-mit-24-stueck","title":{"rendered":"TENA SLIP maxi L 24 St"},"content":{"rendered":"<div><\/div>\n<div>Tena Slip Maxi Large<\/div>\n<div class=\"disclaim\">Gr\u00f6\u00dfe:<strong>Large &#8211; Packung mit 24 St\u00fcck<\/strong><\/div>\n<p><!-- show up to 2 reviews by default --><\/p>\n<h3>Produktbeschreibung<\/h3>\n<p>Tena Slip Maxi Large<\/p>\n<h3>Rechtliche Hinweise<\/h3>\n<p>Zu Risiken und Nebenwirkungen fragen Sie Ihren Arzt oder Apotheker.<\/p>\n<div class=\"a-row a-expander-container a-expander-extend-container\" data-a-expander-name=\"toggle_description\">\n<div class=\"a-expander-content a-expander-extend-content\">\n<h3>Set enth\u00e4lt:<\/h3>\n<p>0<\/p>\n<\/div>\n<p><a class=\"a-expander-header a-declarative a-expander-extend-header\" href=\"void(0)\" data-action=\"a-expander-toggle\" data-a-expander-toggle=\"{\"><i class=\"a-icon a-icon-extender-expand\"><\/i><span class=\"a-expander-prompt\">Weitere Informationen<\/span><\/a><\/p>\n<\/div>\n<p>ConfioAir l\u00e4sst die Haut atmen, extra breite Hakenb\u00e4nder sorgen f\u00fcr einen angenehmen Tragekomfort<br \/>\nSchnell wirkender, stark absorbierender Kern bietet Lecksicherheit, dermatologisch getestet<br \/>\nMaterial f\u00fcr sanften Komfort, Der Geruchsneutralisator reduziert die Wirkung von Ammoniakgeruch, Die Feuchtigkeitsanzeige zeigt an, wann es Zeit ist, sich zu \u00e4ndern<br \/>\nGr\u00f6\u00dfe: Gro\u00df &#8211; 92-144 cm, 36-57-Zoll, Asborption: 1650ml<br \/>\nLieferung: 24 St\u00fcck in einem Packung<br \/>\n<div class=\"main-cross-sell\" data-asin=\"B00LIJZNBS\">\n\n\t<div class=\"WooZone-cross-sell-loader\">\n\t\t<div>\n\t\t\t<div id=\"floatingBarsG\">\n\t\t\t\t<div class=\"blockG\" id=\"rotateG_01\"><\/div>\n\t\t\t\t<div class=\"blockG\" id=\"rotateG_02\"><\/div>\n\t\t\t\t<div class=\"blockG\" id=\"rotateG_03\"><\/div>\n\t\t\t\t<div class=\"blockG\" id=\"rotateG_04\"><\/div>\n\t\t\t\t<div class=\"blockG\" id=\"rotateG_05\"><\/div>\n\t\t\t\t<div class=\"blockG\" id=\"rotateG_06\"><\/div>\n\t\t\t\t<div class=\"blockG\" id=\"rotateG_07\"><\/div>\n\t\t\t\t<div class=\"blockG\" id=\"rotateG_08\"><\/div>\n\t\t\t<\/div>\n\t\t\t<div class=\"WooZone-cross-sell-loader-text\"><\/div>\n\t\t<\/div>\n\t<\/div>\n\n\t\t\n<\/div>\n<div style=\"clear:both;\"><\/div>\n","protected":false},"excerpt":{"rendered":"<p>Tena Slip Maxi Large<\/p>\n<p>ConfioAir l\u00e4sst die Haut atmen, extra breite Hakenb\u00e4nder sorgen f\u00fcr einen angenehmen Tragekomfort<br \/>\nSchnell wirkender, stark absorbierender Kern bietet Lecksicherheit, dermatologisch getestet<br \/>\nMaterial f\u00fcr sanften Komfort, Der Geruchsneutralisator reduziert die Wirkung von Ammoniakgeruch, Die Feuchtigkeitsanzeige zeigt an, wann es Zeit ist, sich zu \u00e4ndern<\/p>\n","protected":false},"featured_media":5402,"comment_status":"open","ping_status":"closed","template":"","meta":{"rs_blank_template":"","rs_page_bg_color":"","slide_template_v7":""},"etheme_brands":[],"product_cat":[27],"product_tag":[],"class_list":{"0":"post-5401","1":"product","2":"type-product","3":"status-publish","4":"has-post-thumbnail","6":"product_cat-windeln","7":"pa_brand-tena","9":"first","10":"instock","11":"shipping-taxable","12":"product-type-simple"},"_links":{"self":[{"href":"https:\/\/www.babyelf.de\/index.php?rest_route=\/wp\/v2\/product\/5401","targetHints":{"allow":["GET"]}}],"collection":[{"href":"https:\/\/www.babyelf.de\/index.php?rest_route=\/wp\/v2\/product"}],"about":[{"href":"https:\/\/www.babyelf.de\/index.php?rest_route=\/wp\/v2\/types\/product"}],"replies":[{"embeddable":true,"href":"https:\/\/www.babyelf.de\/index.php?rest_route=%2Fwp%2Fv2%2Fcomments&post=5401"}],"wp:featuredmedia":[{"embeddable":true,"href":"https:\/\/www.babyelf.de\/index.php?rest_route=\/wp\/v2\/media\/5402"}],"wp:attachment":[{"href":"https:\/\/www.babyelf.de\/index.php?rest_route=%2Fwp%2Fv2%2Fmedia&parent=5401"}],"wp:term":[{"taxonomy":"brand","embeddable":true,"href":"https:\/\/www.babyelf.de\/index.php?rest_route=%2Fwp%2Fv2%2Fetheme_brands&post=5401"},{"taxonomy":"product_cat","embeddable":true,"href":"https:\/\/www.babyelf.de\/index.php?rest_route=%2Fwp%2Fv2%2Fproduct_cat&post=5401"},{"taxonomy":"product_tag","embeddable":true,"href":"https:\/\/www.babyelf.de\/index.php?rest_route=%2Fwp%2Fv2%2Fproduct_tag&post=5401"}],"curies":[{"name":"wp","href":"https:\/\/api.w.org\/{rel}","templated":true}]}}