{"id":5395,"date":"2020-08-21T11:41:58","date_gmt":"2020-08-21T11:41:58","guid":{"rendered":"https:\/\/www.babyelf.de\/?product=pampers-baby-dry-groesse-4-120-windeln"},"modified":"2026-01-29T11:55:00","modified_gmt":"2026-01-29T10:55:00","slug":"pampers-baby-dry-groesse-4-120-windeln","status":"publish","type":"product","link":"https:\/\/www.babyelf.de\/?product=pampers-baby-dry-groesse-4-120-windeln","title":{"rendered":"Pampers Baby-Dry, Gr\u00f6\u00dfe 4, 8-16 kg, Mega Plus Pack, 120 St\u00fcck"},"content":{"rendered":"<div class=\"disclaim\"> Gr\u00f6\u00dfe:<strong>Gr\u00f6\u00dfe 4(9-14 kg)<\/strong> | Z\u00e4hlung:<strong>120<\/strong> <\/div>\n<p> <!-- show up to 2 reviews by default --> <\/p>\n<h3>Produktbeschreibung<\/h3>\n<p>Finden Sie heraus, warum Babys heutzutage gut gelaunt aufwachen. Es gibt nichts Sch\u00f6neres, als Ihr Baby gut gelaunt aufwachen zu sehen. Es ist auch ein Zeichen daf\u00fcr, wie gut es letzte Nacht geschlafen hat. Zur Unterst\u00fctzung eines wirklich guten, angenehmen Schlafs besitzt die neue Generation von Pampers Windeln 3 absorbierende Kan\u00e4le. Diese absorbierenden Kan\u00e4le helfen, die Feuchtigkeit gleichm\u00e4\u00dfig zu verteilen* und sorgen f\u00fcr bis zu 12 Stunden Trockenheit. Somit wacht Ihr Baby morgens so trocken auf wie beim Schlafengehen. *im Vergleich zu herk\u00f6mmlichen Windeln <\/p>\n<h3>Anschrift Hersteller\/Importeur<\/h3>\n<p>Sulzbacher Str. 40, 65824 Schwalbach <\/p>\n<p>Morgens so trocken wie beim Schlafengehen<br \/>\n3 absorbierende Kan\u00e4le: Helfen, die Feuchtigkeit gleichm\u00e4\u00dfig zu verteilen, f\u00fcr ein trockeneres Gef\u00fchl im Vergleich zu vorherigen Pampers Windeln<br \/>\nAbsorbierende Micro Pearls: Micro Pearls absorbieren die Feuchtigkeit und schlie\u00dfen sie bis zu 12 Stunden lang ein<br \/>\n<div class=\"main-cross-sell\" data-asin=\"B01M18U7MM\">\n\n\t<div class=\"WooZone-cross-sell-loader\">\n\t\t<div>\n\t\t\t<div id=\"floatingBarsG\">\n\t\t\t\t<div class=\"blockG\" id=\"rotateG_01\"><\/div>\n\t\t\t\t<div class=\"blockG\" id=\"rotateG_02\"><\/div>\n\t\t\t\t<div class=\"blockG\" id=\"rotateG_03\"><\/div>\n\t\t\t\t<div class=\"blockG\" id=\"rotateG_04\"><\/div>\n\t\t\t\t<div class=\"blockG\" id=\"rotateG_05\"><\/div>\n\t\t\t\t<div class=\"blockG\" id=\"rotateG_06\"><\/div>\n\t\t\t\t<div class=\"blockG\" id=\"rotateG_07\"><\/div>\n\t\t\t\t<div class=\"blockG\" id=\"rotateG_08\"><\/div>\n\t\t\t<\/div>\n\t\t\t<div class=\"WooZone-cross-sell-loader-text\"><\/div>\n\t\t<\/div>\n\t<\/div>\n\n\t\t\n<\/div>\n<div style=\"clear:both;\"><\/div>\n","protected":false},"excerpt":{"rendered":"<p>Morgens so trocken wie beim Schlafengehen<br \/>\n3 absorbierende Kan\u00e4le: Helfen, die Feuchtigkeit gleichm\u00e4\u00dfig zu verteilen, f\u00fcr ein trockeneres Gef\u00fchl im Vergleich zu vorherigen Pampers Windeln<br \/>\nAbsorbierende Micro Pearls: Micro Pearls absorbieren die Feuchtigkeit und schlie\u00dfen sie bis zu 12 Stunden lang ein<\/p>\n","protected":false},"featured_media":5396,"comment_status":"open","ping_status":"closed","template":"","meta":{"rs_blank_template":"","rs_page_bg_color":"","slide_template_v7":""},"etheme_brands":[],"product_cat":[27],"product_tag":[],"class_list":{"0":"post-5395","1":"product","2":"type-product","3":"status-publish","4":"has-post-thumbnail","6":"product_cat-windeln","7":"pa_brand-pampers","9":"first","10":"instock","11":"shipping-taxable","12":"product-type-simple"},"_links":{"self":[{"href":"https:\/\/www.babyelf.de\/index.php?rest_route=\/wp\/v2\/product\/5395","targetHints":{"allow":["GET"]}}],"collection":[{"href":"https:\/\/www.babyelf.de\/index.php?rest_route=\/wp\/v2\/product"}],"about":[{"href":"https:\/\/www.babyelf.de\/index.php?rest_route=\/wp\/v2\/types\/product"}],"replies":[{"embeddable":true,"href":"https:\/\/www.babyelf.de\/index.php?rest_route=%2Fwp%2Fv2%2Fcomments&post=5395"}],"wp:featuredmedia":[{"embeddable":true,"href":"https:\/\/www.babyelf.de\/index.php?rest_route=\/wp\/v2\/media\/5396"}],"wp:attachment":[{"href":"https:\/\/www.babyelf.de\/index.php?rest_route=%2Fwp%2Fv2%2Fmedia&parent=5395"}],"wp:term":[{"taxonomy":"brand","embeddable":true,"href":"https:\/\/www.babyelf.de\/index.php?rest_route=%2Fwp%2Fv2%2Fetheme_brands&post=5395"},{"taxonomy":"product_cat","embeddable":true,"href":"https:\/\/www.babyelf.de\/index.php?rest_route=%2Fwp%2Fv2%2Fproduct_cat&post=5395"},{"taxonomy":"product_tag","embeddable":true,"href":"https:\/\/www.babyelf.de\/index.php?rest_route=%2Fwp%2Fv2%2Fproduct_tag&post=5395"}],"curies":[{"name":"wp","href":"https:\/\/api.w.org\/{rel}","templated":true}]}}