{"id":5290,"date":"2020-08-21T11:41:13","date_gmt":"2020-08-21T11:41:13","guid":{"rendered":"https:\/\/www.babyelf.de\/?product=abena-abri-form-premium-air-plus-windeln-m3"},"modified":"2026-01-16T09:02:01","modified_gmt":"2026-01-16T08:02:01","slug":"abena-abri-form-premium-air-plus-windeln-m3","status":"publish","type":"product","link":"https:\/\/www.babyelf.de\/?product=abena-abri-form-premium-air-plus-windeln-m3","title":{"rendered":"ABENA &#8211; ABRI FORM Premium, Air Plus, Windeln, M3"},"content":{"rendered":"<div class=\"disclaim\"> Gr\u00f6\u00dfe:<strong>M<\/strong> <\/div>\n<p> <!-- show up to 2 reviews by default --> <\/p>\n<h3>Produktbeschreibung<\/h3>\n<p>Abri Form ist ein voll umfassendes Sortiment von Inkontinenzprodukten f\u00fcr die mittlere bis sehr schwere Inkontinenz. Dieses Produkt wurde entwickelt, um einen optimalen Auslaufschutz, besonders bei hohen Anforderungen zu gew\u00e4hrleisten. Unsere Premium Serie bietet die h\u00f6chsten Qualit\u00e4tsmerkmale und eine kompromisslose Auswahl verschiedener Gr\u00f6\u00dfen und Saugleistungen. Details, wie Auslaufbarrieren an den Seiten und zum hinteren Ende des Produkts, unterstreichen die exzellente Funktionalit\u00e4t dieser Produktreihe. <\/p>\n<h3>Set enth\u00e4lt:<\/h3>\n<p>22 St\u00fcck <\/p>\n<p>F\u00fcr Mittlere bis schwere Inkontinenz<br \/>\nGew\u00e4hrleistet optimalen Auslaufschutz, besonders bei hohen Anforderungen<br \/>\nWird mit einem Klebestreifen in der Unterw\u00e4sche fixiert<br \/>\n<div class=\"main-cross-sell\" data-asin=\"B0054J2LGS\">\n\n\t<div class=\"WooZone-cross-sell-loader\">\n\t\t<div>\n\t\t\t<div id=\"floatingBarsG\">\n\t\t\t\t<div class=\"blockG\" id=\"rotateG_01\"><\/div>\n\t\t\t\t<div class=\"blockG\" id=\"rotateG_02\"><\/div>\n\t\t\t\t<div class=\"blockG\" id=\"rotateG_03\"><\/div>\n\t\t\t\t<div class=\"blockG\" id=\"rotateG_04\"><\/div>\n\t\t\t\t<div class=\"blockG\" id=\"rotateG_05\"><\/div>\n\t\t\t\t<div class=\"blockG\" id=\"rotateG_06\"><\/div>\n\t\t\t\t<div class=\"blockG\" id=\"rotateG_07\"><\/div>\n\t\t\t\t<div class=\"blockG\" id=\"rotateG_08\"><\/div>\n\t\t\t<\/div>\n\t\t\t<div class=\"WooZone-cross-sell-loader-text\"><\/div>\n\t\t<\/div>\n\t<\/div>\n\n\t\t\n<\/div>\n<div style=\"clear:both;\"><\/div>\n","protected":false},"excerpt":{"rendered":"<p>F\u00fcr Mittlere bis schwere Inkontinenz<br \/>\nGew\u00e4hrleistet optimalen Auslaufschutz, besonders bei hohen Anforderungen<br \/>\nWird mit einem Klebestreifen in der Unterw\u00e4sche fixiert<\/p>\n","protected":false},"featured_media":5291,"comment_status":"open","ping_status":"closed","template":"","meta":{"rs_blank_template":"","rs_page_bg_color":"","slide_template_v7":""},"etheme_brands":[],"product_cat":[27],"product_tag":[],"class_list":{"0":"post-5290","1":"product","2":"type-product","3":"status-publish","4":"has-post-thumbnail","6":"product_cat-windeln","7":"pa_brand-abena","9":"first","10":"instock","11":"shipping-taxable","12":"product-type-simple"},"_links":{"self":[{"href":"https:\/\/www.babyelf.de\/index.php?rest_route=\/wp\/v2\/product\/5290","targetHints":{"allow":["GET"]}}],"collection":[{"href":"https:\/\/www.babyelf.de\/index.php?rest_route=\/wp\/v2\/product"}],"about":[{"href":"https:\/\/www.babyelf.de\/index.php?rest_route=\/wp\/v2\/types\/product"}],"replies":[{"embeddable":true,"href":"https:\/\/www.babyelf.de\/index.php?rest_route=%2Fwp%2Fv2%2Fcomments&post=5290"}],"wp:featuredmedia":[{"embeddable":true,"href":"https:\/\/www.babyelf.de\/index.php?rest_route=\/wp\/v2\/media\/5291"}],"wp:attachment":[{"href":"https:\/\/www.babyelf.de\/index.php?rest_route=%2Fwp%2Fv2%2Fmedia&parent=5290"}],"wp:term":[{"taxonomy":"brand","embeddable":true,"href":"https:\/\/www.babyelf.de\/index.php?rest_route=%2Fwp%2Fv2%2Fetheme_brands&post=5290"},{"taxonomy":"product_cat","embeddable":true,"href":"https:\/\/www.babyelf.de\/index.php?rest_route=%2Fwp%2Fv2%2Fproduct_cat&post=5290"},{"taxonomy":"product_tag","embeddable":true,"href":"https:\/\/www.babyelf.de\/index.php?rest_route=%2Fwp%2Fv2%2Fproduct_tag&post=5290"}],"curies":[{"name":"wp","href":"https:\/\/api.w.org\/{rel}","templated":true}]}}