{"id":5282,"date":"2020-08-21T11:41:10","date_gmt":"2020-08-21T11:41:10","guid":{"rendered":"https:\/\/www.babyelf.de\/?product=dodot-trocken-baby-windeln-talla-6-132-panales"},"modified":"2026-01-16T09:02:01","modified_gmt":"2026-01-16T08:02:01","slug":"dodot-trocken-baby-windeln-talla-6-132-panales","status":"publish","type":"product","link":"https:\/\/www.babyelf.de\/?product=dodot-trocken-baby-windeln-talla-6-132-panales","title":{"rendered":"Dodot Trocken Baby Windeln Talla 6 (132 pa\u00f1ales)"},"content":{"rendered":"<p><!-- show up to 2 reviews by default --> <\/p>\n<p>Dodot Baby-Trocken ist die einzige Windel mit Luftkan\u00e4len und schafft Platz f\u00fcr die Luftzirkulation innerhalb der Windel, sodass das Kult trocken und die ganze Nacht bel\u00fcftet wird. (Gem\u00e4\u00df der folgenden Markenname) <\/p>\n<p>Dodot Babywindeln Gr\u00f6\u00dfe 6, 132 Windeln, der einzige Windel, mit Luftkan\u00e4le, 13 + kg<br \/>\nDodot Baby-Trockenwindel ist die einzige Windel mit Luftkan\u00e4le, die Platz schaffen, damit die Luft in der Windel zirkulieren und die ganze Nacht trockener und bel\u00fcftet wird.<br \/>\nLuftkan\u00e4le sorgen daf\u00fcr, dass die Luft im Windelbereich zirkuliert wird und die Atmungsaktivit\u00e4t erleichtert<br \/>\nDie Pipette ist von hunderten tausenden von saugf\u00e4higen Mikroperlen verpackt.<br \/>\nExpress Trockenschicht minimiert die Kontaktzeit der Pipine mit der Haut des Babys<br \/>\n<div class=\"main-cross-sell\" data-asin=\"B07N7Z2L26\">\n\n\t<div class=\"WooZone-cross-sell-loader\">\n\t\t<div>\n\t\t\t<div id=\"floatingBarsG\">\n\t\t\t\t<div class=\"blockG\" id=\"rotateG_01\"><\/div>\n\t\t\t\t<div class=\"blockG\" id=\"rotateG_02\"><\/div>\n\t\t\t\t<div class=\"blockG\" id=\"rotateG_03\"><\/div>\n\t\t\t\t<div class=\"blockG\" id=\"rotateG_04\"><\/div>\n\t\t\t\t<div class=\"blockG\" id=\"rotateG_05\"><\/div>\n\t\t\t\t<div class=\"blockG\" id=\"rotateG_06\"><\/div>\n\t\t\t\t<div class=\"blockG\" id=\"rotateG_07\"><\/div>\n\t\t\t\t<div class=\"blockG\" id=\"rotateG_08\"><\/div>\n\t\t\t<\/div>\n\t\t\t<div class=\"WooZone-cross-sell-loader-text\"><\/div>\n\t\t<\/div>\n\t<\/div>\n\n\t\t\n<\/div>\n<div style=\"clear:both;\"><\/div>\n","protected":false},"excerpt":{"rendered":"<p>Dodot Babywindeln Gr\u00f6\u00dfe 6, 132 Windeln, der einzige Windel, mit Luftkan\u00e4le, 13 + kg<br \/>\nDodot Baby-Trockenwindel ist die einzige Windel mit Luftkan\u00e4le, die Platz schaffen, damit die Luft in der Windel zirkulieren und die ganze Nacht trockener und bel\u00fcftet wird.<br \/>\nLuftkan\u00e4le sorgen daf\u00fcr, dass die Luft im Windelbereich zirkuliert wird und die Atmungsaktivit\u00e4t erleichtert<\/p>\n","protected":false},"featured_media":5283,"comment_status":"open","ping_status":"closed","template":"","meta":{"rs_blank_template":"","rs_page_bg_color":"","slide_template_v7":""},"etheme_brands":[],"product_cat":[27],"product_tag":[],"class_list":{"0":"post-5282","1":"product","2":"type-product","3":"status-publish","4":"has-post-thumbnail","6":"product_cat-windeln","7":"pa_brand-dodot","9":"first","10":"instock","11":"shipping-taxable","12":"product-type-simple"},"_links":{"self":[{"href":"https:\/\/www.babyelf.de\/index.php?rest_route=\/wp\/v2\/product\/5282","targetHints":{"allow":["GET"]}}],"collection":[{"href":"https:\/\/www.babyelf.de\/index.php?rest_route=\/wp\/v2\/product"}],"about":[{"href":"https:\/\/www.babyelf.de\/index.php?rest_route=\/wp\/v2\/types\/product"}],"replies":[{"embeddable":true,"href":"https:\/\/www.babyelf.de\/index.php?rest_route=%2Fwp%2Fv2%2Fcomments&post=5282"}],"wp:featuredmedia":[{"embeddable":true,"href":"https:\/\/www.babyelf.de\/index.php?rest_route=\/wp\/v2\/media\/5283"}],"wp:attachment":[{"href":"https:\/\/www.babyelf.de\/index.php?rest_route=%2Fwp%2Fv2%2Fmedia&parent=5282"}],"wp:term":[{"taxonomy":"brand","embeddable":true,"href":"https:\/\/www.babyelf.de\/index.php?rest_route=%2Fwp%2Fv2%2Fetheme_brands&post=5282"},{"taxonomy":"product_cat","embeddable":true,"href":"https:\/\/www.babyelf.de\/index.php?rest_route=%2Fwp%2Fv2%2Fproduct_cat&post=5282"},{"taxonomy":"product_tag","embeddable":true,"href":"https:\/\/www.babyelf.de\/index.php?rest_route=%2Fwp%2Fv2%2Fproduct_tag&post=5282"}],"curies":[{"name":"wp","href":"https:\/\/api.w.org\/{rel}","templated":true}]}}