{"id":5266,"date":"2020-08-21T11:41:04","date_gmt":"2020-08-21T11:41:04","guid":{"rendered":"https:\/\/www.babyelf.de\/?product=abena-abri-flex-premium-air-plus-fsc-windeln-s2"},"modified":"2026-01-16T09:01:50","modified_gmt":"2026-01-16T08:01:50","slug":"abena-abri-flex-premium-air-plus-fsc-windeln-s2","status":"publish","type":"product","link":"https:\/\/www.babyelf.de\/?product=abena-abri-flex-premium-air-plus-fsc-windeln-s2","title":{"rendered":"ABENA &#8211; ABRI FLEX Premium, Air Plus, FSC, Windeln, S2"},"content":{"rendered":"<div class=\"disclaim\"> Variante:<strong>2<\/strong> | Gr\u00f6\u00dfe:<strong>S<\/strong> <\/div>\n<p> <!-- show up to 2 reviews by default --> <\/p>\n<h3>Produktbeschreibung<\/h3>\n<p>Im Gegensatz zu anderen Produkten hat die neue Abena Inkontinenzhose mehr Lycrab\u00e4nder, welche eine h\u00f6here Elastizit\u00e4t, aber auch eine engere Passform und somit mehr Sicherheit und Diskretion gew\u00e4hrleisten. Die etwas ver\u00e4nderte Form der Abri Flex und die neue 3D &#8211; Kerntechnologie tragen ebenfalls dazu bei, den Alltag unbeschwert genie\u00dfen zu k\u00f6nnen, ohne die Furcht vor Leckagen. Die bekannten Premium Eigenschaften wie Top Dry, Hohe Seitenbarrieren, eine schnelle Sauggeschwindigkeit und Atmungsaktivit\u00e4t sind auch Teil dieser Produktreihe. <\/p>\n<h3>Set enth\u00e4lt:<\/h3>\n<p>14 St\u00fcck <\/p>\n<p>Mehr lycrab\u00e4nder gew\u00e4hren eine h\u00f6here Elastizit\u00e4t, aber auch eine engere Passform<br \/>\nTop Dry<br \/>\nAtmungsaktiv<br \/>\nSchnelle sauggeschwindigkeit<br \/>\nHohe seitenbarrieren<br \/>\n<div class=\"main-cross-sell\" data-asin=\"B00SEYMU7U\">\n\n\t<div class=\"WooZone-cross-sell-loader\">\n\t\t<div>\n\t\t\t<div id=\"floatingBarsG\">\n\t\t\t\t<div class=\"blockG\" id=\"rotateG_01\"><\/div>\n\t\t\t\t<div class=\"blockG\" id=\"rotateG_02\"><\/div>\n\t\t\t\t<div class=\"blockG\" id=\"rotateG_03\"><\/div>\n\t\t\t\t<div class=\"blockG\" id=\"rotateG_04\"><\/div>\n\t\t\t\t<div class=\"blockG\" id=\"rotateG_05\"><\/div>\n\t\t\t\t<div class=\"blockG\" id=\"rotateG_06\"><\/div>\n\t\t\t\t<div class=\"blockG\" id=\"rotateG_07\"><\/div>\n\t\t\t\t<div class=\"blockG\" id=\"rotateG_08\"><\/div>\n\t\t\t<\/div>\n\t\t\t<div class=\"WooZone-cross-sell-loader-text\"><\/div>\n\t\t<\/div>\n\t<\/div>\n\n\t\t\n<\/div>\n<div style=\"clear:both;\"><\/div>\n","protected":false},"excerpt":{"rendered":"<p>Mehr lycrab\u00e4nder gew\u00e4hren eine h\u00f6here Elastizit\u00e4t, aber auch eine engere Passform<br \/>\nTop Dry<br \/>\nAtmungsaktiv<\/p>\n","protected":false},"featured_media":5267,"comment_status":"open","ping_status":"closed","template":"","meta":{"rs_blank_template":"","rs_page_bg_color":"","slide_template_v7":""},"etheme_brands":[],"product_cat":[27],"product_tag":[],"class_list":{"0":"post-5266","1":"product","2":"type-product","3":"status-publish","4":"has-post-thumbnail","6":"product_cat-windeln","7":"pa_brand-abena","9":"first","10":"instock","11":"shipping-taxable","12":"product-type-simple"},"_links":{"self":[{"href":"https:\/\/www.babyelf.de\/index.php?rest_route=\/wp\/v2\/product\/5266","targetHints":{"allow":["GET"]}}],"collection":[{"href":"https:\/\/www.babyelf.de\/index.php?rest_route=\/wp\/v2\/product"}],"about":[{"href":"https:\/\/www.babyelf.de\/index.php?rest_route=\/wp\/v2\/types\/product"}],"replies":[{"embeddable":true,"href":"https:\/\/www.babyelf.de\/index.php?rest_route=%2Fwp%2Fv2%2Fcomments&post=5266"}],"wp:featuredmedia":[{"embeddable":true,"href":"https:\/\/www.babyelf.de\/index.php?rest_route=\/wp\/v2\/media\/5267"}],"wp:attachment":[{"href":"https:\/\/www.babyelf.de\/index.php?rest_route=%2Fwp%2Fv2%2Fmedia&parent=5266"}],"wp:term":[{"taxonomy":"brand","embeddable":true,"href":"https:\/\/www.babyelf.de\/index.php?rest_route=%2Fwp%2Fv2%2Fetheme_brands&post=5266"},{"taxonomy":"product_cat","embeddable":true,"href":"https:\/\/www.babyelf.de\/index.php?rest_route=%2Fwp%2Fv2%2Fproduct_cat&post=5266"},{"taxonomy":"product_tag","embeddable":true,"href":"https:\/\/www.babyelf.de\/index.php?rest_route=%2Fwp%2Fv2%2Fproduct_tag&post=5266"}],"curies":[{"name":"wp","href":"https:\/\/api.w.org\/{rel}","templated":true}]}}