{"id":5250,"date":"2020-08-21T11:40:57","date_gmt":"2020-08-21T11:40:57","guid":{"rendered":"https:\/\/www.babyelf.de\/?product=bambino-mio-wiederverwendbare-schwimmwindel-walfisch-s-0-6-monate"},"modified":"2026-01-16T09:01:50","modified_gmt":"2026-01-16T08:01:50","slug":"bambino-mio-wiederverwendbare-schwimmwindel-walfisch-s-0-6-monate","status":"publish","type":"product","link":"https:\/\/www.babyelf.de\/?product=bambino-mio-wiederverwendbare-schwimmwindel-walfisch-s-0-6-monate","title":{"rendered":"Bambino Mio, revolution\u00e4re wiederverwendbare Schwimmwindel f\u00fcr Babys und Kleinkinder, Jungen und M\u00e4dchen, Walfisch, S (&lt;6 Monate)"},"content":{"rendered":"<div class=\"disclaim\"> Gr\u00f6\u00dfe:<strong>S (0 &#8211; 6 Monate)<\/strong> | Farbe:<strong>Walfisch<\/strong> <\/div>\n<p> <!-- show up to 2 reviews by default --> <\/p>\n<h3>Produktbeschreibung<\/h3>\n<p>Dein Baby wird das stylischste Baby im Pool sein mit Bambino Mios preisgekr\u00f6nten wiederverwendbaren Schwimmwindeln! Perfekt f\u00fcr Pool und Urlaub! Es ist die einfachste Schwimmwindel, da keine zus\u00e4tzliche Windel mit diesem Produkt getragen werden muss. W\u00e4hle &amp; Mixe &#8211; kombiniere ein Outfit mit den Bambino Mio rashguards. Damit die Windeln lange genutzt werden k\u00f6nnen, empfehlt Bambino Mio sie bei bis zu 40\u00b0C zu waschen. Keine Chlorbleiche benutzen. Trocknen im W\u00e4schetrockner bei kalten\/niedrigen Temperaturen. Nicht b\u00fcgeln. Nach dem Nutzen aussp\u00fclen. Innen hergestellt aus: 80% Baumwolle, 20% Polyester mit Polyurethan-Beschichtung, Au\u00dfenmaterial: 100% Polyester; au\u00dfen: 100% Polyester. <\/p>\n<h3>Set enth\u00e4lt:<\/h3>\n<p>1 x schwimmwindel <\/p>\n<p>Die wasserfeste Au\u00dfenschicht und die auslaufsichere Verarbeitung der Beinpartien bieten deinem Baby Sicherheit im Wasser<br \/>\nHergestellt aus einem leichten Stoff, das dein Baby im Wasser nicht untergehen l\u00e4sst<br \/>\nGeeignet f\u00fcr Waschmaschine und W\u00e4schetrockner<br \/>\nErh\u00e4ltlich in 4 Gr\u00f6\u00dfen: 0-6 Monate, 6-12 Monate, 1-2 Jahre, 2+ Jahre<br \/>\n<div class=\"main-cross-sell\" data-asin=\"B07PKCWM8P\">\n\n\t<div class=\"WooZone-cross-sell-loader\">\n\t\t<div>\n\t\t\t<div id=\"floatingBarsG\">\n\t\t\t\t<div class=\"blockG\" id=\"rotateG_01\"><\/div>\n\t\t\t\t<div class=\"blockG\" id=\"rotateG_02\"><\/div>\n\t\t\t\t<div class=\"blockG\" id=\"rotateG_03\"><\/div>\n\t\t\t\t<div class=\"blockG\" id=\"rotateG_04\"><\/div>\n\t\t\t\t<div class=\"blockG\" id=\"rotateG_05\"><\/div>\n\t\t\t\t<div class=\"blockG\" id=\"rotateG_06\"><\/div>\n\t\t\t\t<div class=\"blockG\" id=\"rotateG_07\"><\/div>\n\t\t\t\t<div class=\"blockG\" id=\"rotateG_08\"><\/div>\n\t\t\t<\/div>\n\t\t\t<div class=\"WooZone-cross-sell-loader-text\"><\/div>\n\t\t<\/div>\n\t<\/div>\n\n\t\t\n<\/div>\n<div style=\"clear:both;\"><\/div>\n","protected":false},"excerpt":{"rendered":"<p>Die wasserfeste Au\u00dfenschicht und die auslaufsichere Verarbeitung der Beinpartien bieten deinem Baby Sicherheit im Wasser<br \/>\nHergestellt aus einem leichten Stoff, das dein Baby im Wasser nicht untergehen l\u00e4sst<br \/>\nGeeignet f\u00fcr Waschmaschine und W\u00e4schetrockner<\/p>\n","protected":false},"featured_media":5251,"comment_status":"open","ping_status":"closed","template":"","meta":{"rs_blank_template":"","rs_page_bg_color":"","slide_template_v7":""},"etheme_brands":[],"product_cat":[27],"product_tag":[],"class_list":{"0":"post-5250","1":"product","2":"type-product","3":"status-publish","4":"has-post-thumbnail","6":"product_cat-windeln","7":"pa_brand-bambino-mio","9":"first","10":"instock","11":"sale","12":"shipping-taxable","13":"purchasable","14":"product-type-simple"},"_links":{"self":[{"href":"https:\/\/www.babyelf.de\/index.php?rest_route=\/wp\/v2\/product\/5250","targetHints":{"allow":["GET"]}}],"collection":[{"href":"https:\/\/www.babyelf.de\/index.php?rest_route=\/wp\/v2\/product"}],"about":[{"href":"https:\/\/www.babyelf.de\/index.php?rest_route=\/wp\/v2\/types\/product"}],"replies":[{"embeddable":true,"href":"https:\/\/www.babyelf.de\/index.php?rest_route=%2Fwp%2Fv2%2Fcomments&post=5250"}],"wp:featuredmedia":[{"embeddable":true,"href":"https:\/\/www.babyelf.de\/index.php?rest_route=\/wp\/v2\/media\/5251"}],"wp:attachment":[{"href":"https:\/\/www.babyelf.de\/index.php?rest_route=%2Fwp%2Fv2%2Fmedia&parent=5250"}],"wp:term":[{"taxonomy":"brand","embeddable":true,"href":"https:\/\/www.babyelf.de\/index.php?rest_route=%2Fwp%2Fv2%2Fetheme_brands&post=5250"},{"taxonomy":"product_cat","embeddable":true,"href":"https:\/\/www.babyelf.de\/index.php?rest_route=%2Fwp%2Fv2%2Fproduct_cat&post=5250"},{"taxonomy":"product_tag","embeddable":true,"href":"https:\/\/www.babyelf.de\/index.php?rest_route=%2Fwp%2Fv2%2Fproduct_tag&post=5250"}],"curies":[{"name":"wp","href":"https:\/\/api.w.org\/{rel}","templated":true}]}}