{"id":5246,"date":"2020-08-21T11:40:56","date_gmt":"2020-08-21T11:40:56","guid":{"rendered":"https:\/\/www.babyelf.de\/?product=lines-baby-windeln-probepackung-s"},"modified":"2026-01-16T09:01:50","modified_gmt":"2026-01-16T08:01:50","slug":"lines-baby-windeln-probepackung-s","status":"publish","type":"product","link":"https:\/\/www.babyelf.de\/?product=lines-baby-windeln-probepackung-s","title":{"rendered":"Lines Baby Windeln Probepackung S"},"content":{"rendered":"<div class=\"disclaim\"> Variante:<strong>Probepackung<\/strong> | Gr\u00f6\u00dfe:<strong>S<\/strong> <\/div>\n<p> <!-- show up to 2 reviews by default --> <\/p>\n<p>Probieren Sie Ihr erstes Paket PANNOLINI LINES BABY kostenlos aus. Legen Sie das Testpaket in Ihren Warenkorb, geben Sie den Aktionscode &#8222;DRAGOTTO&#8220; ein und fahren Sie mit der kostenlosen Bestellung fort. &#8211; Betrieb g\u00fcltig ab 30. September 2019 bis zum letzten Lagerbestand Details der Aktion. Dragotto pr\u00e4sentiert die Windellinien Baby. Die besten Schutzlinien in einer einh\u00fcllenden Weichheit f\u00fcr die empfindliche Haut Ihres Babys. Linien Baby ist von Gr\u00f6\u00dfe s bis Gr\u00f6\u00dfe xl erh\u00e4ltlich: klein, entspricht Gr\u00f6\u00dfe 1 und 2, geeignet f\u00fcr S\u00e4uglinge von 2 bis 6 kg. Mittel, entspricht Gr\u00f6\u00dfe 3, geeignet f\u00fcr Kinder von 5 bis 9 kg. Gro\u00df, entspricht Gr\u00f6\u00dfe 4, geeignet f\u00fcr Kinder von 8 bis 16 kg. Extra gro\u00df, entspricht Gr\u00f6\u00dfe 5, geeignet f\u00fcr Kinder ab 15 kg. <\/p>\n<p>ist Montage erforderlich;nein<br \/>\nHerkunftsland: Italien<br \/>\n<div class=\"main-cross-sell\" data-asin=\"B07V3CFWX5\">\n\n\t<div class=\"WooZone-cross-sell-loader\">\n\t\t<div>\n\t\t\t<div id=\"floatingBarsG\">\n\t\t\t\t<div class=\"blockG\" id=\"rotateG_01\"><\/div>\n\t\t\t\t<div class=\"blockG\" id=\"rotateG_02\"><\/div>\n\t\t\t\t<div class=\"blockG\" id=\"rotateG_03\"><\/div>\n\t\t\t\t<div class=\"blockG\" id=\"rotateG_04\"><\/div>\n\t\t\t\t<div class=\"blockG\" id=\"rotateG_05\"><\/div>\n\t\t\t\t<div class=\"blockG\" id=\"rotateG_06\"><\/div>\n\t\t\t\t<div class=\"blockG\" id=\"rotateG_07\"><\/div>\n\t\t\t\t<div class=\"blockG\" id=\"rotateG_08\"><\/div>\n\t\t\t<\/div>\n\t\t\t<div class=\"WooZone-cross-sell-loader-text\"><\/div>\n\t\t<\/div>\n\t<\/div>\n\n\t\t\n<\/div>\n<div style=\"clear:both;\"><\/div>\n","protected":false},"excerpt":{"rendered":"<p>ist Montage erforderlich;nein<br \/>\nHerkunftsland: Italien<\/p>\n","protected":false},"featured_media":5247,"comment_status":"open","ping_status":"closed","template":"","meta":{"rs_blank_template":"","rs_page_bg_color":"","slide_template_v7":""},"etheme_brands":[],"product_cat":[27],"product_tag":[],"class_list":{"0":"post-5246","1":"product","2":"type-product","3":"status-publish","4":"has-post-thumbnail","6":"product_cat-windeln","7":"pa_brand-lines-baby","9":"first","10":"instock","11":"shipping-taxable","12":"product-type-simple"},"_links":{"self":[{"href":"https:\/\/www.babyelf.de\/index.php?rest_route=\/wp\/v2\/product\/5246","targetHints":{"allow":["GET"]}}],"collection":[{"href":"https:\/\/www.babyelf.de\/index.php?rest_route=\/wp\/v2\/product"}],"about":[{"href":"https:\/\/www.babyelf.de\/index.php?rest_route=\/wp\/v2\/types\/product"}],"replies":[{"embeddable":true,"href":"https:\/\/www.babyelf.de\/index.php?rest_route=%2Fwp%2Fv2%2Fcomments&post=5246"}],"wp:featuredmedia":[{"embeddable":true,"href":"https:\/\/www.babyelf.de\/index.php?rest_route=\/wp\/v2\/media\/5247"}],"wp:attachment":[{"href":"https:\/\/www.babyelf.de\/index.php?rest_route=%2Fwp%2Fv2%2Fmedia&parent=5246"}],"wp:term":[{"taxonomy":"brand","embeddable":true,"href":"https:\/\/www.babyelf.de\/index.php?rest_route=%2Fwp%2Fv2%2Fetheme_brands&post=5246"},{"taxonomy":"product_cat","embeddable":true,"href":"https:\/\/www.babyelf.de\/index.php?rest_route=%2Fwp%2Fv2%2Fproduct_cat&post=5246"},{"taxonomy":"product_tag","embeddable":true,"href":"https:\/\/www.babyelf.de\/index.php?rest_route=%2Fwp%2Fv2%2Fproduct_tag&post=5246"}],"curies":[{"name":"wp","href":"https:\/\/api.w.org\/{rel}","templated":true}]}}