{"id":5215,"date":"2020-08-21T11:40:39","date_gmt":"2020-08-21T11:40:39","guid":{"rendered":"https:\/\/www.babyelf.de\/?product=dodot-sensitive-windeln-280-unidad"},"modified":"2026-01-07T03:50:44","modified_gmt":"2026-01-07T02:50:44","slug":"dodot-sensitive-windeln-280-unidad","status":"publish","type":"product","link":"https:\/\/www.babyelf.de\/?product=dodot-sensitive-windeln-280-unidad","title":{"rendered":"Dodot Sensitive Windeln Talla 1 (280 Unidad)"},"content":{"rendered":"<div class=\"disclaim\"> Gr\u00f6\u00dfe:<strong>280 Unidad<\/strong> <\/div>\n<p> <!-- show up to 2 reviews by default --> <\/p>\n<p>Wickeln Sie Ihr Baby in den maximalen Schutz der Haut von Dodot. Dodot Sensitive ist weich wie eine Feder, deshalb sorgt sie f\u00fcr ein unglaubliches Gef\u00fchl von Weichheit f\u00fcr Ihre Haut. Dank der saugf\u00e4higen Cora-Soft-Beschichtung bietet sie maximale Absorption von Khaki und Pfeife von Dodot, w\u00e4hrend es gleichzeitig die Haut Ihres Babys v\u00f6llig zart pflegt. <\/p>\n<p>Dodot Sensitive Windeln, Gr\u00f6\u00dfe 1, 280 Windeln, 2-5 kg<br \/>\nWickeln Sie Ihr Baby in den maximalen Schutz der Dodot Haut; Dodot Sensitive ist weich wie eine Daune, dadurch bietet es ein unglaubliches Gef\u00fchl von Weichheit f\u00fcr Ihre Haut.<br \/>\nMaximaler Schutz der Haut von Dodot<br \/>\nWeich wie eine Feder durch ausgew\u00e4hlte Materialien pflegen die Haut Ihres Babys<br \/>\nCora-soft absorbierende Schicht sorgt f\u00fcr maximale Absorption von Dodot von Pipis und fl\u00fcssigen Kakes.<br \/>\n<div class=\"main-cross-sell\" data-asin=\"B07N7Z919D\">\n\n\t<div class=\"WooZone-cross-sell-loader\">\n\t\t<div>\n\t\t\t<div id=\"floatingBarsG\">\n\t\t\t\t<div class=\"blockG\" id=\"rotateG_01\"><\/div>\n\t\t\t\t<div class=\"blockG\" id=\"rotateG_02\"><\/div>\n\t\t\t\t<div class=\"blockG\" id=\"rotateG_03\"><\/div>\n\t\t\t\t<div class=\"blockG\" id=\"rotateG_04\"><\/div>\n\t\t\t\t<div class=\"blockG\" id=\"rotateG_05\"><\/div>\n\t\t\t\t<div class=\"blockG\" id=\"rotateG_06\"><\/div>\n\t\t\t\t<div class=\"blockG\" id=\"rotateG_07\"><\/div>\n\t\t\t\t<div class=\"blockG\" id=\"rotateG_08\"><\/div>\n\t\t\t<\/div>\n\t\t\t<div class=\"WooZone-cross-sell-loader-text\"><\/div>\n\t\t<\/div>\n\t<\/div>\n\n\t\t\n<\/div>\n<div style=\"clear:both;\"><\/div>\n","protected":false},"excerpt":{"rendered":"<p>Dodot Sensitive Windeln, Gr\u00f6\u00dfe 1, 280 Windeln, 2-5 kg<br \/>\nWickeln Sie Ihr Baby in den maximalen Schutz der Dodot Haut; Dodot Sensitive ist weich wie eine Daune, dadurch bietet es ein unglaubliches Gef\u00fchl von Weichheit f\u00fcr Ihre Haut.<br \/>\nMaximaler Schutz der Haut von Dodot<\/p>\n","protected":false},"featured_media":5216,"comment_status":"open","ping_status":"closed","template":"","meta":{"rs_blank_template":"","rs_page_bg_color":"","slide_template_v7":""},"etheme_brands":[],"product_cat":[27],"product_tag":[],"class_list":{"0":"post-5215","1":"product","2":"type-product","3":"status-publish","4":"has-post-thumbnail","6":"product_cat-windeln","7":"pa_brand-dodot","9":"first","10":"instock","11":"shipping-taxable","12":"product-type-simple"},"_links":{"self":[{"href":"https:\/\/www.babyelf.de\/index.php?rest_route=\/wp\/v2\/product\/5215","targetHints":{"allow":["GET"]}}],"collection":[{"href":"https:\/\/www.babyelf.de\/index.php?rest_route=\/wp\/v2\/product"}],"about":[{"href":"https:\/\/www.babyelf.de\/index.php?rest_route=\/wp\/v2\/types\/product"}],"replies":[{"embeddable":true,"href":"https:\/\/www.babyelf.de\/index.php?rest_route=%2Fwp%2Fv2%2Fcomments&post=5215"}],"wp:featuredmedia":[{"embeddable":true,"href":"https:\/\/www.babyelf.de\/index.php?rest_route=\/wp\/v2\/media\/5216"}],"wp:attachment":[{"href":"https:\/\/www.babyelf.de\/index.php?rest_route=%2Fwp%2Fv2%2Fmedia&parent=5215"}],"wp:term":[{"taxonomy":"brand","embeddable":true,"href":"https:\/\/www.babyelf.de\/index.php?rest_route=%2Fwp%2Fv2%2Fetheme_brands&post=5215"},{"taxonomy":"product_cat","embeddable":true,"href":"https:\/\/www.babyelf.de\/index.php?rest_route=%2Fwp%2Fv2%2Fproduct_cat&post=5215"},{"taxonomy":"product_tag","embeddable":true,"href":"https:\/\/www.babyelf.de\/index.php?rest_route=%2Fwp%2Fv2%2Fproduct_tag&post=5215"}],"curies":[{"name":"wp","href":"https:\/\/api.w.org\/{rel}","templated":true}]}}