{"id":5197,"date":"2020-08-21T11:40:29","date_gmt":"2020-08-21T11:40:29","guid":{"rendered":"https:\/\/www.babyelf.de\/?product=fetish-collection-windel-hoeschen-large-x-large-pink"},"modified":"2026-01-16T09:00:04","modified_gmt":"2026-01-16T08:00:04","slug":"fetish-collection-windel-hoeschen-large-x-large-pink","status":"publish","type":"product","link":"https:\/\/www.babyelf.de\/?product=fetish-collection-windel-hoeschen-large-x-large-pink","title":{"rendered":"Fetish Collection Windel H\u00f6schen, Large\/X-Large, Pink"},"content":{"rendered":"<p><!-- show up to 2 reviews by default --> <\/p>\n<p>Transparente Windel Slip, hat einen elastischen Taillenbund und elastischen um die Beine auch. Es gibt Druckkn\u00f6pfe zum \u00d6ffnen auf beiden Seiten. Mit einer Tasche im Schrittbereich f\u00fcr eine Slipeinlage (nicht im Lieferumfang enthalten). Farbe: Pink. 100% Polychlorid (Vinyl). <\/p>\n<p>Transparent Windel H\u00f6schen, die ein Dehnbund und elastischen um die Beine haben auch<br \/>\nDruckkn\u00f6pfen an beiden Seiten, es zu \u00f6ffnen<br \/>\nMit einer Tasche im Schrittbereich f\u00fcr eine Slipeinlage (nicht enthalten)<br \/>\nFarbe: Pink<br \/>\n100% Polychlorid (Vinyl)<br \/>\n<div class=\"main-cross-sell\" data-asin=\"B075FH8SHP\">\n\n\t<div class=\"WooZone-cross-sell-loader\">\n\t\t<div>\n\t\t\t<div id=\"floatingBarsG\">\n\t\t\t\t<div class=\"blockG\" id=\"rotateG_01\"><\/div>\n\t\t\t\t<div class=\"blockG\" id=\"rotateG_02\"><\/div>\n\t\t\t\t<div class=\"blockG\" id=\"rotateG_03\"><\/div>\n\t\t\t\t<div class=\"blockG\" id=\"rotateG_04\"><\/div>\n\t\t\t\t<div class=\"blockG\" id=\"rotateG_05\"><\/div>\n\t\t\t\t<div class=\"blockG\" id=\"rotateG_06\"><\/div>\n\t\t\t\t<div class=\"blockG\" id=\"rotateG_07\"><\/div>\n\t\t\t\t<div class=\"blockG\" id=\"rotateG_08\"><\/div>\n\t\t\t<\/div>\n\t\t\t<div class=\"WooZone-cross-sell-loader-text\"><\/div>\n\t\t<\/div>\n\t<\/div>\n\n\t\t\n<\/div>\n<div style=\"clear:both;\"><\/div>\n","protected":false},"excerpt":{"rendered":"<p>Transparent Windel H\u00f6schen, die ein Dehnbund und elastischen um die Beine haben auch<br \/>\nDruckkn\u00f6pfen an beiden Seiten, es zu \u00f6ffnen<br \/>\nMit einer Tasche im Schrittbereich f\u00fcr eine Slipeinlage (nicht enthalten)<\/p>\n","protected":false},"featured_media":5198,"comment_status":"open","ping_status":"closed","template":"","meta":{"rs_blank_template":"","rs_page_bg_color":"","slide_template_v7":""},"etheme_brands":[],"product_cat":[27],"product_tag":[],"class_list":{"0":"post-5197","1":"product","2":"type-product","3":"status-publish","4":"has-post-thumbnail","6":"product_cat-windeln","7":"pa_brand-fetish-collection","9":"first","10":"instock","11":"shipping-taxable","12":"product-type-simple"},"_links":{"self":[{"href":"https:\/\/www.babyelf.de\/index.php?rest_route=\/wp\/v2\/product\/5197","targetHints":{"allow":["GET"]}}],"collection":[{"href":"https:\/\/www.babyelf.de\/index.php?rest_route=\/wp\/v2\/product"}],"about":[{"href":"https:\/\/www.babyelf.de\/index.php?rest_route=\/wp\/v2\/types\/product"}],"replies":[{"embeddable":true,"href":"https:\/\/www.babyelf.de\/index.php?rest_route=%2Fwp%2Fv2%2Fcomments&post=5197"}],"wp:featuredmedia":[{"embeddable":true,"href":"https:\/\/www.babyelf.de\/index.php?rest_route=\/wp\/v2\/media\/5198"}],"wp:attachment":[{"href":"https:\/\/www.babyelf.de\/index.php?rest_route=%2Fwp%2Fv2%2Fmedia&parent=5197"}],"wp:term":[{"taxonomy":"brand","embeddable":true,"href":"https:\/\/www.babyelf.de\/index.php?rest_route=%2Fwp%2Fv2%2Fetheme_brands&post=5197"},{"taxonomy":"product_cat","embeddable":true,"href":"https:\/\/www.babyelf.de\/index.php?rest_route=%2Fwp%2Fv2%2Fproduct_cat&post=5197"},{"taxonomy":"product_tag","embeddable":true,"href":"https:\/\/www.babyelf.de\/index.php?rest_route=%2Fwp%2Fv2%2Fproduct_tag&post=5197"}],"curies":[{"name":"wp","href":"https:\/\/api.w.org\/{rel}","templated":true}]}}