{"id":5149,"date":"2020-08-21T11:37:08","date_gmt":"2020-08-21T11:37:08","guid":{"rendered":"https:\/\/www.babyelf.de\/?product=hipp-babysanft-windeln-maxi-4-jumbo"},"modified":"2026-01-27T13:47:37","modified_gmt":"2026-01-27T12:47:37","slug":"hipp-babysanft-windeln-maxi-4-jumbo","status":"publish","type":"product","link":"https:\/\/www.babyelf.de\/?product=hipp-babysanft-windeln-maxi-4-jumbo","title":{"rendered":"HiPP Babysanft Windeln Maxi 4 Jumbo, 66 St\u00fcck"},"content":{"rendered":"<div class=\"disclaim\"> Variante:<strong>Jumbopack<\/strong> | Gr\u00f6\u00dfe:<strong>Gr\u00f6\u00dfe: 4<\/strong> <\/div>\n<p> <!-- show up to 2 reviews by default --> <\/p>\n<h3>Produktbeschreibung<\/h3>\n<p>Weil sensible Haut besonders weiche Windeln braucht, halten die HiPP Babysanft Extra Weiche Windeln Ihr Baby nicht nur zuverl\u00e4ssig trocken, sondern sind auch besonders hautschonend. So ist Ihr kleiner Liebling Tag und Nacht weich und trocken gewickelt. Mit Hebammen entwickelt um Allergierisiken von Anfang an zu minimieren. Die HiPP Babysanft Windeln sind Frei von Parfum, Lotion, Chlor (TCF) und Naturlatex. Mit Passformverschluss: die Gitterhaken haften an jeder Stelle der Windeloberfl\u00e4che zur flexiblen Anpassung an Beinchen und B\u00e4uchlein. Mit N\u00e4sseindikator, Nabelschutz-Ausschnitt und langem Saugkern f\u00fcr optimale Trockenheit. Vertr\u00e4glichkeit klinisch\u2010dermatologisch getestet. <\/p>\n<h3>Anschrift Hersteller\/Importeur<\/h3>\n<p>D-85273 PFAFFENHOFEN <\/p>\n<p>Extra Weiche Windel, atmungsaktiv und besonders hautvertr\u00e4glich. Ideal f\u00fcr empfindliche Haut. Mit Hebammen entwickelt<br \/>\nFrei von Lotion und entwickelt um Allergierisiken von Anfang an zu minimieren: Frei von Parfum, Chlor (TCF) und Naturlatex. Vertr\u00e4glichkeit klinisch\u2010dermatologisch getestet<br \/>\nH\u00e4lt zuverl\u00e4ssig trocken &#8211; Tag und Nacht bis zu 12 Stunden. Mit Konfektionsgr\u00f6\u00dfe als Orientierungshilfe<br \/>\nMit Passformverschluss zur flexiblen Anpassung an Beinchen und B\u00e4uchlein, Balancekan\u00e4len und extra langem Saugkern f\u00fcr optimale Trockenheit<br \/>\nRessourcenschonende und klimaneutrale Produktion. Zellstoff aus nachhaltigen Quellen. Mit \u00d6kostrom produziert. Kurze Transportwege, da hergestellt in Deutschland. Blauer Engel &amp; OEKO-TEX zertifiziert<br \/>\n<div class=\"main-cross-sell\" data-asin=\"B07P3MV94Z\">\n\n\t<div class=\"WooZone-cross-sell-loader\">\n\t\t<div>\n\t\t\t<div id=\"floatingBarsG\">\n\t\t\t\t<div class=\"blockG\" id=\"rotateG_01\"><\/div>\n\t\t\t\t<div class=\"blockG\" id=\"rotateG_02\"><\/div>\n\t\t\t\t<div class=\"blockG\" id=\"rotateG_03\"><\/div>\n\t\t\t\t<div class=\"blockG\" id=\"rotateG_04\"><\/div>\n\t\t\t\t<div class=\"blockG\" id=\"rotateG_05\"><\/div>\n\t\t\t\t<div class=\"blockG\" id=\"rotateG_06\"><\/div>\n\t\t\t\t<div class=\"blockG\" id=\"rotateG_07\"><\/div>\n\t\t\t\t<div class=\"blockG\" id=\"rotateG_08\"><\/div>\n\t\t\t<\/div>\n\t\t\t<div class=\"WooZone-cross-sell-loader-text\"><\/div>\n\t\t<\/div>\n\t<\/div>\n\n\t\t\n<\/div>\n<div style=\"clear:both;\"><\/div>\n","protected":false},"excerpt":{"rendered":"<p>Extra Weiche Windel, atmungsaktiv und besonders hautvertr\u00e4glich. Ideal f\u00fcr empfindliche Haut. Mit Hebammen entwickelt<br \/>\nFrei von Lotion und entwickelt um Allergierisiken von Anfang an zu minimieren: Frei von Parfum, Chlor (TCF) und Naturlatex. Vertr\u00e4glichkeit klinisch\u2010dermatologisch getestet<br \/>\nH\u00e4lt zuverl\u00e4ssig trocken &#8211; Tag und Nacht bis zu 12 Stunden. Mit Konfektionsgr\u00f6\u00dfe als Orientierungshilfe<\/p>\n","protected":false},"featured_media":5150,"comment_status":"open","ping_status":"closed","template":"","meta":{"rs_blank_template":"","rs_page_bg_color":"","slide_template_v7":""},"etheme_brands":[],"product_cat":[27],"product_tag":[],"class_list":{"0":"post-5149","1":"product","2":"type-product","3":"status-publish","4":"has-post-thumbnail","6":"product_cat-windeln","7":"pa_brand-hipp","9":"first","10":"instock","11":"shipping-taxable","12":"product-type-simple"},"_links":{"self":[{"href":"https:\/\/www.babyelf.de\/index.php?rest_route=\/wp\/v2\/product\/5149","targetHints":{"allow":["GET"]}}],"collection":[{"href":"https:\/\/www.babyelf.de\/index.php?rest_route=\/wp\/v2\/product"}],"about":[{"href":"https:\/\/www.babyelf.de\/index.php?rest_route=\/wp\/v2\/types\/product"}],"replies":[{"embeddable":true,"href":"https:\/\/www.babyelf.de\/index.php?rest_route=%2Fwp%2Fv2%2Fcomments&post=5149"}],"wp:featuredmedia":[{"embeddable":true,"href":"https:\/\/www.babyelf.de\/index.php?rest_route=\/wp\/v2\/media\/5150"}],"wp:attachment":[{"href":"https:\/\/www.babyelf.de\/index.php?rest_route=%2Fwp%2Fv2%2Fmedia&parent=5149"}],"wp:term":[{"taxonomy":"brand","embeddable":true,"href":"https:\/\/www.babyelf.de\/index.php?rest_route=%2Fwp%2Fv2%2Fetheme_brands&post=5149"},{"taxonomy":"product_cat","embeddable":true,"href":"https:\/\/www.babyelf.de\/index.php?rest_route=%2Fwp%2Fv2%2Fproduct_cat&post=5149"},{"taxonomy":"product_tag","embeddable":true,"href":"https:\/\/www.babyelf.de\/index.php?rest_route=%2Fwp%2Fv2%2Fproduct_tag&post=5149"}],"curies":[{"name":"wp","href":"https:\/\/api.w.org\/{rel}","templated":true}]}}