{"id":5097,"date":"2020-08-21T11:36:44","date_gmt":"2020-08-21T11:36:44","guid":{"rendered":"https:\/\/www.babyelf.de\/?product=sensalou-inkontinenz-windeln-erwachsene-maenner-frauen-groesse-m-22-windelhosen"},"modified":"2026-01-28T10:04:25","modified_gmt":"2026-01-28T09:04:25","slug":"sensalou-inkontinenz-windeln-erwachsene-maenner-frauen-groesse-m-22-windelhosen","status":"publish","type":"product","link":"https:\/\/www.babyelf.de\/?product=sensalou-inkontinenz-windeln-erwachsene-maenner-frauen-groesse-m-22-windelhosen","title":{"rendered":"Sensalou Inkontinenz-Erwachsenen-Windeln Gr\u00f6\u00dfe M (22 Stk) M\u00e4nner Frauen &#8211; Windel-Hosen Pants f\u00fcr Erwachsene Senioren Tag Nacht"},"content":{"rendered":"<div class=\"disclaim\"> Menge:<strong>22<\/strong> <\/div>\n<p> <!-- show up to 2 reviews by default --> <\/p>\n<p>Verwenden Sie die Sensalou Windelhosen bei starker bis sehr starker Blasenschw\u00e4che bzw. Inkontinenz. Dank des hohen Tragekomfort lassen sie sich bequem wie ein herk\u00f6mmlicher Slip tragen.<\/p>\n<p> Der breite und \u00e4u\u00dferst elastische Bund sorgt f\u00fcr einen sicheren Halt und die wasserdichten B\u00fcndchen am Beinabschluss f\u00fcr einen auslaufsicheren Schutz.<\/p>\n<p> Das angenehme und weiche Material ist latexfrei, absolut atmungsaktiv, schonend zu lhrer Haut und verhindert W\u00e4rmestau und Hautreizungen.<\/p>\n<p> Ein doppelter Saugkern mit Superabsorber wandelt den Urin in ein Gel um und h\u00e4lt ihn sicher fest.<\/p>\n<p> Bewegungsger\u00e4usche werden durch die textil\u00e4hnliche Oberfl\u00e4che minimiert, so dass Sie auch in der \u00d6ffentlichkeit entspannt am Leben teilhaben k\u00f6nnen. <\/p>\n<p> Nach der Verwendung k\u00f6nnen die Inkontinenzpants zum hygienschen Wechsel einfach auf der Seite aufgerissen werden. <\/p>\n<p> Hoher Auslaufschutz durch sichere Auslaufsperren <br \/> Unvergleichlicher Tragekomfort dank extra breitem und hochelastischem H\u00fcftbund <br \/> Besonders weiche, textil\u00e4hnliche Oberfl\u00e4che im Inneren f\u00fcr eine gesunde Haut <br \/> Absolut atmungsaktiv &#8211; verhindert W\u00e4rmestau und Hautreizungen<br \/> Latexfrei<br \/> Diskrete und ger\u00e4uscharme Anwendung<br \/> Klebeband zum zusammenrollen nach der Benutzung<br \/> Geruchsneutralisierend dank eigens entwickeltem, neuen Superabsorber Saugkern<\/p>\n<p>Gr. M Medium &#8211; 22 St\u00fcck Pull On Inkontinenzwindeln wei\u00df f\u00fcr Damen und Herren. Original Maxi Dry Plus<br \/>\nSuper saugf\u00e4hige Einmalhosen bei starker bis sehr starker Blasenschw\u00e4che. Tragbar wie Unterw\u00e4sche<br \/>\nSicherer Auslaufschutz! Bleiben Sie aktiv und fit und sch\u00fctzen Sie sich vor Bettn\u00e4ssen in der Nacht<br \/>\nAtmungsaktive H\u00f6schenwindeln neutralisieren den Geruch von Urin und sind diskret wie eine Unterhose<br \/>\nErwachsenen Adult Windel f\u00fcr Senioren, Mann und Frau, beim Sport und als Hilfsmittel in der Pflege<br \/>\n<div class=\"main-cross-sell\" data-asin=\"B07X3XWH1M\">\n\n\t<div class=\"WooZone-cross-sell-loader\">\n\t\t<div>\n\t\t\t<div id=\"floatingBarsG\">\n\t\t\t\t<div class=\"blockG\" id=\"rotateG_01\"><\/div>\n\t\t\t\t<div class=\"blockG\" id=\"rotateG_02\"><\/div>\n\t\t\t\t<div class=\"blockG\" id=\"rotateG_03\"><\/div>\n\t\t\t\t<div class=\"blockG\" id=\"rotateG_04\"><\/div>\n\t\t\t\t<div class=\"blockG\" id=\"rotateG_05\"><\/div>\n\t\t\t\t<div class=\"blockG\" id=\"rotateG_06\"><\/div>\n\t\t\t\t<div class=\"blockG\" id=\"rotateG_07\"><\/div>\n\t\t\t\t<div class=\"blockG\" id=\"rotateG_08\"><\/div>\n\t\t\t<\/div>\n\t\t\t<div class=\"WooZone-cross-sell-loader-text\"><\/div>\n\t\t<\/div>\n\t<\/div>\n\n\t\t\n<\/div>\n<div style=\"clear:both;\"><\/div>\n","protected":false},"excerpt":{"rendered":"<p>Gr. M Medium &#8211; 22 St\u00fcck Pull On Inkontinenzwindeln wei\u00df f\u00fcr Damen und Herren. Original Maxi Dry Plus<br \/>\nSuper saugf\u00e4hige Einmalhosen bei starker bis sehr starker Blasenschw\u00e4che. Tragbar wie Unterw\u00e4sche<br \/>\nSicherer Auslaufschutz! Bleiben Sie aktiv und fit und sch\u00fctzen Sie sich vor Bettn\u00e4ssen in der Nacht<\/p>\n","protected":false},"featured_media":5098,"comment_status":"open","ping_status":"closed","template":"","meta":{"rs_blank_template":"","rs_page_bg_color":"","slide_template_v7":""},"etheme_brands":[],"product_cat":[27],"product_tag":[],"class_list":{"0":"post-5097","1":"product","2":"type-product","3":"status-publish","4":"has-post-thumbnail","6":"product_cat-windeln","7":"pa_brand-sensalou","9":"first","10":"instock","11":"shipping-taxable","12":"product-type-simple"},"_links":{"self":[{"href":"https:\/\/www.babyelf.de\/index.php?rest_route=\/wp\/v2\/product\/5097","targetHints":{"allow":["GET"]}}],"collection":[{"href":"https:\/\/www.babyelf.de\/index.php?rest_route=\/wp\/v2\/product"}],"about":[{"href":"https:\/\/www.babyelf.de\/index.php?rest_route=\/wp\/v2\/types\/product"}],"replies":[{"embeddable":true,"href":"https:\/\/www.babyelf.de\/index.php?rest_route=%2Fwp%2Fv2%2Fcomments&post=5097"}],"wp:featuredmedia":[{"embeddable":true,"href":"https:\/\/www.babyelf.de\/index.php?rest_route=\/wp\/v2\/media\/5098"}],"wp:attachment":[{"href":"https:\/\/www.babyelf.de\/index.php?rest_route=%2Fwp%2Fv2%2Fmedia&parent=5097"}],"wp:term":[{"taxonomy":"brand","embeddable":true,"href":"https:\/\/www.babyelf.de\/index.php?rest_route=%2Fwp%2Fv2%2Fetheme_brands&post=5097"},{"taxonomy":"product_cat","embeddable":true,"href":"https:\/\/www.babyelf.de\/index.php?rest_route=%2Fwp%2Fv2%2Fproduct_cat&post=5097"},{"taxonomy":"product_tag","embeddable":true,"href":"https:\/\/www.babyelf.de\/index.php?rest_route=%2Fwp%2Fv2%2Fproduct_tag&post=5097"}],"curies":[{"name":"wp","href":"https:\/\/api.w.org\/{rel}","templated":true}]}}