{"id":5081,"date":"2020-08-21T11:36:38","date_gmt":"2020-08-21T11:36:38","guid":{"rendered":"https:\/\/www.babyelf.de\/?product=pampers-aqua-pure-feuchttuecher-18-packungen-18-x-48-stueck"},"modified":"2026-01-16T09:37:26","modified_gmt":"2026-01-16T08:37:26","slug":"pampers-aqua-pure-feuchttuecher-18-packungen-18-x-48-stueck","status":"publish","type":"product","link":"https:\/\/www.babyelf.de\/?product=pampers-aqua-pure-feuchttuecher-18-packungen-18-x-48-stueck","title":{"rendered":"Pampers Harmonie New Baby Feuchtt\u00fccher, Aqua Pure, 864 T\u00fccher (18 x 48), Alte Version"},"content":{"rendered":"<div class=\"disclaim\"> Gr\u00f6\u00dfe:<strong>3-Monats-Pack<\/strong> <\/div>\n<p> <!-- show up to 2 reviews by default --> <\/p>\n<h3>Produktbeschreibung<\/h3>\n<\/p>\n<p>Pampers Aqua Pure Feuchtt\u00fccher \u2013 mit 99% purem Wasser und Bio-Baumwolle \u2013 bieten Schutz f\u00fcr die zarte Babyhaut. Sie sind parf\u00fcm- und alkoholfrei. Die restlichen 1 % bestehen aus dermatologisch getesteten milden Inhaltsstoffen mit dem bew\u00e4hrten pH-Ausgleich von Pampers. Dieser stellt den nat\u00fcrlichen pH-Wert der Babyhaut wieder her und sch\u00fctzt vor Reizungen. Die Aqua Pure Feuchtt\u00fccher sind sicher f\u00fcr die Haut von Neugeborenen \u2013 geeignet f\u00fcr empfindliche Bereiche wie Po, H\u00e4nde und Gesicht.<\/p>\n<\/p>\n<h3>Inhaltsstoffe \/ Zutaten<\/h3>\n<p>Aqua Pure Feuchtt\u00fccher <\/p>\n<div data-a-expander-name=\"toggle_description\" class=\"a-row a-expander-container a-expander-extend-container\">\n<div class=\"a-expander-content a-expander-extend-content\">\n<h3>Anschrift Hersteller\/Importeur<\/h3>\n<p>Sulzbacher Str. 40, 65824 Schwalbach <\/p>\n<\/p><\/div>\n<p> <a href=\"void(0)\" data-action=\"a-expander-toggle\" class=\"a-expander-header a-declarative a-expander-extend-header\" data-a-expander-toggle=\"{\"><i class=\"a-icon a-icon-extender-expand\"><\/i><span class=\"a-expander-prompt\">Weitere Informationen<\/span><\/a> <\/div>\n<p>Enthalten 99% pures Wasser f\u00fcr eine sanfte Reinigung der Babyhaut<br \/>\nHergestellt mit Bio-Baumwolle, die sich federweich auf Babys Haut anf\u00fchlt-0% Alkohol, 0% Parf\u00fcm<br \/>\nDie restlichen 1% bestehen aus dermatologisch getesteten milden Inhaltsstoffen mit dem bew\u00e4hrten pH-Ausgleich von Pampers, der die Babyhaut vor Reizungen sch\u00fctzt<br \/>\nPampers Aqua Pure Feuchtt\u00fccher wurden speziell f\u00fcr den Schutz zarter Babyhaut entwickelt<br \/>\nWollen Sie mehr \u00fcber unsere Bestandteile erfahren? Besuchen Sie uns auf unsere Website<br \/>\n<div class=\"main-cross-sell\" data-asin=\"B07C6HRYXN\">\n\n\t<div class=\"WooZone-cross-sell-loader\">\n\t\t<div>\n\t\t\t<div id=\"floatingBarsG\">\n\t\t\t\t<div class=\"blockG\" id=\"rotateG_01\"><\/div>\n\t\t\t\t<div class=\"blockG\" id=\"rotateG_02\"><\/div>\n\t\t\t\t<div class=\"blockG\" id=\"rotateG_03\"><\/div>\n\t\t\t\t<div class=\"blockG\" id=\"rotateG_04\"><\/div>\n\t\t\t\t<div class=\"blockG\" id=\"rotateG_05\"><\/div>\n\t\t\t\t<div class=\"blockG\" id=\"rotateG_06\"><\/div>\n\t\t\t\t<div class=\"blockG\" id=\"rotateG_07\"><\/div>\n\t\t\t\t<div class=\"blockG\" id=\"rotateG_08\"><\/div>\n\t\t\t<\/div>\n\t\t\t<div class=\"WooZone-cross-sell-loader-text\"><\/div>\n\t\t<\/div>\n\t<\/div>\n\n\t\t\n<\/div>\n<div style=\"clear:both;\"><\/div>\n","protected":false},"excerpt":{"rendered":"<p>Enthalten 99% pures Wasser f\u00fcr eine sanfte Reinigung der Babyhaut<br \/>\nHergestellt mit Bio-Baumwolle, die sich federweich auf Babys Haut anf\u00fchlt-0% Alkohol, 0% Parf\u00fcm<br \/>\nDie restlichen 1% bestehen aus dermatologisch getesteten milden Inhaltsstoffen mit dem bew\u00e4hrten pH-Ausgleich von Pampers, der die Babyhaut vor Reizungen sch\u00fctzt<\/p>\n","protected":false},"featured_media":5082,"comment_status":"open","ping_status":"closed","template":"","meta":{"rs_blank_template":"","rs_page_bg_color":"","slide_template_v7":""},"etheme_brands":[],"product_cat":[27],"product_tag":[],"class_list":{"0":"post-5081","1":"product","2":"type-product","3":"status-publish","4":"has-post-thumbnail","6":"product_cat-windeln","7":"pa_brand-pampers","9":"first","10":"instock","11":"shipping-taxable","12":"product-type-simple"},"_links":{"self":[{"href":"https:\/\/www.babyelf.de\/index.php?rest_route=\/wp\/v2\/product\/5081","targetHints":{"allow":["GET"]}}],"collection":[{"href":"https:\/\/www.babyelf.de\/index.php?rest_route=\/wp\/v2\/product"}],"about":[{"href":"https:\/\/www.babyelf.de\/index.php?rest_route=\/wp\/v2\/types\/product"}],"replies":[{"embeddable":true,"href":"https:\/\/www.babyelf.de\/index.php?rest_route=%2Fwp%2Fv2%2Fcomments&post=5081"}],"wp:featuredmedia":[{"embeddable":true,"href":"https:\/\/www.babyelf.de\/index.php?rest_route=\/wp\/v2\/media\/5082"}],"wp:attachment":[{"href":"https:\/\/www.babyelf.de\/index.php?rest_route=%2Fwp%2Fv2%2Fmedia&parent=5081"}],"wp:term":[{"taxonomy":"brand","embeddable":true,"href":"https:\/\/www.babyelf.de\/index.php?rest_route=%2Fwp%2Fv2%2Fetheme_brands&post=5081"},{"taxonomy":"product_cat","embeddable":true,"href":"https:\/\/www.babyelf.de\/index.php?rest_route=%2Fwp%2Fv2%2Fproduct_cat&post=5081"},{"taxonomy":"product_tag","embeddable":true,"href":"https:\/\/www.babyelf.de\/index.php?rest_route=%2Fwp%2Fv2%2Fproduct_tag&post=5081"}],"curies":[{"name":"wp","href":"https:\/\/api.w.org\/{rel}","templated":true}]}}