{"id":5018,"date":"2020-08-21T11:36:09","date_gmt":"2020-08-21T11:36:09","guid":{"rendered":"https:\/\/www.babyelf.de\/?product=pampers-baby-dry-pants-groesse-6-84-windeln"},"modified":"2026-01-16T08:58:54","modified_gmt":"2026-01-16T07:58:54","slug":"pampers-baby-dry-pants-groesse-6-84-windeln","status":"publish","type":"product","link":"https:\/\/www.babyelf.de\/?product=pampers-baby-dry-pants-groesse-6-84-windeln","title":{"rendered":"Pampers Baby-Dry Pants Gr\u00f6\u00dfe 5, 96 Windeln"},"content":{"rendered":"<div class=\"disclaim\"> Gr\u00f6\u00dfe:<strong>Gr\u00f6\u00dfe: 6<\/strong> | Z\u00e4hlung:<strong>84<\/strong> <\/div>\n<p> <!-- show up to 2 reviews by default --> <\/p>\n<h3>Produktbeschreibung<\/h3>\n<p>Ihr Baby wird mit der Zeit immer aktiver und f\u00e4ngt an davon zu krabbeln, sodass es schwierig wird, die Windeln anzuziehen. Dann ist es an der Zeit f\u00fcr Pampers Baby-Dry Pants. Pampers Baby-Dry Pants lassen sich durch die aufrei\u00dfbaren Seitenb\u00fcndchen einfach an- und ausziehen. Die praktische Passform passt sich den Bewegungen Ihres Babys an und bietet angenehmen Komfort. Luftkan\u00e4le lassen die Luft in der Windel zirkulieren f\u00fcr bis zu 12 Stunden atmungsaktive Trockenheit. Mit den Pampers Baby-Dry Pants k\u00f6nnen Sie Ihr Baby jederzeit ganz einfach wickeln, auch wenn es munter durch die Gegend krabbelt. <\/p>\n<h3>Anschrift Hersteller\/Importeur<\/h3>\n<p>Sulzbacher Str. 40, 65824 Schwalbach <\/p>\n<p>Pampers Baby-Dry Pants lassen sich ganz einfach an- und ausziehen: Einfach die Seiten aufrei\u00dfen<br \/>\nLuftkan\u00e4le lassen die Luft in der Windel zirkulieren f\u00fcr bis zu 12 Stunden atmungsaktiver Trockenheit<br \/>\nSaugkr\u00e4ftige Micro Pearls absorbieren die Feuchtigkeit und schlie\u00dfen sie ein<br \/>\n<div class=\"main-cross-sell\" data-asin=\"B07HRYFJWY\">\n\n\t<div class=\"WooZone-cross-sell-loader\">\n\t\t<div>\n\t\t\t<div id=\"floatingBarsG\">\n\t\t\t\t<div class=\"blockG\" id=\"rotateG_01\"><\/div>\n\t\t\t\t<div class=\"blockG\" id=\"rotateG_02\"><\/div>\n\t\t\t\t<div class=\"blockG\" id=\"rotateG_03\"><\/div>\n\t\t\t\t<div class=\"blockG\" id=\"rotateG_04\"><\/div>\n\t\t\t\t<div class=\"blockG\" id=\"rotateG_05\"><\/div>\n\t\t\t\t<div class=\"blockG\" id=\"rotateG_06\"><\/div>\n\t\t\t\t<div class=\"blockG\" id=\"rotateG_07\"><\/div>\n\t\t\t\t<div class=\"blockG\" id=\"rotateG_08\"><\/div>\n\t\t\t<\/div>\n\t\t\t<div class=\"WooZone-cross-sell-loader-text\"><\/div>\n\t\t<\/div>\n\t<\/div>\n\n\t\t\n<\/div>\n<div style=\"clear:both;\"><\/div>\n","protected":false},"excerpt":{"rendered":"<p>Pampers Baby-Dry Pants lassen sich ganz einfach an- und ausziehen: Einfach die Seiten aufrei\u00dfen<br \/>\nLuftkan\u00e4le lassen die Luft in der Windel zirkulieren f\u00fcr bis zu 12 Stunden atmungsaktiver Trockenheit<br \/>\nSaugkr\u00e4ftige Micro Pearls absorbieren die Feuchtigkeit und schlie\u00dfen sie ein<\/p>\n","protected":false},"featured_media":5019,"comment_status":"open","ping_status":"closed","template":"","meta":{"rs_blank_template":"","rs_page_bg_color":"","slide_template_v7":""},"etheme_brands":[],"product_cat":[27],"product_tag":[],"class_list":{"0":"post-5018","1":"product","2":"type-product","3":"status-publish","4":"has-post-thumbnail","6":"product_cat-windeln","7":"pa_brand-pampers","9":"first","10":"instock","11":"shipping-taxable","12":"product-type-simple"},"_links":{"self":[{"href":"https:\/\/www.babyelf.de\/index.php?rest_route=\/wp\/v2\/product\/5018","targetHints":{"allow":["GET"]}}],"collection":[{"href":"https:\/\/www.babyelf.de\/index.php?rest_route=\/wp\/v2\/product"}],"about":[{"href":"https:\/\/www.babyelf.de\/index.php?rest_route=\/wp\/v2\/types\/product"}],"replies":[{"embeddable":true,"href":"https:\/\/www.babyelf.de\/index.php?rest_route=%2Fwp%2Fv2%2Fcomments&post=5018"}],"wp:featuredmedia":[{"embeddable":true,"href":"https:\/\/www.babyelf.de\/index.php?rest_route=\/wp\/v2\/media\/5019"}],"wp:attachment":[{"href":"https:\/\/www.babyelf.de\/index.php?rest_route=%2Fwp%2Fv2%2Fmedia&parent=5018"}],"wp:term":[{"taxonomy":"brand","embeddable":true,"href":"https:\/\/www.babyelf.de\/index.php?rest_route=%2Fwp%2Fv2%2Fetheme_brands&post=5018"},{"taxonomy":"product_cat","embeddable":true,"href":"https:\/\/www.babyelf.de\/index.php?rest_route=%2Fwp%2Fv2%2Fproduct_cat&post=5018"},{"taxonomy":"product_tag","embeddable":true,"href":"https:\/\/www.babyelf.de\/index.php?rest_route=%2Fwp%2Fv2%2Fproduct_tag&post=5018"}],"curies":[{"name":"wp","href":"https:\/\/api.w.org\/{rel}","templated":true}]}}