{"id":4957,"date":"2020-08-21T11:17:18","date_gmt":"2020-08-21T11:17:18","guid":{"rendered":"https:\/\/www.babyelf.de\/?product=fc-bayern-muenchen-schnuller-2er-set-6-16-monate"},"modified":"2026-01-16T09:37:15","modified_gmt":"2026-01-16T08:37:15","slug":"fc-bayern-muenchen-schnuller-2er-set-6-16-monate","status":"publish","type":"product","link":"https:\/\/www.babyelf.de\/?product=fc-bayern-muenchen-schnuller-2er-set-6-16-monate","title":{"rendered":"FC Bayern M\u00fcnchen Schnuller |Alter 6-16 Monate | 2er-Set | Baby"},"content":{"rendered":"<p>&#x2705; VEREINSTREU: Kiefergerechter, symmetrischer Sauger des FC Bayern im praktischen 2er Set ist f\u00fcr Babys von 6-16 Monate<br \/>\n&#x2705; PRAKTISCH: Symmetrisches Schnullerschild &#8211; somit immer richtig herum im Mund- gro\u00dfz\u00fcgige Luftl\u00f6cher, abgerundetes Schnullerschild und Noppen auf der Innenseite<br \/>\n&#x2705; INKLUSIVE: Sterilisier-Transportbox zum einfachen, schnellen Sterilisieren in der Mikrowelle &#8211; ohne Zusatzger\u00e4t &#8211; sowie zur hygienischen Aufbewahrung<br \/>\n&#x2705; WEITERE FEATURES: Der MAM Original Silikon 6-16 Monate entspricht der Norm EN 1400<br \/>\n&#x2705; MATERIAL: Schnullerschild: Tritan; Greifknopf: Polypropylen (PP); Saugteil: spezielles MAM SkinSoft Silikon<br \/>\n<div class=\"main-cross-sell\" data-asin=\"B07GPGBQGD\">\n\n\t<div class=\"WooZone-cross-sell-loader\">\n\t\t<div>\n\t\t\t<div id=\"floatingBarsG\">\n\t\t\t\t<div class=\"blockG\" id=\"rotateG_01\"><\/div>\n\t\t\t\t<div class=\"blockG\" id=\"rotateG_02\"><\/div>\n\t\t\t\t<div class=\"blockG\" id=\"rotateG_03\"><\/div>\n\t\t\t\t<div class=\"blockG\" id=\"rotateG_04\"><\/div>\n\t\t\t\t<div class=\"blockG\" id=\"rotateG_05\"><\/div>\n\t\t\t\t<div class=\"blockG\" id=\"rotateG_06\"><\/div>\n\t\t\t\t<div class=\"blockG\" id=\"rotateG_07\"><\/div>\n\t\t\t\t<div class=\"blockG\" id=\"rotateG_08\"><\/div>\n\t\t\t<\/div>\n\t\t\t<div class=\"WooZone-cross-sell-loader-text\"><\/div>\n\t\t<\/div>\n\t<\/div>\n\n\t\t\n<\/div>\n<div style=\"clear:both;\"><\/div>\n","protected":false},"excerpt":{"rendered":"<p>&#x2705; VEREINSTREU: Kiefergerechter, symmetrischer Sauger des FC Bayern im praktischen 2er Set ist f\u00fcr Babys von 6-16 Monate<br \/>\n&#x2705; PRAKTISCH: Symmetrisches Schnullerschild &#8211; somit immer richtig herum im Mund- gro\u00dfz\u00fcgige Luftl\u00f6cher, abgerundetes Schnullerschild und Noppen auf der Innenseite<br \/>\n&#x2705; INKLUSIVE: Sterilisier-Transportbox zum einfachen, schnellen Sterilisieren in der Mikrowelle &#8211; ohne Zusatzger\u00e4t &#8211; sowie zur hygienischen Aufbewahrung<\/p>\n","protected":false},"featured_media":4958,"comment_status":"open","ping_status":"closed","template":"","meta":{"rs_blank_template":"","rs_page_bg_color":"","slide_template_v7":""},"etheme_brands":[],"product_cat":[26],"product_tag":[],"class_list":{"0":"post-4957","1":"product","2":"type-product","3":"status-publish","4":"has-post-thumbnail","6":"product_cat-schnuller","7":"pa_brand-fc-bayern-muenchen","9":"first","10":"instock","11":"shipping-taxable","12":"product-type-simple"},"_links":{"self":[{"href":"https:\/\/www.babyelf.de\/index.php?rest_route=\/wp\/v2\/product\/4957","targetHints":{"allow":["GET"]}}],"collection":[{"href":"https:\/\/www.babyelf.de\/index.php?rest_route=\/wp\/v2\/product"}],"about":[{"href":"https:\/\/www.babyelf.de\/index.php?rest_route=\/wp\/v2\/types\/product"}],"replies":[{"embeddable":true,"href":"https:\/\/www.babyelf.de\/index.php?rest_route=%2Fwp%2Fv2%2Fcomments&post=4957"}],"wp:featuredmedia":[{"embeddable":true,"href":"https:\/\/www.babyelf.de\/index.php?rest_route=\/wp\/v2\/media\/4958"}],"wp:attachment":[{"href":"https:\/\/www.babyelf.de\/index.php?rest_route=%2Fwp%2Fv2%2Fmedia&parent=4957"}],"wp:term":[{"taxonomy":"brand","embeddable":true,"href":"https:\/\/www.babyelf.de\/index.php?rest_route=%2Fwp%2Fv2%2Fetheme_brands&post=4957"},{"taxonomy":"product_cat","embeddable":true,"href":"https:\/\/www.babyelf.de\/index.php?rest_route=%2Fwp%2Fv2%2Fproduct_cat&post=4957"},{"taxonomy":"product_tag","embeddable":true,"href":"https:\/\/www.babyelf.de\/index.php?rest_route=%2Fwp%2Fv2%2Fproduct_tag&post=4957"}],"curies":[{"name":"wp","href":"https:\/\/api.w.org\/{rel}","templated":true}]}}