{"id":4904,"date":"2020-08-21T11:16:55","date_gmt":"2020-08-21T11:16:55","guid":{"rendered":"https:\/\/www.babyelf.de\/?product=mam-style-schnuller-ab-der-geburt-sterilisierbarem-reisebehaelter-blau"},"modified":"2026-01-16T09:37:15","modified_gmt":"2026-01-16T08:37:15","slug":"mam-style-schnuller-ab-der-geburt-sterilisierbarem-reisebehaelter-blau","status":"publish","type":"product","link":"https:\/\/www.babyelf.de\/?product=mam-style-schnuller-ab-der-geburt-sterilisierbarem-reisebehaelter-blau","title":{"rendered":"MAM I Love Mama und Papa Schnuller 0-6 Monate (2er Pack), Baby Schnuller mit selbststerilisierendem Reiseetui, Newborn Essentials, Blau (Designs k\u00f6nnen variieren)"},"content":{"rendered":"<p>Packung enth\u00e4lt 2 blaue Schnuller welche f\u00fcr Babys ab der Geburt geeignet sind<br \/>\nMAMs patentierte seiden Sauger aus extrem weichem Silikon<br \/>\nAnatomisch korrekte Sauger erlauben eine gesunde Entwicklung der Z\u00e4hne und des Kiefers<br \/>\nEin gebogenes Schild f\u00fcr Komfort und Luftl\u00f6cher und eine spezielle Oberfl\u00e4che auf der Innenseite des Schilds sorgen f\u00fcr keinerlei Hautirritationen<br \/>\nDie Schnuller werden in einer kompplett sterilisierbaren Tasche versendet<br \/>\n<div class=\"main-cross-sell\" data-asin=\"B009ETFSCI\">\n\n\t<div class=\"WooZone-cross-sell-loader\">\n\t\t<div>\n\t\t\t<div id=\"floatingBarsG\">\n\t\t\t\t<div class=\"blockG\" id=\"rotateG_01\"><\/div>\n\t\t\t\t<div class=\"blockG\" id=\"rotateG_02\"><\/div>\n\t\t\t\t<div class=\"blockG\" id=\"rotateG_03\"><\/div>\n\t\t\t\t<div class=\"blockG\" id=\"rotateG_04\"><\/div>\n\t\t\t\t<div class=\"blockG\" id=\"rotateG_05\"><\/div>\n\t\t\t\t<div class=\"blockG\" id=\"rotateG_06\"><\/div>\n\t\t\t\t<div class=\"blockG\" id=\"rotateG_07\"><\/div>\n\t\t\t\t<div class=\"blockG\" id=\"rotateG_08\"><\/div>\n\t\t\t<\/div>\n\t\t\t<div class=\"WooZone-cross-sell-loader-text\"><\/div>\n\t\t<\/div>\n\t<\/div>\n\n\t\t\n<\/div>\n<div style=\"clear:both;\"><\/div>\n","protected":false},"excerpt":{"rendered":"<p>Packung enth\u00e4lt 2 blaue Schnuller welche f\u00fcr Babys ab der Geburt geeignet sind<br \/>\nMAMs patentierte seiden Sauger aus extrem weichem Silikon<br \/>\nAnatomisch korrekte Sauger erlauben eine gesunde Entwicklung der Z\u00e4hne und des Kiefers<\/p>\n","protected":false},"featured_media":4905,"comment_status":"open","ping_status":"closed","template":"","meta":{"rs_blank_template":"","rs_page_bg_color":"","slide_template_v7":""},"etheme_brands":[],"product_cat":[26],"product_tag":[],"class_list":{"0":"post-4904","1":"product","2":"type-product","3":"status-publish","4":"has-post-thumbnail","6":"product_cat-schnuller","7":"pa_brand-globalbaby","9":"first","10":"instock","11":"shipping-taxable","12":"product-type-simple"},"_links":{"self":[{"href":"https:\/\/www.babyelf.de\/index.php?rest_route=\/wp\/v2\/product\/4904","targetHints":{"allow":["GET"]}}],"collection":[{"href":"https:\/\/www.babyelf.de\/index.php?rest_route=\/wp\/v2\/product"}],"about":[{"href":"https:\/\/www.babyelf.de\/index.php?rest_route=\/wp\/v2\/types\/product"}],"replies":[{"embeddable":true,"href":"https:\/\/www.babyelf.de\/index.php?rest_route=%2Fwp%2Fv2%2Fcomments&post=4904"}],"wp:featuredmedia":[{"embeddable":true,"href":"https:\/\/www.babyelf.de\/index.php?rest_route=\/wp\/v2\/media\/4905"}],"wp:attachment":[{"href":"https:\/\/www.babyelf.de\/index.php?rest_route=%2Fwp%2Fv2%2Fmedia&parent=4904"}],"wp:term":[{"taxonomy":"brand","embeddable":true,"href":"https:\/\/www.babyelf.de\/index.php?rest_route=%2Fwp%2Fv2%2Fetheme_brands&post=4904"},{"taxonomy":"product_cat","embeddable":true,"href":"https:\/\/www.babyelf.de\/index.php?rest_route=%2Fwp%2Fv2%2Fproduct_cat&post=4904"},{"taxonomy":"product_tag","embeddable":true,"href":"https:\/\/www.babyelf.de\/index.php?rest_route=%2Fwp%2Fv2%2Fproduct_tag&post=4904"}],"curies":[{"name":"wp","href":"https:\/\/api.w.org\/{rel}","templated":true}]}}