{"id":4727,"date":"2020-08-21T11:15:41","date_gmt":"2020-08-21T11:15:41","guid":{"rendered":"https:\/\/www.babyelf.de\/?product=mam-perfect-schnuller-18-m-nacht-2-stueck-zufaelliges-modell"},"modified":"2026-01-16T08:43:25","modified_gmt":"2026-01-16T07:43:25","slug":"mam-perfect-schnuller-18-m-nacht-2-stueck-zufaelliges-modell","status":"publish","type":"product","link":"https:\/\/www.babyelf.de\/?product=mam-perfect-schnuller-18-m-nacht-2-stueck-zufaelliges-modell","title":{"rendered":"MAM Perfect Night Schnuller \u2013 18 + Monate \u2013 ultraweiches Silikon \u2013 Set mit 2 Schnuller und Sterilisationsbox \u2013 zuf\u00e4llige Farbe"},"content":{"rendered":"<p><!-- show up to 2 reviews by default --> <\/p>\n<p>Die Mama Schnuller sind mit Hilfe von Kinder\u00e4rzten und Zahn\u00e4rzten entworfen, um die Physiologie des Babys zu respektieren und auf ihren nat\u00fcrlichen Saugreflexen zu reagieren. &#8211; Neuer Genuss. Reduziert schlechte Positionierung der Z\u00e4hne &#8211; anatomisch geformter Silikonschnuller &#8211; Der patentierte seidige und extra weiche Sauger f\u00fchlt sich angenehm an der Haut an. &#8211; Ab 18 Monaten + Mam: Lieferung in einer Transport- und Sterilisationsbox. Dieses Modell wird vom Hersteller als zuf\u00e4lliges Sortiment aus verschiedenen Modellen und\/oder Farben geliefert. Es ist daher unm\u00f6glich, Ihnen ein bestimmtes Modell und\/oder eine bestimmte Farbe zu liefern. Das Modell wird je nach Verf\u00fcgbarkeit ausgew\u00e4hlt. Vielen Dank f\u00fcr Ihr Verst\u00e4ndnis. Dieses Modell wird vom Hersteller als zuf\u00e4lliges Sortiment aus verschiedenen Modellen und\/oder Farben geliefert. Es ist daher unm\u00f6glich, Ihnen ein bestimmtes Modell und\/oder eine bestimmte Farbe zu liefern. Das Modell wird je nach Verf\u00fcgbarkeit ausgew\u00e4hlt. Vielen Dank f\u00fcr Ihr Verst\u00e4ndnis. <\/p>\n<p>Schnuller der neuen Generation, entworfen, um die falsche Positionierung der Z\u00e4hne zu reduzieren.<br \/>\nAnatomisch geformter Silikon-Schnuller<br \/>\nPatentierte, hautfreundliche Tterelle<br \/>\nLieferung in Transport- und Sterilisationsbox<br \/>\nAb 18 Monaten<br \/>\n<div class=\"main-cross-sell\" data-asin=\"B01MUVK7KB\">\n\n\t<div class=\"WooZone-cross-sell-loader\">\n\t\t<div>\n\t\t\t<div id=\"floatingBarsG\">\n\t\t\t\t<div class=\"blockG\" id=\"rotateG_01\"><\/div>\n\t\t\t\t<div class=\"blockG\" id=\"rotateG_02\"><\/div>\n\t\t\t\t<div class=\"blockG\" id=\"rotateG_03\"><\/div>\n\t\t\t\t<div class=\"blockG\" id=\"rotateG_04\"><\/div>\n\t\t\t\t<div class=\"blockG\" id=\"rotateG_05\"><\/div>\n\t\t\t\t<div class=\"blockG\" id=\"rotateG_06\"><\/div>\n\t\t\t\t<div class=\"blockG\" id=\"rotateG_07\"><\/div>\n\t\t\t\t<div class=\"blockG\" id=\"rotateG_08\"><\/div>\n\t\t\t<\/div>\n\t\t\t<div class=\"WooZone-cross-sell-loader-text\"><\/div>\n\t\t<\/div>\n\t<\/div>\n\n\t\t\n<\/div>\n<div style=\"clear:both;\"><\/div>\n","protected":false},"excerpt":{"rendered":"<p>Schnuller der neuen Generation, entworfen, um die falsche Positionierung der Z\u00e4hne zu reduzieren.<br \/>\nAnatomisch geformter Silikon-Schnuller<br \/>\nPatentierte, hautfreundliche Tterelle<\/p>\n","protected":false},"featured_media":4728,"comment_status":"open","ping_status":"closed","template":"","meta":{"rs_blank_template":"","rs_page_bg_color":"","slide_template_v7":""},"etheme_brands":[],"product_cat":[26],"product_tag":[],"class_list":{"0":"post-4727","1":"product","2":"type-product","3":"status-publish","4":"has-post-thumbnail","6":"product_cat-schnuller","7":"pa_brand-mam","9":"first","10":"instock","11":"shipping-taxable","12":"product-type-simple"},"_links":{"self":[{"href":"https:\/\/www.babyelf.de\/index.php?rest_route=\/wp\/v2\/product\/4727","targetHints":{"allow":["GET"]}}],"collection":[{"href":"https:\/\/www.babyelf.de\/index.php?rest_route=\/wp\/v2\/product"}],"about":[{"href":"https:\/\/www.babyelf.de\/index.php?rest_route=\/wp\/v2\/types\/product"}],"replies":[{"embeddable":true,"href":"https:\/\/www.babyelf.de\/index.php?rest_route=%2Fwp%2Fv2%2Fcomments&post=4727"}],"wp:featuredmedia":[{"embeddable":true,"href":"https:\/\/www.babyelf.de\/index.php?rest_route=\/wp\/v2\/media\/4728"}],"wp:attachment":[{"href":"https:\/\/www.babyelf.de\/index.php?rest_route=%2Fwp%2Fv2%2Fmedia&parent=4727"}],"wp:term":[{"taxonomy":"brand","embeddable":true,"href":"https:\/\/www.babyelf.de\/index.php?rest_route=%2Fwp%2Fv2%2Fetheme_brands&post=4727"},{"taxonomy":"product_cat","embeddable":true,"href":"https:\/\/www.babyelf.de\/index.php?rest_route=%2Fwp%2Fv2%2Fproduct_cat&post=4727"},{"taxonomy":"product_tag","embeddable":true,"href":"https:\/\/www.babyelf.de\/index.php?rest_route=%2Fwp%2Fv2%2Fproduct_tag&post=4727"}],"curies":[{"name":"wp","href":"https:\/\/api.w.org\/{rel}","templated":true}]}}