{"id":4580,"date":"2020-08-21T10:27:49","date_gmt":"2020-08-21T10:27:49","guid":{"rendered":"https:\/\/www.babyelf.de\/?product=philips-avent-klassik-design-schnuller-6-18-monate-scf169-37-doppelpack-jungen-wal-pinguin"},"modified":"2026-01-16T08:43:13","modified_gmt":"2026-01-16T07:43:13","slug":"philips-avent-klassik-design-schnuller-6-18-monate-scf169-37-doppelpack-jungen-wal-pinguin","status":"publish","type":"product","link":"https:\/\/www.babyelf.de\/?product=philips-avent-klassik-design-schnuller-6-18-monate-scf169-37-doppelpack-jungen-wal-pinguin","title":{"rendered":"Philips AVENT SCF169\/37 Schnuller Klassik Sea, 6-18 Monate, f\u00fcr Jungen, blau"},"content":{"rendered":"<div class=\"disclaim\"> Farbe:<strong>Wal\/Pinguin<\/strong> <\/div>\n<p> <!-- show up to 2 reviews by default --> <\/p>\n<h3>Produktbeschreibung<\/h3>\n<p>Die flache, tropfenf\u00f6rmige und symmetrisch Form des Klassik Design Schnullers von Philips Avent ber\u00fccksichtigt die nat\u00fcrliche Entwicklung von Gaumen, Z\u00e4hnen und Zahnfleisch Ihres Babys, auch wenn der Sauger verkehrt herum im Mund liegt. Zwei L\u00f6cher im Saugerschild sorgen f\u00fcr eine optimale Luftzirkulation f\u00fcr mehr Komfort und zum Schutz zarter Babyhaut. Der Philips Avent Klassik Design Schnuller ist BPFA-frei sowie geschmacks- und geruchsneutral und wird daher von Ihrem Baby leichter angenommen. Der Sicherheitring hilft bei einfacher Entnahme des Schnullers. F\u00fcr noch mehr Hygienie beinhlatet der Schnuller eine Schutzkappe f\u00fcr den einfachen und sicheren Transport unterwegs. Zudem ist der Schnuller sp\u00fclmaschinenfest und kann sterilisiert werden. <\/p>\n<h3>Set enth\u00e4lt:<\/h3>\n<p>2x Schnuller, 2x Schutzkappe <\/p>\n<p>Kiefergerecht geformter Sauger: liegt immer richtig herum im Mund<br \/>\nZwei L\u00f6cher im Saugerschild sorgen f\u00fcr eine optimale Luftzirkulation<br \/>\nEinfache Entnahme dank Sicherheitsring<br \/>\nGeruchs- und geschmacksneutrale sowie BPA-frei<br \/>\nMehr Hygiene f\u00fcr unterwegs dank Schutzkappe<br \/>\n<div class=\"main-cross-sell\" data-asin=\"B01NC1X2LM\">\n\n\t<div class=\"WooZone-cross-sell-loader\">\n\t\t<div>\n\t\t\t<div id=\"floatingBarsG\">\n\t\t\t\t<div class=\"blockG\" id=\"rotateG_01\"><\/div>\n\t\t\t\t<div class=\"blockG\" id=\"rotateG_02\"><\/div>\n\t\t\t\t<div class=\"blockG\" id=\"rotateG_03\"><\/div>\n\t\t\t\t<div class=\"blockG\" id=\"rotateG_04\"><\/div>\n\t\t\t\t<div class=\"blockG\" id=\"rotateG_05\"><\/div>\n\t\t\t\t<div class=\"blockG\" id=\"rotateG_06\"><\/div>\n\t\t\t\t<div class=\"blockG\" id=\"rotateG_07\"><\/div>\n\t\t\t\t<div class=\"blockG\" id=\"rotateG_08\"><\/div>\n\t\t\t<\/div>\n\t\t\t<div class=\"WooZone-cross-sell-loader-text\"><\/div>\n\t\t<\/div>\n\t<\/div>\n\n\t\t\n<\/div>\n<div style=\"clear:both;\"><\/div>\n","protected":false},"excerpt":{"rendered":"<p>Kiefergerecht geformter Sauger: liegt immer richtig herum im Mund<br \/>\nZwei L\u00f6cher im Saugerschild sorgen f\u00fcr eine optimale Luftzirkulation<br \/>\nEinfache Entnahme dank Sicherheitsring<\/p>\n","protected":false},"featured_media":4581,"comment_status":"open","ping_status":"closed","template":"","meta":{"rs_blank_template":"","rs_page_bg_color":"","slide_template_v7":""},"etheme_brands":[],"product_cat":[26],"product_tag":[],"class_list":{"0":"post-4580","1":"product","2":"type-product","3":"status-publish","4":"has-post-thumbnail","6":"product_cat-schnuller","7":"pa_brand-philips-avent","9":"first","10":"instock","11":"shipping-taxable","12":"product-type-simple"},"_links":{"self":[{"href":"https:\/\/www.babyelf.de\/index.php?rest_route=\/wp\/v2\/product\/4580","targetHints":{"allow":["GET"]}}],"collection":[{"href":"https:\/\/www.babyelf.de\/index.php?rest_route=\/wp\/v2\/product"}],"about":[{"href":"https:\/\/www.babyelf.de\/index.php?rest_route=\/wp\/v2\/types\/product"}],"replies":[{"embeddable":true,"href":"https:\/\/www.babyelf.de\/index.php?rest_route=%2Fwp%2Fv2%2Fcomments&post=4580"}],"wp:featuredmedia":[{"embeddable":true,"href":"https:\/\/www.babyelf.de\/index.php?rest_route=\/wp\/v2\/media\/4581"}],"wp:attachment":[{"href":"https:\/\/www.babyelf.de\/index.php?rest_route=%2Fwp%2Fv2%2Fmedia&parent=4580"}],"wp:term":[{"taxonomy":"brand","embeddable":true,"href":"https:\/\/www.babyelf.de\/index.php?rest_route=%2Fwp%2Fv2%2Fetheme_brands&post=4580"},{"taxonomy":"product_cat","embeddable":true,"href":"https:\/\/www.babyelf.de\/index.php?rest_route=%2Fwp%2Fv2%2Fproduct_cat&post=4580"},{"taxonomy":"product_tag","embeddable":true,"href":"https:\/\/www.babyelf.de\/index.php?rest_route=%2Fwp%2Fv2%2Fproduct_tag&post=4580"}],"curies":[{"name":"wp","href":"https:\/\/api.w.org\/{rel}","templated":true}]}}