{"id":4547,"date":"2020-08-21T10:27:33","date_gmt":"2020-08-21T10:27:33","guid":{"rendered":"https:\/\/www.babyelf.de\/?product=nuk-trendline-night-day-schnuller-mit-leuchteffekt-18-36-monate-silikon-bpa-frei-blau-2-stueck"},"modified":"2026-01-16T08:30:16","modified_gmt":"2026-01-16T07:30:16","slug":"nuk-trendline-night-day-schnuller-mit-leuchteffekt-18-36-monate-silikon-bpa-frei-blau-2-stueck","status":"publish","type":"product","link":"https:\/\/www.babyelf.de\/?product=nuk-trendline-night-day-schnuller-mit-leuchteffekt-18-36-monate-silikon-bpa-frei-blau-2-stueck","title":{"rendered":"Nuk Trendline Night &amp; Day Schnuller mit Leuchteffekt, 18-36 Monate, Silikon, BPA-frei, Blau, 2 St\u00fcck"},"content":{"rendered":"<p><!-- show up to 2 reviews by default --> <\/p>\n<h3>Produktbeschreibung<\/h3>\n<p>Der Nuk Night &amp; Day Trendline Silikon-Schnuller: der weiblichen Brust beim Stillen nachempfunden F\u00fcr unsere Kleinen gibt es Tag f\u00fcr Tag viele spannende Abenteuer zu entdecken. Der Schnuller ist dabei ein verl\u00e4sslicher Freund, der dem Baby Geborgenheit schenkt und es beruhigt. Egal ob fremde Gesichter, fremde Ger\u00e4usche oder fremde Umgebungen das Kleine beunruhigt haben, durch das vertraute und instinktive Nuckeln am Schnuller wird es sich schnell wieder entspannen. Um diesen Wohlf\u00fchlfaktor immer weiter zu optimieren, hat Nuk, Erfinder des kiefergerechten Schnullers, die Originalform jetzt noch besser gemacht. Sie ist der weiblichen Brust beim Stillen nachempfunden, die sich optimal in den Mund einf\u00fcgt, wenn das Baby daran nuckelt. Das Besondere an diesem Schnuller: Er ist besonders d\u00fcnn und schmal, um den Druck auf Z\u00e4hne und Kiefer zu verringern. Das flache Lutschteil und die glatte Unterseite sorgen f\u00fcr ein angenehmes Mundgef\u00fchl und geben der Zunge viel Freiraum f\u00fcr die nat\u00fcrliche Saugbewegung. Nuk Schnuller passen sich dem kindlichen Gaumen optimal an und werden daher von Babys besonders schnell angenommen*. So sorgen sie f\u00fcr Entspannung bei Babys und ihren Eltern. Von Experten empfohlen: die Nuk Schnuller beruhigen so gut wie nie zuvor Da uns die gesunde Gesamtentwicklung des Babys besonders am Herzen liegt, m\u00f6chten wir, dass jedes Nuk Baby einen naturnahen und kiefergerechten Schnuller bekommt. Durch die Weiterentwicklung der kiefergerechten Nuk Originalform nach neuesten medizinischen Erkenntnissen beruhigt der Nuk Schnuller so gut wie nie zuvor, denn aufgrund der vertrauten Form nehmen auch gestillte Babys diesen Schnuller gut an. Stillende M\u00fctter haben uns best\u00e4tigt, dass der Nuk Schnuller das Stillen nicht beeintr\u00e4chtigt*. So sorgt er auch bei frischgebackenen Mamas einige Zeit f\u00fcr Entspannung und Ruhe. Dar\u00fcber hinaus verursachen Nuk Schnuller keine Zahn- und Kieferfehlstellungen. Daf\u00fcr sorgt das schmale, flache und d\u00fcnne Lutschteil. Es minimiert den Druck auf die kleinen Z\u00e4hnchen und den Kiefer und l\u00e4sst der Zunge genug Freiraum f\u00fcr die nat\u00fcrliche Saugbewegung. Ein Grund mehr weshalb der Nuk Schnuller von Hebammen, Kinder\u00e4rzten und Kieferorthop\u00e4den gleicherma\u00dfen gesch\u00e4tzt und empfohlen wird. Auch Testergebnisse sprechen eindeutig f\u00fcr den Schnuller: so best\u00e4tigen 100%** der befragten Kieferorthop\u00e4den, dass die Nuk Schnuller keine Kiefer- oder Zahnfehlstellungen verursachen, 95%* der Babys akzeptieren den Nuk Schnuller, 90%* der M\u00fctter empfehlen ihn weiter und 92%* der stillenden M\u00fctter best\u00e4tigen, dass der Nuk Schnuller das Stillen nicht beeintr\u00e4chtigt. * Unabh\u00e4ngige Marktforschung, 307 M\u00fctter, Deutschland 2017 ** Unabh\u00e4ngige Marktforschung, 50 Kieferorthop\u00e4den, 50 Kinder\u00e4rzte und 50 Hebammen (repr\u00e4sentativ ausgew\u00e4hlt), Deutschland 2017 Der Nachhaltigkeit zu Liebe: Nuk Schnuller mit EN Verpackung Nachhaltigkeit wird bei uns gro\u00dfgeschrieben. Wir m\u00f6chten Eltern die M\u00f6glichkeit geben unsere Verpackung nach dem Auspacken weiter zu verwenden, statt sie F jeder Nuk Schnuller kommt daher nun in einer stabilen, wiederverwendbaren Box, die den Schnuller sauber h\u00e4lt und sch\u00fctzt \u2013 vor allem f\u00fcr unterwegs eine ideale L\u00f6sung um Babys liebsten Begleiter vor Schmutz und N\u00e4sse zu bewahren. Der Nuk Night &amp; Day Trendline Silikon-Schnuller \u2013 die perfekte Einschlafhilfe f\u00fcr das Baby Der Nuk Night &amp; Day Schnuller macht nicht nur tags\u00fcber viel Freude, sondern hilft unseren Kleinsten leicht ins Land der Tr\u00e4ume zu finden. Denn dank des unbedenklichen Leuchtmaterials im Saugerknopf erstrahlen die niedlichen Motive auch im Dunkeln in einem sanften Lichtschein. Die anatomisch geformte Mundplatte mit flachem Knopf vermeidet Druckstellen in Bauch- und Seitenlage, wodurch sich der Schnuller ideal zum Einschlafen eignet. Das klare Silikonmaterial l\u00e4sst sich leicht reinigen und ist besonders temperaturbest\u00e4ndig. Es ist frei von Schadstoffen, kochfest, geruchlos, transparent und hat eine glatte Oberfl\u00e4che. Alle Nuk Schnuller haben das Nuk Air System. Durch ein Ventil kann die Luft aus dem Lutschteil entweichen. Dadurch bleibt es sch\u00f6n weich und formbar und entlastet den Kiefer. <\/p>\n<h3>Set enth\u00e4lt:<\/h3>\n<p>Schnuller <\/p>\n<div data-a-expander-name=\"toggle_description\" class=\"a-row a-expander-container a-expander-extend-container\">\n<div class=\"a-expander-content a-expander-extend-content\">\n<h3>Anschrift Hersteller\/Importeur<\/h3>\n<p>Industriestrasse 21-25 27404 Zeven <\/p>\n<\/p><\/div>\n<p> <a href=\"void(0)\" data-action=\"a-expander-toggle\" class=\"a-expander-header a-declarative a-expander-extend-header\" data-a-expander-toggle=\"{\"><i class=\"a-icon a-icon-extender-expand\"><\/i><span class=\"a-expander-prompt\">Weitere Informationen<\/span><\/a> <\/div>\n<p>Knopf mit Leuchteffekt im Dunkeln \u2013 unbedenkliches Leuchtmaterial<br \/>\nAnatomisch geformte Mundplatte mit flachem Knopf zur Vermeidung von Druckstellen in Bauch- und Seitenlage \u2013 Ideal zum Einschlafen<br \/>\nD\u00fcnner und schmaler Saugerhals verringert Druck auf Kiefer und Z\u00e4hne<br \/>\nFlaches Lutschteil und glatte Unterseite \u2013 f\u00fcr mehr Freiraum f\u00fcr die nat\u00fcrliche Saugbewegung<br \/>\nStabile, wiederverwendbare Schnullerbox, BPA frei, 2 St\u00fcck pro Packung<br \/>\n<div class=\"main-cross-sell\" data-asin=\"B07ZGCQX5N\">\n\n\t<div class=\"WooZone-cross-sell-loader\">\n\t\t<div>\n\t\t\t<div id=\"floatingBarsG\">\n\t\t\t\t<div class=\"blockG\" id=\"rotateG_01\"><\/div>\n\t\t\t\t<div class=\"blockG\" id=\"rotateG_02\"><\/div>\n\t\t\t\t<div class=\"blockG\" id=\"rotateG_03\"><\/div>\n\t\t\t\t<div class=\"blockG\" id=\"rotateG_04\"><\/div>\n\t\t\t\t<div class=\"blockG\" id=\"rotateG_05\"><\/div>\n\t\t\t\t<div class=\"blockG\" id=\"rotateG_06\"><\/div>\n\t\t\t\t<div class=\"blockG\" id=\"rotateG_07\"><\/div>\n\t\t\t\t<div class=\"blockG\" id=\"rotateG_08\"><\/div>\n\t\t\t<\/div>\n\t\t\t<div class=\"WooZone-cross-sell-loader-text\"><\/div>\n\t\t<\/div>\n\t<\/div>\n\n\t\t\n<\/div>\n<div style=\"clear:both;\"><\/div>\n","protected":false},"excerpt":{"rendered":"<p>Knopf mit Leuchteffekt im Dunkeln \u2013 unbedenkliches Leuchtmaterial<br \/>\nAnatomisch geformte Mundplatte mit flachem Knopf zur Vermeidung von Druckstellen in Bauch- und Seitenlage \u2013 Ideal zum Einschlafen<br \/>\nD\u00fcnner und schmaler Saugerhals verringert Druck auf Kiefer und Z\u00e4hne<\/p>\n","protected":false},"featured_media":4548,"comment_status":"open","ping_status":"closed","template":"","meta":{"rs_blank_template":"","rs_page_bg_color":"","slide_template_v7":""},"etheme_brands":[],"product_cat":[26],"product_tag":[],"class_list":{"0":"post-4547","1":"product","2":"type-product","3":"status-publish","4":"has-post-thumbnail","6":"product_cat-schnuller","7":"pa_brand-nuk","9":"first","10":"instock","11":"shipping-taxable","12":"product-type-simple"},"_links":{"self":[{"href":"https:\/\/www.babyelf.de\/index.php?rest_route=\/wp\/v2\/product\/4547","targetHints":{"allow":["GET"]}}],"collection":[{"href":"https:\/\/www.babyelf.de\/index.php?rest_route=\/wp\/v2\/product"}],"about":[{"href":"https:\/\/www.babyelf.de\/index.php?rest_route=\/wp\/v2\/types\/product"}],"replies":[{"embeddable":true,"href":"https:\/\/www.babyelf.de\/index.php?rest_route=%2Fwp%2Fv2%2Fcomments&post=4547"}],"wp:featuredmedia":[{"embeddable":true,"href":"https:\/\/www.babyelf.de\/index.php?rest_route=\/wp\/v2\/media\/4548"}],"wp:attachment":[{"href":"https:\/\/www.babyelf.de\/index.php?rest_route=%2Fwp%2Fv2%2Fmedia&parent=4547"}],"wp:term":[{"taxonomy":"brand","embeddable":true,"href":"https:\/\/www.babyelf.de\/index.php?rest_route=%2Fwp%2Fv2%2Fetheme_brands&post=4547"},{"taxonomy":"product_cat","embeddable":true,"href":"https:\/\/www.babyelf.de\/index.php?rest_route=%2Fwp%2Fv2%2Fproduct_cat&post=4547"},{"taxonomy":"product_tag","embeddable":true,"href":"https:\/\/www.babyelf.de\/index.php?rest_route=%2Fwp%2Fv2%2Fproduct_tag&post=4547"}],"curies":[{"name":"wp","href":"https:\/\/api.w.org\/{rel}","templated":true}]}}