{"id":4527,"date":"2020-08-21T10:27:26","date_gmt":"2020-08-21T10:27:26","guid":{"rendered":"https:\/\/www.babyelf.de\/?product=nuk-space-schnuller-silikon-kiefergerechte-form-18-36-monate-katze-eisbaer"},"modified":"2026-01-16T08:30:16","modified_gmt":"2026-01-16T07:30:16","slug":"nuk-space-schnuller-silikon-kiefergerechte-form-18-36-monate-katze-eisbaer","status":"publish","type":"product","link":"https:\/\/www.babyelf.de\/?product=nuk-space-schnuller-silikon-kiefergerechte-form-18-36-monate-katze-eisbaer","title":{"rendered":"Nuk Space Schnuller, Silikon, kiefergerechte Form, 18-36 Monate, Katze &amp; Eisb\u00e4r"},"content":{"rendered":"<div class=\"disclaim\"> Farbe:<strong>Katze &amp; Eisb\u00e4r<\/strong> <\/div>\n<p> <!-- show up to 2 reviews by default --> <\/p>\n<h3>Produktbeschreibung<\/h3>\n<p>Der neue Nuk space Schnuller: f\u00fcr besonders empfindliche Babyhaut unsere Kleinsten haben nicht nur von Beginn an Ihren eigenen Kopf, sondern auch k\u00f6rperlich v\u00f6llig unterschiedliche Eigenschaften. Die noch so Junge und feine Haut der Babys ist besonders empfindlich. Um diese bestm\u00f6glich zu sch\u00fctzen und stets den gr\u00f6\u00dften Komfort f\u00fcr ihren Nachwuchs zu gew\u00e4hrleisten, hat Nuk den neuen Nuk space Schnuller entwickelt. Dieser besticht durch sein besonders flaches und d\u00fcnnes Lutschteil, das ausreichend Platz f\u00fcr die nat\u00fcrliche Saugbewegung bietet. Der Nuk space Schnuller f\u00fcgt sich deshalb angenehm in den kleinen Mund ein. Mehr als 95% der Babys akzeptieren den Nuk Schnuller*. weiter hat der Nuk space besonders gro\u00dfe \u00d6ffnungen, die f\u00fcr eine maximale Luftzirkulation sorgen und die zarte Babyhaut atmen lassen. Aus diesem Grund w\u00fcrden 99% der M\u00fctter den Nuk space Schnuller f\u00fcr Babys mit zarter Haut weiterempfehlen*. erh\u00e4ltlich ist dieses Nuk Modell in verschiedenen designausf\u00fchrungen. Die niedlichen Tiermotiven kommen in einer platzsparenden Verpackung, die Sie auch als Transportbox nutzen k\u00f6nnen. Lassen Sie diese ganz einfach in Hand- oder Wickeltasche verschwinden und haben Sie auf diese Weise die Nuk space Schnuller im richtigen Moment griffbereit. Zudem ist die Transportbox f\u00fcr die hygienische Aufbereitung in der Mikrowelle geeignet. So haben Sie lange Freude an Ihrem kleinen Nuk schnuller-zoo. * Unabh\u00e4ngige Marktforschung, 114 M\u00fctter; Deutschland 2018 von Experten empfohlen: Nuk Schnuller beruhigen so gut wie nie zuvor Da uns die gesunde Gesamtentwicklung Ihres Babys besonders am Herzen liegt, m\u00f6chten wir, dass jedes Nuk Baby einen naturnahen und kiefergerechten Schnuller bekommt. Durch die Weiterentwicklung der kiefergerechten Nuk Originalform beruhigen Nuk Schnuller so gut wie nie zuvor. Aufgrund der vertrauten Form nehmen auch gestillte Babys diesen Schnuller gut an. Stillende M\u00fctter haben uns best\u00e4tigt, dass der Nuk Schnuller das Stillen nicht beeintr\u00e4chtigt*. dar\u00fcber hinaus verursachen Nuk Schnuller keine Zahn- und Kieferfehlstellungen. Daf\u00fcr sorgt das schmale, flache und d\u00fcnne Lutschteil. Es minimiert den Druck auf die kleinen Z\u00e4hnchen und den Kiefer. Ein Grund mehr weshalb der neue Nuk Schnuller von Hebammen, Kinder\u00e4rzten und Kieferorthop\u00e4den gleicherma\u00dfen gesch\u00e4tzt und empfohlen wird. So best\u00e4tigen 100% der befragten Kieferorthop\u00e4den, dass die bew\u00e4hrten Nuk Schnuller keine Kiefer- oder Zahnfehlstellungen verursachen**. 90% der M\u00fctter empfehlen ihn weiter und 92% der stillenden M\u00fctter best\u00e4tigen, dass der neue Nuk Schnuller das Stillen nicht beeintr\u00e4chtigt*. * Unabh\u00e4ngige Marktforschung, 307 M\u00fctter; Deutschland 2017 Unabh\u00e4ngige Marktforschung unter je 50 Hebammen, Kinder\u00e4rzten und Kieferorthop\u00e4den; Deutschland 2017 eine Verpackung, die mehr kann der Nuk space bringt \u00fcbrigens sein eigenes zuhause mit: die praktische Schnuller Box. Damit kann der Schnuller in der Mikrowelle hygienische aufbereitet sowie jederzeit sauber und sicher transportiert und aufbewahrt werden. <\/p>\n<h3>Set enth\u00e4lt:<\/h3>\n<p>Schnuller <\/p>\n<div data-a-expander-name=\"toggle_description\" class=\"a-row a-expander-container a-expander-extend-container\">\n<div class=\"a-expander-content a-expander-extend-content\">\n<h3>Anschrift Hersteller\/Importeur<\/h3>\n<p>Industriestrasse 21-25 27404 Zeven <\/p>\n<\/p><\/div>\n<p> <a href=\"void(0)\" data-action=\"a-expander-toggle\" class=\"a-expander-header a-declarative a-expander-extend-header\" data-a-expander-toggle=\"{\"><i class=\"a-icon a-icon-extender-expand\"><\/i><span class=\"a-expander-prompt\">Weitere Informationen<\/span><\/a> <\/div>\n<p>Nuk Originalform \u2013 der weiblichen Brust beim Stillen nachempfunden, die sich optimal in den Mund einf\u00fcgt, wenn das Baby daran nuckelt<br \/>\nExtra gro\u00dfe \u00d6ffnung f\u00fcr maximale Luftzirkulation und damit Atmung der Haut \u2013 perfekt f\u00fcr empfindliche Babyhaut<br \/>\nBesonders flaches und d\u00fcnnes Lutschteil \u2013 f\u00fcr ein angenehmes Mundgef\u00fchl und viel Platz f\u00fcr die nat\u00fcrliche Saugbewegung<br \/>\nStabile, wiederverwendbare Transportbox<br \/>\n18-36 Monate, BPA frei, 2 St\u00fcck pro Packung<br \/>\n<div class=\"main-cross-sell\" data-asin=\"B07YWTM28P\">\n\n\t<div class=\"WooZone-cross-sell-loader\">\n\t\t<div>\n\t\t\t<div id=\"floatingBarsG\">\n\t\t\t\t<div class=\"blockG\" id=\"rotateG_01\"><\/div>\n\t\t\t\t<div class=\"blockG\" id=\"rotateG_02\"><\/div>\n\t\t\t\t<div class=\"blockG\" id=\"rotateG_03\"><\/div>\n\t\t\t\t<div class=\"blockG\" id=\"rotateG_04\"><\/div>\n\t\t\t\t<div class=\"blockG\" id=\"rotateG_05\"><\/div>\n\t\t\t\t<div class=\"blockG\" id=\"rotateG_06\"><\/div>\n\t\t\t\t<div class=\"blockG\" id=\"rotateG_07\"><\/div>\n\t\t\t\t<div class=\"blockG\" id=\"rotateG_08\"><\/div>\n\t\t\t<\/div>\n\t\t\t<div class=\"WooZone-cross-sell-loader-text\"><\/div>\n\t\t<\/div>\n\t<\/div>\n\n\t\t\n<\/div>\n<div style=\"clear:both;\"><\/div>\n","protected":false},"excerpt":{"rendered":"<p>Nuk Originalform \u2013 der weiblichen Brust beim Stillen nachempfunden, die sich optimal in den Mund einf\u00fcgt, wenn das Baby daran nuckelt<br \/>\nExtra gro\u00dfe \u00d6ffnung f\u00fcr maximale Luftzirkulation und damit Atmung der Haut \u2013 perfekt f\u00fcr empfindliche Babyhaut<br \/>\nBesonders flaches und d\u00fcnnes Lutschteil \u2013 f\u00fcr ein angenehmes Mundgef\u00fchl und viel Platz f\u00fcr die nat\u00fcrliche Saugbewegung<\/p>\n","protected":false},"featured_media":4528,"comment_status":"open","ping_status":"closed","template":"","meta":{"rs_blank_template":"","rs_page_bg_color":"","slide_template_v7":""},"etheme_brands":[],"product_cat":[26],"product_tag":[],"class_list":{"0":"post-4527","1":"product","2":"type-product","3":"status-publish","4":"has-post-thumbnail","6":"product_cat-schnuller","7":"pa_brand-nuk","9":"first","10":"instock","11":"shipping-taxable","12":"product-type-simple"},"_links":{"self":[{"href":"https:\/\/www.babyelf.de\/index.php?rest_route=\/wp\/v2\/product\/4527","targetHints":{"allow":["GET"]}}],"collection":[{"href":"https:\/\/www.babyelf.de\/index.php?rest_route=\/wp\/v2\/product"}],"about":[{"href":"https:\/\/www.babyelf.de\/index.php?rest_route=\/wp\/v2\/types\/product"}],"replies":[{"embeddable":true,"href":"https:\/\/www.babyelf.de\/index.php?rest_route=%2Fwp%2Fv2%2Fcomments&post=4527"}],"wp:featuredmedia":[{"embeddable":true,"href":"https:\/\/www.babyelf.de\/index.php?rest_route=\/wp\/v2\/media\/4528"}],"wp:attachment":[{"href":"https:\/\/www.babyelf.de\/index.php?rest_route=%2Fwp%2Fv2%2Fmedia&parent=4527"}],"wp:term":[{"taxonomy":"brand","embeddable":true,"href":"https:\/\/www.babyelf.de\/index.php?rest_route=%2Fwp%2Fv2%2Fetheme_brands&post=4527"},{"taxonomy":"product_cat","embeddable":true,"href":"https:\/\/www.babyelf.de\/index.php?rest_route=%2Fwp%2Fv2%2Fproduct_cat&post=4527"},{"taxonomy":"product_tag","embeddable":true,"href":"https:\/\/www.babyelf.de\/index.php?rest_route=%2Fwp%2Fv2%2Fproduct_tag&post=4527"}],"curies":[{"name":"wp","href":"https:\/\/api.w.org\/{rel}","templated":true}]}}