{"id":4473,"date":"2020-08-21T10:23:57","date_gmt":"2020-08-21T10:23:57","guid":{"rendered":"https:\/\/www.babyelf.de\/?product=pippi-halstuch-3er-set-baby-halstuecher-dreieckstuecher-verschiedene-designs"},"modified":"2026-01-16T08:30:05","modified_gmt":"2026-01-16T07:30:05","slug":"pippi-halstuch-3er-set-baby-halstuecher-dreieckstuecher-verschiedene-designs","status":"publish","type":"product","link":"https:\/\/www.babyelf.de\/?product=pippi-halstuch-3er-set-baby-halstuecher-dreieckstuecher-verschiedene-designs","title":{"rendered":"Pippi Baby Kinder Halstuch Dreieckstuch 3er-Set Elefant"},"content":{"rendered":"<p><!-- show up to 2 reviews by default --> <\/p>\n<p>Pippi Baby Halst\u00fccher &#8211; s\u00fc\u00dfe Babymode aus D\u00e4nemark . Pippi Halst\u00fccher sind weich, bequem und Dank ihrer Dicke nehmen sie auch viel Fl\u00fcssigkeit auf, und durch die eingearbeitete Zwischenlage im Inneren sickert Fl\u00fcssigkeit nicht so schnell durch wie bei einfachen einlagigen L\u00e4tzchen. So bleiben Oberteile l\u00e4nger trocken und sauber. Ein sch\u00f6nes Set aus Dreieckst\u00fccher f\u00fcr die Kleinen. Die T\u00fccher sind sehr saugstark und duch die 2 Druckkn\u00f6pfe anpassbar. Material: 65% Baumwolle, 35% Polyester waschbar bei 40 Grad Maschinenw\u00e4sche <\/p>\n<p>3er Set Halst\u00fccher: 1x grau, 1x rosa, 1x dunkelgrau, jeweils mit Motiv\/Muster<br \/>\nStoff doppellagig und an den Seiten gerafft gen\u00e4ht<br \/>\nModellnummer: 4708-123<br \/>\nEinheitsgr\u00f6\u00dfe, ca. 0-3 Jahre (bis ca. 28cm Halsumfang)<br \/>\nMit 2 Druckkn\u00f6pfen, gr\u00f6\u00dfenverstellbar<br \/>\nStoff doppellagig: 65% organische Baumwolle 35% Polyester, dazwischen eine eingearbeitete Membrane 100% Polyester. So kommt keine Feutigkeit durch und Baby\u00b4s Kleidung bleibt trocken!<br \/>\n<div class=\"main-cross-sell\" data-asin=\"B07HCBBGYR\">\n\n\t<div class=\"WooZone-cross-sell-loader\">\n\t\t<div>\n\t\t\t<div id=\"floatingBarsG\">\n\t\t\t\t<div class=\"blockG\" id=\"rotateG_01\"><\/div>\n\t\t\t\t<div class=\"blockG\" id=\"rotateG_02\"><\/div>\n\t\t\t\t<div class=\"blockG\" id=\"rotateG_03\"><\/div>\n\t\t\t\t<div class=\"blockG\" id=\"rotateG_04\"><\/div>\n\t\t\t\t<div class=\"blockG\" id=\"rotateG_05\"><\/div>\n\t\t\t\t<div class=\"blockG\" id=\"rotateG_06\"><\/div>\n\t\t\t\t<div class=\"blockG\" id=\"rotateG_07\"><\/div>\n\t\t\t\t<div class=\"blockG\" id=\"rotateG_08\"><\/div>\n\t\t\t<\/div>\n\t\t\t<div class=\"WooZone-cross-sell-loader-text\"><\/div>\n\t\t<\/div>\n\t<\/div>\n\n\t\t\n<\/div>\n<div style=\"clear:both;\"><\/div>\n","protected":false},"excerpt":{"rendered":"<p>3er Set Halst\u00fccher: 1x grau, 1x rosa, 1x dunkelgrau, jeweils mit Motiv\/Muster<br \/>\nStoff doppellagig und an den Seiten gerafft gen\u00e4ht<br \/>\nModellnummer: 4708-123<\/p>\n","protected":false},"featured_media":4474,"comment_status":"open","ping_status":"closed","template":"","meta":{"rs_blank_template":"","rs_page_bg_color":"","slide_template_v7":""},"etheme_brands":[],"product_cat":[21],"product_tag":[],"class_list":{"0":"post-4473","1":"product","2":"type-product","3":"status-publish","4":"has-post-thumbnail","6":"product_cat-sabberlatz","7":"pa_brand-pippi","9":"first","10":"instock","11":"shipping-taxable","12":"product-type-simple"},"_links":{"self":[{"href":"https:\/\/www.babyelf.de\/index.php?rest_route=\/wp\/v2\/product\/4473","targetHints":{"allow":["GET"]}}],"collection":[{"href":"https:\/\/www.babyelf.de\/index.php?rest_route=\/wp\/v2\/product"}],"about":[{"href":"https:\/\/www.babyelf.de\/index.php?rest_route=\/wp\/v2\/types\/product"}],"replies":[{"embeddable":true,"href":"https:\/\/www.babyelf.de\/index.php?rest_route=%2Fwp%2Fv2%2Fcomments&post=4473"}],"wp:featuredmedia":[{"embeddable":true,"href":"https:\/\/www.babyelf.de\/index.php?rest_route=\/wp\/v2\/media\/4474"}],"wp:attachment":[{"href":"https:\/\/www.babyelf.de\/index.php?rest_route=%2Fwp%2Fv2%2Fmedia&parent=4473"}],"wp:term":[{"taxonomy":"brand","embeddable":true,"href":"https:\/\/www.babyelf.de\/index.php?rest_route=%2Fwp%2Fv2%2Fetheme_brands&post=4473"},{"taxonomy":"product_cat","embeddable":true,"href":"https:\/\/www.babyelf.de\/index.php?rest_route=%2Fwp%2Fv2%2Fproduct_cat&post=4473"},{"taxonomy":"product_tag","embeddable":true,"href":"https:\/\/www.babyelf.de\/index.php?rest_route=%2Fwp%2Fv2%2Fproduct_tag&post=4473"}],"curies":[{"name":"wp","href":"https:\/\/api.w.org\/{rel}","templated":true}]}}