{"id":4434,"date":"2020-08-21T10:23:36","date_gmt":"2020-08-21T10:23:36","guid":{"rendered":"https:\/\/www.babyelf.de\/?product=make-my-day-silikon-laetzchen-eule-fuchsia"},"modified":"2026-01-28T12:04:07","modified_gmt":"2026-01-28T11:04:07","slug":"make-my-day-silikon-laetzchen-eule-fuchsia","status":"publish","type":"product","link":"https:\/\/www.babyelf.de\/?product=make-my-day-silikon-laetzchen-eule-fuchsia","title":{"rendered":"Make My Day Silikon-L\u00e4tzchen Eule fuchsia"},"content":{"rendered":"<div class=\"disclaim\"> Farbe:<strong>eule<\/strong> <\/div>\n<p> <!-- show up to 2 reviews by default --> <\/p>\n<p>Diese wundersch\u00f6nen und superweichen Babyl\u00e4tzchen k\u00f6nnen wieder und wieder verwendet werden und sehen dabei immer gut aus. Hergestellt aus 100% lebensmittelechtem Silikon sind sie absolut schadstofffrei. Sie sind schmutzabweisend, sp\u00fclmasschinenfest und haben eine eingbaute &#8222;Kr\u00fcmelfalle&#8220;. Durch den flexibel einstellbaren und angenehm zu tragenden Verschluss, passen sie Kindern von 6 Monaten bis 3 Jahren. Auch ideal als Geschenk, erh\u00e4ltlich in vielen traumhaften Designs. Das Top-L\u00e4tzchen in den USA. Die make my day Babyl\u00e4tzchen machen einfach riesig Spa\u00df! <\/p>\n<p>100% lebensmittelechtes Silikon<br \/>\nSp\u00fclmaschinenfest und schmutzabweisend<br \/>\nintegrierte Kr\u00fcmelfalle<br \/>\nfrei von BPA, Phthalate und PVC<br \/>\nErh\u00e4ltlich in vielen, tollen Designs!<br \/>\n<div class=\"main-cross-sell\" data-asin=\"B00WFFFZ2Q\">\n\n\t<div class=\"WooZone-cross-sell-loader\">\n\t\t<div>\n\t\t\t<div id=\"floatingBarsG\">\n\t\t\t\t<div class=\"blockG\" id=\"rotateG_01\"><\/div>\n\t\t\t\t<div class=\"blockG\" id=\"rotateG_02\"><\/div>\n\t\t\t\t<div class=\"blockG\" id=\"rotateG_03\"><\/div>\n\t\t\t\t<div class=\"blockG\" id=\"rotateG_04\"><\/div>\n\t\t\t\t<div class=\"blockG\" id=\"rotateG_05\"><\/div>\n\t\t\t\t<div class=\"blockG\" id=\"rotateG_06\"><\/div>\n\t\t\t\t<div class=\"blockG\" id=\"rotateG_07\"><\/div>\n\t\t\t\t<div class=\"blockG\" id=\"rotateG_08\"><\/div>\n\t\t\t<\/div>\n\t\t\t<div class=\"WooZone-cross-sell-loader-text\"><\/div>\n\t\t<\/div>\n\t<\/div>\n\n\t\t\n<\/div>\n<div style=\"clear:both;\"><\/div>\n","protected":false},"excerpt":{"rendered":"<p>100% lebensmittelechtes Silikon<br \/>\nSp\u00fclmaschinenfest und schmutzabweisend<br \/>\nintegrierte Kr\u00fcmelfalle<\/p>\n","protected":false},"featured_media":4435,"comment_status":"open","ping_status":"closed","template":"","meta":{"rs_blank_template":"","rs_page_bg_color":"","slide_template_v7":""},"etheme_brands":[],"product_cat":[21],"product_tag":[],"class_list":{"0":"post-4434","1":"product","2":"type-product","3":"status-publish","4":"has-post-thumbnail","6":"product_cat-sabberlatz","7":"pa_brand-make-my-day","9":"first","10":"instock","11":"shipping-taxable","12":"product-type-simple"},"_links":{"self":[{"href":"https:\/\/www.babyelf.de\/index.php?rest_route=\/wp\/v2\/product\/4434","targetHints":{"allow":["GET"]}}],"collection":[{"href":"https:\/\/www.babyelf.de\/index.php?rest_route=\/wp\/v2\/product"}],"about":[{"href":"https:\/\/www.babyelf.de\/index.php?rest_route=\/wp\/v2\/types\/product"}],"replies":[{"embeddable":true,"href":"https:\/\/www.babyelf.de\/index.php?rest_route=%2Fwp%2Fv2%2Fcomments&post=4434"}],"wp:featuredmedia":[{"embeddable":true,"href":"https:\/\/www.babyelf.de\/index.php?rest_route=\/wp\/v2\/media\/4435"}],"wp:attachment":[{"href":"https:\/\/www.babyelf.de\/index.php?rest_route=%2Fwp%2Fv2%2Fmedia&parent=4434"}],"wp:term":[{"taxonomy":"brand","embeddable":true,"href":"https:\/\/www.babyelf.de\/index.php?rest_route=%2Fwp%2Fv2%2Fetheme_brands&post=4434"},{"taxonomy":"product_cat","embeddable":true,"href":"https:\/\/www.babyelf.de\/index.php?rest_route=%2Fwp%2Fv2%2Fproduct_cat&post=4434"},{"taxonomy":"product_tag","embeddable":true,"href":"https:\/\/www.babyelf.de\/index.php?rest_route=%2Fwp%2Fv2%2Fproduct_tag&post=4434"}],"curies":[{"name":"wp","href":"https:\/\/api.w.org\/{rel}","templated":true}]}}