{"id":4379,"date":"2020-08-21T10:23:10","date_gmt":"2020-08-21T10:23:10","guid":{"rendered":"https:\/\/www.babyelf.de\/?product=asmi-frottee-folie-babylaetzchen-7er-set-ornamente-grau"},"modified":"2026-01-16T08:29:54","modified_gmt":"2026-01-16T07:29:54","slug":"asmi-frottee-folie-babylaetzchen-7er-set-ornamente-grau","status":"publish","type":"product","link":"https:\/\/www.babyelf.de\/?product=asmi-frottee-folie-babylaetzchen-7er-set-ornamente-grau","title":{"rendered":"Asmi Frottee Folie Babyl\u00e4tzchen 7er Set Ornamente Grau"},"content":{"rendered":"<div class=\"disclaim\"> Farbe:<strong>Ornamente Grau<\/strong> <\/div>\n<p> <!-- show up to 2 reviews by default --> <\/p>\n<p>Bindel\u00e4tzchen Ornamente grau 7er Pack F\u00fcr jeden Tag ein anderes Motiv. Praktischer Schutz f\u00fcr die Kleidung von kleinen, kleckernden L\u00f6ffelk\u00fcnstlern. Im Nacken zum Binden. Durch die zwei Lagen (Baumwolle\/Folie) werden die ersten selbst\u00e4ndigen Essversuche zum Vergn\u00fcgen. Das hochwertige weiche Frottee-Material ist besonders saugf\u00e4hig und maschinenwaschbar. Ma\u00dfe: ca. 24 x 20 cm Material: 75 % Baumwolle, 25 % Polyester R\u00fcckseite Folie 100% PEVA Waschbar bis 40 Grad schadstoffgepr\u00fcft nach \u00d6kotex-Standard 100 <\/p>\n<p>F\u00fcr jeden Tag ein anderes Motiv<br \/>\nIm Nacken zum Binden. Durch die zwei Lagen (Baumwolle\/Folie) werden die ersten selbst\u00e4ndigen Essversuche zum Vergn\u00fcgen.<br \/>\nDas hochwertige weiche Frottee-Material ist besonders saugf\u00e4hig und maschinenwaschbar bis 40 Grad<br \/>\nMa\u00dfe: ca. 24 x 20 cm, schadstoffgepr\u00fcft nach \u00d6kotex-Standard 100<br \/>\n<div class=\"main-cross-sell\" data-asin=\"B07H4MYZZX\">\n\n\t<div class=\"WooZone-cross-sell-loader\">\n\t\t<div>\n\t\t\t<div id=\"floatingBarsG\">\n\t\t\t\t<div class=\"blockG\" id=\"rotateG_01\"><\/div>\n\t\t\t\t<div class=\"blockG\" id=\"rotateG_02\"><\/div>\n\t\t\t\t<div class=\"blockG\" id=\"rotateG_03\"><\/div>\n\t\t\t\t<div class=\"blockG\" id=\"rotateG_04\"><\/div>\n\t\t\t\t<div class=\"blockG\" id=\"rotateG_05\"><\/div>\n\t\t\t\t<div class=\"blockG\" id=\"rotateG_06\"><\/div>\n\t\t\t\t<div class=\"blockG\" id=\"rotateG_07\"><\/div>\n\t\t\t\t<div class=\"blockG\" id=\"rotateG_08\"><\/div>\n\t\t\t<\/div>\n\t\t\t<div class=\"WooZone-cross-sell-loader-text\"><\/div>\n\t\t<\/div>\n\t<\/div>\n\n\t\t\n<\/div>\n<div style=\"clear:both;\"><\/div>\n","protected":false},"excerpt":{"rendered":"<p>F\u00fcr jeden Tag ein anderes Motiv<br \/>\nIm Nacken zum Binden. Durch die zwei Lagen (Baumwolle\/Folie) werden die ersten selbst\u00e4ndigen Essversuche zum Vergn\u00fcgen.<br \/>\nDas hochwertige weiche Frottee-Material ist besonders saugf\u00e4hig und maschinenwaschbar bis 40 Grad<\/p>\n","protected":false},"featured_media":4380,"comment_status":"open","ping_status":"closed","template":"","meta":{"rs_blank_template":"","rs_page_bg_color":"","slide_template_v7":""},"etheme_brands":[],"product_cat":[21],"product_tag":[],"class_list":{"0":"post-4379","1":"product","2":"type-product","3":"status-publish","4":"has-post-thumbnail","6":"product_cat-sabberlatz","7":"pa_brand-asmi-baby","9":"first","10":"instock","11":"shipping-taxable","12":"product-type-simple"},"_links":{"self":[{"href":"https:\/\/www.babyelf.de\/index.php?rest_route=\/wp\/v2\/product\/4379","targetHints":{"allow":["GET"]}}],"collection":[{"href":"https:\/\/www.babyelf.de\/index.php?rest_route=\/wp\/v2\/product"}],"about":[{"href":"https:\/\/www.babyelf.de\/index.php?rest_route=\/wp\/v2\/types\/product"}],"replies":[{"embeddable":true,"href":"https:\/\/www.babyelf.de\/index.php?rest_route=%2Fwp%2Fv2%2Fcomments&post=4379"}],"wp:featuredmedia":[{"embeddable":true,"href":"https:\/\/www.babyelf.de\/index.php?rest_route=\/wp\/v2\/media\/4380"}],"wp:attachment":[{"href":"https:\/\/www.babyelf.de\/index.php?rest_route=%2Fwp%2Fv2%2Fmedia&parent=4379"}],"wp:term":[{"taxonomy":"brand","embeddable":true,"href":"https:\/\/www.babyelf.de\/index.php?rest_route=%2Fwp%2Fv2%2Fetheme_brands&post=4379"},{"taxonomy":"product_cat","embeddable":true,"href":"https:\/\/www.babyelf.de\/index.php?rest_route=%2Fwp%2Fv2%2Fproduct_cat&post=4379"},{"taxonomy":"product_tag","embeddable":true,"href":"https:\/\/www.babyelf.de\/index.php?rest_route=%2Fwp%2Fv2%2Fproduct_tag&post=4379"}],"curies":[{"name":"wp","href":"https:\/\/api.w.org\/{rel}","templated":true}]}}