{"id":4354,"date":"2020-08-21T10:23:00","date_gmt":"2020-08-21T10:23:00","guid":{"rendered":"https:\/\/www.babyelf.de\/?product=shirtracer-sprueche-baby-tante-herz-dahinschmelzen-baby-laetzchen-baumwolle"},"modified":"2026-01-16T08:27:28","modified_gmt":"2026-01-16T07:27:28","slug":"shirtracer-sprueche-baby-tante-herz-dahinschmelzen-baby-laetzchen-baumwolle","status":"publish","type":"product","link":"https:\/\/www.babyelf.de\/?product=shirtracer-sprueche-baby-tante-herz-dahinschmelzen-baby-laetzchen-baumwolle","title":{"rendered":"Shirtracer Baby L\u00e4tzchen &#8211; Tante Herz dahinschmelzen &#8211; Unisize &#8211; Pink &#8211; aunt teyze schlabberlatz tantes tanten laetzchen auntie meine babylatz aunties nichte babyl\u00e4tzchen godi nichten latz und neffe"},"content":{"rendered":"<p><!-- show up to 2 reviews by default --> <\/p>\n<p><b>Tolles Motiv zum Geburtstag: Tante Herz dahinschmelzen<b><\/b><\/b><\/p>\n<p><b><b>Das lustige Motiv &#8222;Tante Herz dahinschmelzen&#8220; ist das Highlight zum Geburtstag. Damit landest du bei dem Neffen oder der Nichte garantiert einen Volltreffer! Im Zusammenspiel wirken Herzen, Statement und Spruch zum beliebten Fun-Look f\u00fcr Babys und f\u00fcr Jungen. Die Aufschrift &#8222;Ich lasse das Herz meiner Tante dahinschmelzen &#8211; Was sind deine Superkr\u00e4fte?&#8220; ist nicht nur s\u00fc\u00df, sondern ebenfalls ein echter Blickfang! Mit Liebe bedruckt: Bei der Produktauswahl wird auf eine besonders gute Qualit\u00e4t geachtet. So wird jedes Produkt mehrfach auf Qualit\u00e4tsstandards gepr\u00fcft, bevor es das Haus verl\u00e4sst<\/b><\/b><\/p>\n<p><b><b>Toller Aufdruck f\u00fcr alle die diese Schlagw\u00f6rter verwendeten:<\/b><\/b><\/p>\n<ul>\n<li>\n<p><b><b>latz tante<\/b><\/b><\/p>\n<\/li>\n<li>\n<p><b><b>laetzchen tante<\/b><\/b><\/p>\n<\/li>\n<li>\n<p><b><b>l\u00e4tzchen baby spruch<\/b><\/b><\/p>\n<\/li>\n<li>\n<p><b><b>baby tante<\/b><\/b><\/p>\n<\/li>\n<li>\n<p><b><b>latz baby<\/b><\/b><\/p>\n<\/li>\n<\/ul>\n<p><b><b><\/p>\n<p><b>Baby-L\u00e4tzchen<\/b><\/p>\n<p>Das L\u00e4tzchen besteht zu 100% aus gek\u00e4mmter, ringgesponnener Baumwolle (Grau-meliert: 85% Baumwolle\/15%Polyester), hat einen weichen Klettverschluss und ist f\u00fcr den Nachwuchs angenehm zu tragen. Sowohl die Doppelnaht-Verarbeitung, als auch der weiche und dehnbare Stoff versprechen eine lange Haltbarkeit. Sollte der\/die Kleine mal etwas kleckern, sorgt der doppelt gelegte Stoff f\u00fcr extra Saugkraft. <\/p>\n<p><b>Pflegehinweise<\/b><\/p>\n<p>F\u00fcr eine maximale Lebensdauer sollte das L\u00e4tzchen bei maximal 30\u00b0 auf links gedreht gewaschen und bei mittlerer Temperatur geb\u00fcgelt werden. <\/b><\/b><\/p>\n<p>kinderl\u00e4tzchen gro\u00df: Das perfekte Motiv zum Thema Tanten oder Familie<br \/>\nFamilie latz: In der Farbe Pink und Gr\u00f6\u00dfe Uni Size genau das, was du gesucht hast<br \/>\n100% Baumwolle<br \/>\nPflegehinweis: Maschinenw\u00e4sche. Bedruckte Textilien bei maximal 30\u00b0 von links waschen. Von links bei mittlerer Temperatur b\u00fcgeln.<br \/>\nModellnummer: BZ12<br \/>\nlatz wei\u00df: Mit dem lustigen Motiv ziehst du die Blicke auf dich<br \/>\nTolles Motiv f\u00fcr Neffen und Babys, die am Geburtstag mit dem Spruch &#8222;Ich lasse das Herz meiner Tante dahinschmelzen &#8211; Was sind deine Superkr\u00e4fte?&#8220;, Statement und Spruche \u00fcberzeugen wollen<br \/>\nDas Kinder-L\u00e4tzchen ist sehr gut hautvertr\u00e4glich, da es zum einen aus 100% Baumwolle besteht und unsere Textilien sowie Druckfarben dem Oeko-Tex Standard 100 unterliegen, es sollte bei 30 Grad gewaschen werden, wenn es sehr dreckig ist es aber auch mal bei 60 Grad waschbar<br \/>\n<div class=\"main-cross-sell\" data-asin=\"B07BL6L61L\">\n\n\t<div class=\"WooZone-cross-sell-loader\">\n\t\t<div>\n\t\t\t<div id=\"floatingBarsG\">\n\t\t\t\t<div class=\"blockG\" id=\"rotateG_01\"><\/div>\n\t\t\t\t<div class=\"blockG\" id=\"rotateG_02\"><\/div>\n\t\t\t\t<div class=\"blockG\" id=\"rotateG_03\"><\/div>\n\t\t\t\t<div class=\"blockG\" id=\"rotateG_04\"><\/div>\n\t\t\t\t<div class=\"blockG\" id=\"rotateG_05\"><\/div>\n\t\t\t\t<div class=\"blockG\" id=\"rotateG_06\"><\/div>\n\t\t\t\t<div class=\"blockG\" id=\"rotateG_07\"><\/div>\n\t\t\t\t<div class=\"blockG\" id=\"rotateG_08\"><\/div>\n\t\t\t<\/div>\n\t\t\t<div class=\"WooZone-cross-sell-loader-text\"><\/div>\n\t\t<\/div>\n\t<\/div>\n\n\t\t\n<\/div>\n<div style=\"clear:both;\"><\/div>\n","protected":false},"excerpt":{"rendered":"<p>kinderl\u00e4tzchen gro\u00df: Das perfekte Motiv zum Thema Tanten oder Familie<br \/>\nFamilie latz: In der Farbe Pink und Gr\u00f6\u00dfe Uni Size genau das, was du gesucht hast<br \/>\n100% Baumwolle<\/p>\n","protected":false},"featured_media":4355,"comment_status":"open","ping_status":"closed","template":"","meta":{"rs_blank_template":"","rs_page_bg_color":"","slide_template_v7":""},"etheme_brands":[],"product_cat":[21],"product_tag":[],"class_list":{"0":"post-4354","1":"product","2":"type-product","3":"status-publish","4":"has-post-thumbnail","6":"product_cat-sabberlatz","7":"pa_brand-shirtracer","9":"first","10":"instock","11":"shipping-taxable","12":"product-type-simple"},"_links":{"self":[{"href":"https:\/\/www.babyelf.de\/index.php?rest_route=\/wp\/v2\/product\/4354","targetHints":{"allow":["GET"]}}],"collection":[{"href":"https:\/\/www.babyelf.de\/index.php?rest_route=\/wp\/v2\/product"}],"about":[{"href":"https:\/\/www.babyelf.de\/index.php?rest_route=\/wp\/v2\/types\/product"}],"replies":[{"embeddable":true,"href":"https:\/\/www.babyelf.de\/index.php?rest_route=%2Fwp%2Fv2%2Fcomments&post=4354"}],"wp:featuredmedia":[{"embeddable":true,"href":"https:\/\/www.babyelf.de\/index.php?rest_route=\/wp\/v2\/media\/4355"}],"wp:attachment":[{"href":"https:\/\/www.babyelf.de\/index.php?rest_route=%2Fwp%2Fv2%2Fmedia&parent=4354"}],"wp:term":[{"taxonomy":"brand","embeddable":true,"href":"https:\/\/www.babyelf.de\/index.php?rest_route=%2Fwp%2Fv2%2Fetheme_brands&post=4354"},{"taxonomy":"product_cat","embeddable":true,"href":"https:\/\/www.babyelf.de\/index.php?rest_route=%2Fwp%2Fv2%2Fproduct_cat&post=4354"},{"taxonomy":"product_tag","embeddable":true,"href":"https:\/\/www.babyelf.de\/index.php?rest_route=%2Fwp%2Fv2%2Fproduct_tag&post=4354"}],"curies":[{"name":"wp","href":"https:\/\/api.w.org\/{rel}","templated":true}]}}