{"id":4347,"date":"2020-08-21T10:22:54","date_gmt":"2020-08-21T10:22:54","guid":{"rendered":"https:\/\/www.babyelf.de\/?product=shirtracer-baby-100-patriot-baby-laetzchen-baumwolle"},"modified":"2026-01-16T08:27:28","modified_gmt":"2026-01-16T07:27:28","slug":"shirtracer-baby-100-patriot-baby-laetzchen-baumwolle","status":"publish","type":"product","link":"https:\/\/www.babyelf.de\/?product=shirtracer-baby-100-patriot-baby-laetzchen-baumwolle","title":{"rendered":"Shirtracer Baby L\u00e4tzchen &#8211; Sport &amp; Bewegung &#8211; 100% Patriot &#8211; Unisize &#8211; Pink &#8211; 25. geburtstag football schlabberlatz american kinderlatz kinderl\u00e4tze babyl\u00e4tze latz babyl\u00e4tzchen babylatz bibs l\u00e3\u00a4tzchen"},"content":{"rendered":"<p><!-- show up to 2 reviews by default --> <\/p>\n<h3>Produktbeschreibungen<\/h3>\n<p><b>American Football Baby &amp; Kinder Geschenke: Passender Aufdruck f\u00fcr M\u00e4dchen<b><\/b><\/b><\/p>\n<p><b><b>Das Thema American Football ist stets beliebt \u2013 so wie dieses lustige Motiv , mit dem du deinem Spr\u00f6ssling garantiert eine \u00dcberraschung bereitest. Im Zusammenspiel wirken Football und Statement zum beliebten Fun-Look f\u00fcr Football-Fans und f\u00fcr Babys. Der Text &#8222;100% Patriot&#8220; ist nicht nur cool, sondern auch ein echter Hingucker! Printed in Germany: Die Textilien werden ausschlie\u00dflich mit Designs von ausgebildeteten Grafikerinnen und Grafikern bedruckt. Die verwendete Farbe wird direkt auf die Textilien gedruckt und ist somit besonders deckend, damit ein perfektes Druckergebnis erzielt wird Mit dem Motiv &#8222;100% Patriot&#8220; bringen wir M\u00e4dchen, Herren und Jungen schon lange zum Strahlen und zaubern ihnen ein L\u00e4cheln ins Gesicht. Der schnelle Versand und die tolle Qualit\u00e4t sprechen f\u00fcr sich.<\/b><\/b><\/p>\n<p><b><b>Toller Aufdruck f\u00fcr alle die diese Schlagw\u00f6rter verwendeten:<\/b><\/b><\/p>\n<ul>\n<li>\n<p><b><b>100% Patriot<\/b><\/b><\/p>\n<\/li>\n<li>\n<p><b><b>Baby L\u00e4tzchen Baumwolle<\/b><\/b><\/p>\n<\/li>\n<li>\n<p><b><b>latz<\/b><\/b><\/p>\n<\/li>\n<li>\n<p><b><b>American Football<\/b><\/b><\/p>\n<\/li>\n<\/ul>\n<p><b><b><\/p>\n<p><b>Baby-L\u00e4tzchen<\/b><\/p>\n<p>Das L\u00e4tzchen besteht zu 100% aus gek\u00e4mmter, ringgesponnener Baumwolle (Grau-meliert: 85% Baumwolle\/15%Polyester), hat einen weichen Klettverschluss und ist f\u00fcr den Nachwuchs angenehm zu tragen. Sowohl die Doppelnaht-Verarbeitung, als auch der weiche und dehnbare Stoff versprechen eine lange Haltbarkeit. Sollte der\/die Kleine mal etwas kleckern, sorgt der doppelt gelegte Stoff f\u00fcr extra Saugkraft. <\/p>\n<p><b>Pflegehinweise<\/b><\/p>\n<p>F\u00fcr eine maximale Lebensdauer sollte das L\u00e4tzchen bei maximal 30\u00b0 auf links gedreht gewaschen und bei mittlerer Temperatur geb\u00fcgelt werden. <\/b><\/b><\/p>\n<h3>Rechtliche Hinweise<\/h3>\n<p>Wir geben unser Bestes, Ihnen unsere Produkte so genau wie m\u00f6glich zu beschreiben und diese bildlich darzustellen. Trotzdem k\u00f6nnen Farben von Textil sowie Aufdruck leicht von der Darstellung auf dem Bildschirm abweichen. Je nach Bildschirmeinstellung und Beschaffenheit des Textils k\u00f6nnen Farben leider nicht zu 100% realistisch dargestellt werden. Da alle Motive in Handarbeit auf dem Produkt platziert werden, kann es ebenfalls zu leichten Abweichungen bei Gr\u00f6\u00dfe und genauer Position des Motivs kommen. <\/p>\n<p>American Football L\u00e4tzchen: In der Farbe Pink und Gr\u00f6\u00dfe One Size genau das, was du gesucht hast<br \/>\nM\u00e4nner und Herren spitzt die Ohren: Mit dem Spruch &#8222;100% Patriot&#8220;, Statement und Football wird das Motiv zum Highlight<br \/>\n100% Baumwolle<br \/>\nPflegehinweis: Maschinenw\u00e4sche. Bedruckte Textilien bei maximal 30\u00b0 von links waschen. Von links bei mittlerer Temperatur b\u00fcgeln.<br \/>\nModellnummer: BZ12<br \/>\nSch\u00f6ner gro\u00dfer Kinder-Latz, besonders saugf\u00e4hig durch doppelt gelegte Baumwolle, im weichen, wei\u00dfen Klettverschluss verhaken sich keine Haare und er ist somit bequem zu tragen<br \/>\nDas Kinder-L\u00e4tzchen ist sehr gut hautvertr\u00e4glich, da es zum einen aus 100% Baumwolle besteht und unsere Textilien sowie Druckfarben dem Oeko-Tex Standard 100 unterliegen, es sollte bei 30 Grad gewaschen werden, wenn es sehr dreckig ist es aber auch mal bei 60 Grad waschbar<br \/>\nDieser nachhaltige Baby-Latz von Mantis World ist &#8222;Made in Africa&#8220;, ein Programm, bei dem darauf geachtet wird, dass z.B. die Bauern fair bezahlt werden, Zwangs- sowie Kinderarbeit tabu sind uvm &#8211; viele Bauern produzieren sogar Bio-Baumwolle<br \/>\n<div class=\"main-cross-sell\" data-asin=\"B07HCLQFXF\">\n\n\t<div class=\"WooZone-cross-sell-loader\">\n\t\t<div>\n\t\t\t<div id=\"floatingBarsG\">\n\t\t\t\t<div class=\"blockG\" id=\"rotateG_01\"><\/div>\n\t\t\t\t<div class=\"blockG\" id=\"rotateG_02\"><\/div>\n\t\t\t\t<div class=\"blockG\" id=\"rotateG_03\"><\/div>\n\t\t\t\t<div class=\"blockG\" id=\"rotateG_04\"><\/div>\n\t\t\t\t<div class=\"blockG\" id=\"rotateG_05\"><\/div>\n\t\t\t\t<div class=\"blockG\" id=\"rotateG_06\"><\/div>\n\t\t\t\t<div class=\"blockG\" id=\"rotateG_07\"><\/div>\n\t\t\t\t<div class=\"blockG\" id=\"rotateG_08\"><\/div>\n\t\t\t<\/div>\n\t\t\t<div class=\"WooZone-cross-sell-loader-text\"><\/div>\n\t\t<\/div>\n\t<\/div>\n\n\t\t\n<\/div>\n<div style=\"clear:both;\"><\/div>\n","protected":false},"excerpt":{"rendered":"<p>American Football L\u00e4tzchen: In der Farbe Pink und Gr\u00f6\u00dfe One Size genau das, was du gesucht hast<br \/>\nM\u00e4nner und Herren spitzt die Ohren: Mit dem Spruch &#8222;100% Patriot&#8220;, Statement und Football wird das Motiv zum Highlight<br \/>\n100% Baumwolle<\/p>\n","protected":false},"featured_media":4348,"comment_status":"open","ping_status":"closed","template":"","meta":{"rs_blank_template":"","rs_page_bg_color":"","slide_template_v7":""},"etheme_brands":[],"product_cat":[21],"product_tag":[],"class_list":{"0":"post-4347","1":"product","2":"type-product","3":"status-publish","4":"has-post-thumbnail","6":"product_cat-sabberlatz","7":"pa_brand-shirtracer","9":"first","10":"instock","11":"shipping-taxable","12":"product-type-simple"},"_links":{"self":[{"href":"https:\/\/www.babyelf.de\/index.php?rest_route=\/wp\/v2\/product\/4347","targetHints":{"allow":["GET"]}}],"collection":[{"href":"https:\/\/www.babyelf.de\/index.php?rest_route=\/wp\/v2\/product"}],"about":[{"href":"https:\/\/www.babyelf.de\/index.php?rest_route=\/wp\/v2\/types\/product"}],"replies":[{"embeddable":true,"href":"https:\/\/www.babyelf.de\/index.php?rest_route=%2Fwp%2Fv2%2Fcomments&post=4347"}],"wp:featuredmedia":[{"embeddable":true,"href":"https:\/\/www.babyelf.de\/index.php?rest_route=\/wp\/v2\/media\/4348"}],"wp:attachment":[{"href":"https:\/\/www.babyelf.de\/index.php?rest_route=%2Fwp%2Fv2%2Fmedia&parent=4347"}],"wp:term":[{"taxonomy":"brand","embeddable":true,"href":"https:\/\/www.babyelf.de\/index.php?rest_route=%2Fwp%2Fv2%2Fetheme_brands&post=4347"},{"taxonomy":"product_cat","embeddable":true,"href":"https:\/\/www.babyelf.de\/index.php?rest_route=%2Fwp%2Fv2%2Fproduct_cat&post=4347"},{"taxonomy":"product_tag","embeddable":true,"href":"https:\/\/www.babyelf.de\/index.php?rest_route=%2Fwp%2Fv2%2Fproduct_tag&post=4347"}],"curies":[{"name":"wp","href":"https:\/\/api.w.org\/{rel}","templated":true}]}}