{"id":4333,"date":"2020-08-21T10:22:47","date_gmt":"2020-08-21T10:22:47","guid":{"rendered":"https:\/\/www.babyelf.de\/?product=rianthis-laetzchen-erwachsenen-latz-wasserabweisend-mit-kruemelfach-und-druckknopfverschluss"},"modified":"2026-01-16T08:27:28","modified_gmt":"2026-01-16T07:27:28","slug":"rianthis-laetzchen-erwachsenen-latz-wasserabweisend-mit-kruemelfach-und-druckknopfverschluss","status":"publish","type":"product","link":"https:\/\/www.babyelf.de\/?product=rianthis-laetzchen-erwachsenen-latz-wasserabweisend-mit-kruemelfach-und-druckknopfverschluss","title":{"rendered":"BauGaa L\u00e4tzchen &#8211; Erwachsenen Latz I Wasserabweisend mit Auffangschale und Druckknopfverschluss I Abwaschbarer Kleiderschutz f\u00fcr Senioren und Erwachsene I Gro\u00df, Wiederverwendbar, rot kariert"},"content":{"rendered":"<p><!-- show up to 2 reviews by default --> <\/p>\n<p>ess sch\u00fcrze latz esssch\u00fcrze fangschutz ess-sch\u00fcrze mit auffang esssch\u00fcrzen esslatz e\u00dfsch\u00fcrze essschuerze medizinische polyester kleidungschutz l\u00e4tzchen erwachsene wasserdicht kr\u00fcmel falle pvc f\u00fcr frottee erwachsenen gro\u00dfes waschbar gro\u00df erwachsen grosses grosse hose mahlzeit behinderungen behinderungs behinderung laetzchen care paket bib erwachene taschen druckknopf l\u00e4tzchenf\u00fcr waschbare kr\u00fcmmel kleidung halsteil design sch\u00fcrzen grosser gro\u00dfer wasserdichter geschicklichkeit bekleidung saugf\u00e4hig pocket saugf\u00e4hige schlabberlatz druckkn\u00f6pfe wh pvc-bekleidung baumwolle wasserdichtes weiches baumwoll wasserdichte latzchen aus und bequemhose einmal essl\u00e4tzchen latschen senioren kleider schutz erwachsenenl\u00e4tzchen kleidschutz beutel perforiert 75 kleiderschutz kreideschutz produkte auffangtasche riesen folie r\u00fcckseite blau hell befestigungs versand kosten blaue st\u00fcck binden kopf ab hellblau l\u00e4tzen boden protector auffangschale wegwerf wegwerfl\u00e4tzchen cp medical essch\u00fcrzen serviettenkette serviette kette esssch\u00fcrtze farbe frotteel\u00e4tzchen store breit w\u00e4sche halsausschnitt w\u00e4scheschutz schmutz sabberlatz lustig internationale apotheke l\u00e4ztchen kr\u00fcmelfach ewachsene abwaschbar kleidungsschutz beim essen kleindungsschutz abwaschbare schlupfl\u00e4tzchen plastik plastikl\u00e4tzchen gro\u00dfe sabberl\u00e4tzchen kaufen zum l\u00e4ssig bedrucken g\u00fcnstig silikon schlabberl\u00e4tzchen kunststoff personalisiert klettverschluss namen essenslatz langarm bemalen personalisiertes fl\u00e4schchenw\u00e4rmer spruch g\u00fcnstige spuckl\u00e4tzchen wasserundurchl\u00e4ssig lang xxl lassen spa\u00df abwaschbarer lange abwischen extra erwachsenenlatz selbst gross plastiklatz behinderte witzige bindel\u00e4tzchen kleckerlatz einfarbig m\u00e4nner n\u00e4hen name beschichtet seniorenlatz verbrauch bestimmte pflegehilfsmittel auffangl\u00e4tzchen n\u00e4sseschutz plastiksch\u00fcrze riesenl\u00e4tzchen folienr\u00fcckseite beschichtung pflegeartikel essschutz pflegezubeh\u00f6r altenpflege schutzl\u00e4tzchen folienl\u00e4tzchen stoffl\u00e4tzchen speiselatz kleckerschutz riesenlatz <\/p>\n<p>&#x2705; SUPER SCHUTZ \u2013 Nie wieder verschmutzte Kleidung dank dem Rianthis L\u00e4tzchen<br \/>\n&#x2705; KR\u00dcMELF\u00c4NGER \u2013 immer einen sauberen Boden durch ein gro\u00dfz\u00fcgig gestaltetes Kr\u00fcmelfach<br \/>\n&#x2705; WASCHMASCHINENGEEIGNET \u2013 Reinigen des L\u00e4tzchens in der Waschmaschine problemlos m\u00f6glich<br \/>\n&#x2705; WASSERABWEISEND \u2013 Auch vor Fl\u00fcssigkeiten wird die Kleidung wirkungsvoll gesch\u00fctzt<br \/>\n&#x2705; EINFACHER VERSCHLUSS \u2013 Kinderleichtes anziehen des L\u00e4tzchens dank Druckkn\u00f6pfen<br \/>\n<div class=\"main-cross-sell\" data-asin=\"B07QGX499H\">\n\n\t<div class=\"WooZone-cross-sell-loader\">\n\t\t<div>\n\t\t\t<div id=\"floatingBarsG\">\n\t\t\t\t<div class=\"blockG\" id=\"rotateG_01\"><\/div>\n\t\t\t\t<div class=\"blockG\" id=\"rotateG_02\"><\/div>\n\t\t\t\t<div class=\"blockG\" id=\"rotateG_03\"><\/div>\n\t\t\t\t<div class=\"blockG\" id=\"rotateG_04\"><\/div>\n\t\t\t\t<div class=\"blockG\" id=\"rotateG_05\"><\/div>\n\t\t\t\t<div class=\"blockG\" id=\"rotateG_06\"><\/div>\n\t\t\t\t<div class=\"blockG\" id=\"rotateG_07\"><\/div>\n\t\t\t\t<div class=\"blockG\" id=\"rotateG_08\"><\/div>\n\t\t\t<\/div>\n\t\t\t<div class=\"WooZone-cross-sell-loader-text\"><\/div>\n\t\t<\/div>\n\t<\/div>\n\n\t\t\n<\/div>\n<div style=\"clear:both;\"><\/div>\n","protected":false},"excerpt":{"rendered":"<p>&#x2705; SUPER SCHUTZ \u2013 Nie wieder verschmutzte Kleidung dank dem Rianthis L\u00e4tzchen<br \/>\n&#x2705; KR\u00dcMELF\u00c4NGER \u2013 immer einen sauberen Boden durch ein gro\u00dfz\u00fcgig gestaltetes Kr\u00fcmelfach<br \/>\n&#x2705; WASCHMASCHINENGEEIGNET \u2013 Reinigen des L\u00e4tzchens in der Waschmaschine problemlos m\u00f6glich<\/p>\n","protected":false},"featured_media":4334,"comment_status":"open","ping_status":"closed","template":"","meta":{"rs_blank_template":"","rs_page_bg_color":"","slide_template_v7":""},"etheme_brands":[],"product_cat":[21],"product_tag":[],"class_list":{"0":"post-4333","1":"product","2":"type-product","3":"status-publish","4":"has-post-thumbnail","6":"product_cat-sabberlatz","7":"pa_brand-baugaa","9":"first","10":"instock","11":"shipping-taxable","12":"product-type-simple"},"_links":{"self":[{"href":"https:\/\/www.babyelf.de\/index.php?rest_route=\/wp\/v2\/product\/4333","targetHints":{"allow":["GET"]}}],"collection":[{"href":"https:\/\/www.babyelf.de\/index.php?rest_route=\/wp\/v2\/product"}],"about":[{"href":"https:\/\/www.babyelf.de\/index.php?rest_route=\/wp\/v2\/types\/product"}],"replies":[{"embeddable":true,"href":"https:\/\/www.babyelf.de\/index.php?rest_route=%2Fwp%2Fv2%2Fcomments&post=4333"}],"wp:featuredmedia":[{"embeddable":true,"href":"https:\/\/www.babyelf.de\/index.php?rest_route=\/wp\/v2\/media\/4334"}],"wp:attachment":[{"href":"https:\/\/www.babyelf.de\/index.php?rest_route=%2Fwp%2Fv2%2Fmedia&parent=4333"}],"wp:term":[{"taxonomy":"brand","embeddable":true,"href":"https:\/\/www.babyelf.de\/index.php?rest_route=%2Fwp%2Fv2%2Fetheme_brands&post=4333"},{"taxonomy":"product_cat","embeddable":true,"href":"https:\/\/www.babyelf.de\/index.php?rest_route=%2Fwp%2Fv2%2Fproduct_cat&post=4333"},{"taxonomy":"product_tag","embeddable":true,"href":"https:\/\/www.babyelf.de\/index.php?rest_route=%2Fwp%2Fv2%2Fproduct_tag&post=4333"}],"curies":[{"name":"wp","href":"https:\/\/api.w.org\/{rel}","templated":true}]}}