{"id":4245,"date":"2020-08-21T10:19:26","date_gmt":"2020-08-21T10:19:26","guid":{"rendered":"https:\/\/www.babyelf.de\/?product=missrompy-laetzchen-eule-860-mit-name-babylaetzchen-sabberlatz-spucktuch-kleckerlatz"},"modified":"2026-01-16T08:27:05","modified_gmt":"2026-01-16T07:27:05","slug":"missrompy-laetzchen-eule-860-mit-name-babylaetzchen-sabberlatz-spucktuch-kleckerlatz","status":"publish","type":"product","link":"https:\/\/www.babyelf.de\/?product=missrompy-laetzchen-eule-860-mit-name-babylaetzchen-sabberlatz-spucktuch-kleckerlatz","title":{"rendered":"MissRompy L\u00e4tzchen Eule (860) mit Name Babyl\u00e4tzchen Sabberlatz Spucktuch Kleckerlatz"},"content":{"rendered":"<p>Babyl\u00e4tzchen Sabberlatz Spucktuch Kleckerlatz<\/p>\n<p>Gro\u00dfes, kuschelig weiches L\u00e4tzchen mit Wunschname,<br \/>\nhier kann gro\u00dffl\u00e4chig gekleckert werden<\/p>\n<p>Gr\u00f6\u00dfe: ca. 28 x 35 cm<\/p>\n<p>Ausf\u00fchrung: angenehmer Griff, zweilagig gearbeitet<br \/>\nVorderseite Jersey, R\u00fcckseite weiches Frottee<br \/>\nMit Klettverschluss, kann an Babys Halsumfang angepasst werden<\/p>\n<p>Pflegeleichtes Material: 55% Polyester, 45% Baumwolle<br \/>\nHerstellungsart: Sublimationsdruck, Farben bluten auch nach h\u00e4ufigem Waschen nicht aus!<br \/>\nPflege: 30\u00b0 maschinenwaschbar, trocknergeeignet bei 1 Punkt Schongang<\/p>\n<p>Jedes L\u00e4tzchen ist ein Unikat, da Einzelanfertigung. In Handarbeit professionell mit Wunsch-Name bedruckt wird es zu einem ganz besonderen Geschenk zur Geburt oder Taufe.<br \/>\nDas L\u00e4tzchen besticht durch seine tolle Gr\u00f6\u00dfe!<\/p>\n<p>Das dargestellten Motiv ist auf vielen weiteren Artikel mit Wunschname lieferbar:<br \/>\nTrinkflaschen<br \/>\nBrotdosen<br \/>\nRucks\u00e4cke<br \/>\nTassen<br \/>\nGeldbeutel<br \/>\nBrustbeutel<br \/>\nHandt\u00fccher<br \/>\nSpardosen<br \/>\nTurnbeutel<br \/>\nStoffbeutel<br \/>\nB\u00fcgelbilder u.v.m.<\/p>\n<p>Je nach Bildschirmeinstellung k\u00f6nnen die dargestellten Farben etwas vom Original-Farbton abweichen.<\/p>\n<div class=\"main-cross-sell\" data-asin=\"B07KJJD6S9\">\n\n\t<div class=\"WooZone-cross-sell-loader\">\n\t\t<div>\n\t\t\t<div id=\"floatingBarsG\">\n\t\t\t\t<div class=\"blockG\" id=\"rotateG_01\"><\/div>\n\t\t\t\t<div class=\"blockG\" id=\"rotateG_02\"><\/div>\n\t\t\t\t<div class=\"blockG\" id=\"rotateG_03\"><\/div>\n\t\t\t\t<div class=\"blockG\" id=\"rotateG_04\"><\/div>\n\t\t\t\t<div class=\"blockG\" id=\"rotateG_05\"><\/div>\n\t\t\t\t<div class=\"blockG\" id=\"rotateG_06\"><\/div>\n\t\t\t\t<div class=\"blockG\" id=\"rotateG_07\"><\/div>\n\t\t\t\t<div class=\"blockG\" id=\"rotateG_08\"><\/div>\n\t\t\t<\/div>\n\t\t\t<div class=\"WooZone-cross-sell-loader-text\"><\/div>\n\t\t<\/div>\n\t<\/div>\n\n\t\t\n<\/div>\n<div style=\"clear:both;\"><\/div>\n","protected":false},"excerpt":{"rendered":"<p>Babyl\u00e4tzchen Sabberlatz Spucktuch Kleckerlatz<\/p>\n<p>Gro\u00dfes, kuschelig weiches L\u00e4tzchen mit Wunschname,<br \/>\nhier kann gro\u00dffl\u00e4chig gekleckert werden<\/p>\n<p>Gr\u00f6\u00dfe: ca. 28 x 35 cm<\/p>\n<p>Ausf\u00fchrung: angenehmer Griff, zweilagig gearbeitet<br \/>\nVorderseite Jersey, R\u00fcckseite weiches Frottee<br \/>\nMit Klettverschluss, kann an Babys Halsumfang angepasst werden<\/p>\n<p>Pflegeleichtes Material: 55% Polyester, 45% Baumwolle<br \/>\nHerstellungsart: Sublimationsdruck, Farben bluten auch nach h\u00e4ufigem Waschen nicht aus!<br \/>\nPflege: 30\u00b0 maschinenwaschbar, trocknergeeignet bei 1 Punkt Schongang<\/p>\n","protected":false},"featured_media":4246,"comment_status":"open","ping_status":"closed","template":"","meta":{"rs_blank_template":"","rs_page_bg_color":"","slide_template_v7":""},"etheme_brands":[],"product_cat":[21],"product_tag":[],"class_list":{"0":"post-4245","1":"product","2":"type-product","3":"status-publish","4":"has-post-thumbnail","6":"product_cat-sabberlatz","7":"pa_brand-missrompy","9":"first","10":"instock","11":"shipping-taxable","12":"product-type-simple"},"_links":{"self":[{"href":"https:\/\/www.babyelf.de\/index.php?rest_route=\/wp\/v2\/product\/4245","targetHints":{"allow":["GET"]}}],"collection":[{"href":"https:\/\/www.babyelf.de\/index.php?rest_route=\/wp\/v2\/product"}],"about":[{"href":"https:\/\/www.babyelf.de\/index.php?rest_route=\/wp\/v2\/types\/product"}],"replies":[{"embeddable":true,"href":"https:\/\/www.babyelf.de\/index.php?rest_route=%2Fwp%2Fv2%2Fcomments&post=4245"}],"wp:featuredmedia":[{"embeddable":true,"href":"https:\/\/www.babyelf.de\/index.php?rest_route=\/wp\/v2\/media\/4246"}],"wp:attachment":[{"href":"https:\/\/www.babyelf.de\/index.php?rest_route=%2Fwp%2Fv2%2Fmedia&parent=4245"}],"wp:term":[{"taxonomy":"brand","embeddable":true,"href":"https:\/\/www.babyelf.de\/index.php?rest_route=%2Fwp%2Fv2%2Fetheme_brands&post=4245"},{"taxonomy":"product_cat","embeddable":true,"href":"https:\/\/www.babyelf.de\/index.php?rest_route=%2Fwp%2Fv2%2Fproduct_cat&post=4245"},{"taxonomy":"product_tag","embeddable":true,"href":"https:\/\/www.babyelf.de\/index.php?rest_route=%2Fwp%2Fv2%2Fproduct_tag&post=4245"}],"curies":[{"name":"wp","href":"https:\/\/api.w.org\/{rel}","templated":true}]}}