{"id":4227,"date":"2020-08-21T10:19:19","date_gmt":"2020-08-21T10:19:19","guid":{"rendered":"https:\/\/www.babyelf.de\/?product=pippi-baby-kinder-halstuch-dreieckstuch-3er-set"},"modified":"2026-01-16T08:27:05","modified_gmt":"2026-01-16T07:27:05","slug":"pippi-baby-kinder-halstuch-dreieckstuch-3er-set","status":"publish","type":"product","link":"https:\/\/www.babyelf.de\/?product=pippi-baby-kinder-halstuch-dreieckstuch-3er-set","title":{"rendered":"Pippi Baby Kinder Halstuch Dreieckstuch 3er-Set Eulen"},"content":{"rendered":"<p>3er Set Halst\u00fccher<br \/>\nEinheitsgr\u00f6\u00dfe, ca. 0-3 Jahre (bis ca. 28cm Halsumfang)<br \/>\n65% Organic Baumwolle, 35% Polyester<br \/>\nModellnummer: 4538-785<br \/>\nMit 2 Druckkn\u00f6pfen, gr\u00f6\u00dfenverstellbar<br \/>\nStoff doppellagig: 65% organische Baumwolle 35% Polyester, dazwischen eine eingearbeitete Membrane 100% Polyester.<br \/>\n<div class=\"main-cross-sell\" data-asin=\"B075T1WSRN\">\n\n\t<div class=\"WooZone-cross-sell-loader\">\n\t\t<div>\n\t\t\t<div id=\"floatingBarsG\">\n\t\t\t\t<div class=\"blockG\" id=\"rotateG_01\"><\/div>\n\t\t\t\t<div class=\"blockG\" id=\"rotateG_02\"><\/div>\n\t\t\t\t<div class=\"blockG\" id=\"rotateG_03\"><\/div>\n\t\t\t\t<div class=\"blockG\" id=\"rotateG_04\"><\/div>\n\t\t\t\t<div class=\"blockG\" id=\"rotateG_05\"><\/div>\n\t\t\t\t<div class=\"blockG\" id=\"rotateG_06\"><\/div>\n\t\t\t\t<div class=\"blockG\" id=\"rotateG_07\"><\/div>\n\t\t\t\t<div class=\"blockG\" id=\"rotateG_08\"><\/div>\n\t\t\t<\/div>\n\t\t\t<div class=\"WooZone-cross-sell-loader-text\"><\/div>\n\t\t<\/div>\n\t<\/div>\n\n\t\t\n<\/div>\n<div style=\"clear:both;\"><\/div>\n","protected":false},"excerpt":{"rendered":"<p>3er Set Halst\u00fccher<br \/>\nEinheitsgr\u00f6\u00dfe, ca. 0-3 Jahre (bis ca. 28cm Halsumfang)<br \/>\n65% Organic Baumwolle, 35% Polyester<\/p>\n","protected":false},"featured_media":4228,"comment_status":"open","ping_status":"closed","template":"","meta":{"rs_blank_template":"","rs_page_bg_color":"","slide_template_v7":""},"etheme_brands":[],"product_cat":[21],"product_tag":[],"class_list":{"0":"post-4227","1":"product","2":"type-product","3":"status-publish","4":"has-post-thumbnail","6":"product_cat-sabberlatz","7":"pa_brand-pippi","9":"first","10":"instock","11":"shipping-taxable","12":"product-type-simple"},"_links":{"self":[{"href":"https:\/\/www.babyelf.de\/index.php?rest_route=\/wp\/v2\/product\/4227","targetHints":{"allow":["GET"]}}],"collection":[{"href":"https:\/\/www.babyelf.de\/index.php?rest_route=\/wp\/v2\/product"}],"about":[{"href":"https:\/\/www.babyelf.de\/index.php?rest_route=\/wp\/v2\/types\/product"}],"replies":[{"embeddable":true,"href":"https:\/\/www.babyelf.de\/index.php?rest_route=%2Fwp%2Fv2%2Fcomments&post=4227"}],"wp:featuredmedia":[{"embeddable":true,"href":"https:\/\/www.babyelf.de\/index.php?rest_route=\/wp\/v2\/media\/4228"}],"wp:attachment":[{"href":"https:\/\/www.babyelf.de\/index.php?rest_route=%2Fwp%2Fv2%2Fmedia&parent=4227"}],"wp:term":[{"taxonomy":"brand","embeddable":true,"href":"https:\/\/www.babyelf.de\/index.php?rest_route=%2Fwp%2Fv2%2Fetheme_brands&post=4227"},{"taxonomy":"product_cat","embeddable":true,"href":"https:\/\/www.babyelf.de\/index.php?rest_route=%2Fwp%2Fv2%2Fproduct_cat&post=4227"},{"taxonomy":"product_tag","embeddable":true,"href":"https:\/\/www.babyelf.de\/index.php?rest_route=%2Fwp%2Fv2%2Fproduct_tag&post=4227"}],"curies":[{"name":"wp","href":"https:\/\/api.w.org\/{rel}","templated":true}]}}