{"id":4202,"date":"2020-08-21T10:19:09","date_gmt":"2020-08-21T10:19:09","guid":{"rendered":"https:\/\/www.babyelf.de\/?product=kleckerlatz-scherz-latz-fuer-erwachsene-ich-kleckere-nicht-ich-dekoriere"},"modified":"2026-01-16T08:27:05","modified_gmt":"2026-01-16T07:27:05","slug":"kleckerlatz-scherz-latz-fuer-erwachsene-ich-kleckere-nicht-ich-dekoriere","status":"publish","type":"product","link":"https:\/\/www.babyelf.de\/?product=kleckerlatz-scherz-latz-fuer-erwachsene-ich-kleckere-nicht-ich-dekoriere","title":{"rendered":"Kleckerlatz Scherz-Latz f\u00fcr Erwachsene und Kinder &#8211; Ich kleckere nicht, ich dekoriere &#8211; 100% Baumwolle, Wei\u00df &#8211; Witziges Geschenk zum Geburtstag"},"content":{"rendered":"<p><!-- show up to 2 reviews by default --> <\/p>\n<p><strong>Ein lustiger Latz f\u00fcr Erwachsene (nat\u00fcrlich auch f\u00fcr Kinder geeignet) mit dem Aufdruck &#8222;Ich kleckere nicht, ich dekoriere&#8220;<\/strong><\/p>\n<p><strong> <\/p>\n<p>Beliebt als Geburtstags-Geschenk oder f\u00fcr einen Kollegen\/Kollegin im B\u00fcro.<\/p>\n<p>Gr\u00f6\u00dfe: 40 cm lang und 30 cm breit<\/p>\n<p>kostenloser Versand, versichert<\/p>\n<p>Sie m\u00f6chten ihr eigenes Foto auf einem Baby-L\u00e4tzchen? Kein Problem, kontaktieren Sie uns.<\/p>\n<p> <\/strong><\/p>\n<p><strong>Weitere lustige Artikel aus den Themenbereichen Geschenkartikel, Ostalgie, S\u00e4schsicher Dialekt &amp; Mundart und vieles mehr finden Sie hier in unserem Amazon Shop.<\/strong><\/p>\n<\/p>\n<p>Schlabberlatz f\u00fcr Erwachsene (oder Kinder)<br \/>\nkein Plastik, f\u00fcr Kinder geeignet<br \/>\n100% Baumwolle<br \/>\nPflegehinweis: Handw\u00e4sche bis 30 Grad<br \/>\nModellnummer: KL100921<br \/>\n100% Baumwolle, wei\u00df<br \/>\nPflegehinweis: Handw\u00e4sche bis 30 Grad<br \/>\nwitziges Geschenk zum Geburtstag<br \/>\n<div class=\"main-cross-sell\" data-asin=\"B01LY32H8Q\">\n\n\t<div class=\"WooZone-cross-sell-loader\">\n\t\t<div>\n\t\t\t<div id=\"floatingBarsG\">\n\t\t\t\t<div class=\"blockG\" id=\"rotateG_01\"><\/div>\n\t\t\t\t<div class=\"blockG\" id=\"rotateG_02\"><\/div>\n\t\t\t\t<div class=\"blockG\" id=\"rotateG_03\"><\/div>\n\t\t\t\t<div class=\"blockG\" id=\"rotateG_04\"><\/div>\n\t\t\t\t<div class=\"blockG\" id=\"rotateG_05\"><\/div>\n\t\t\t\t<div class=\"blockG\" id=\"rotateG_06\"><\/div>\n\t\t\t\t<div class=\"blockG\" id=\"rotateG_07\"><\/div>\n\t\t\t\t<div class=\"blockG\" id=\"rotateG_08\"><\/div>\n\t\t\t<\/div>\n\t\t\t<div class=\"WooZone-cross-sell-loader-text\"><\/div>\n\t\t<\/div>\n\t<\/div>\n\n\t\t\n<\/div>\n<div style=\"clear:both;\"><\/div>\n","protected":false},"excerpt":{"rendered":"<p>Schlabberlatz f\u00fcr Erwachsene (oder Kinder)<br \/>\nkein Plastik, f\u00fcr Kinder geeignet<br \/>\n100% Baumwolle<\/p>\n","protected":false},"featured_media":4203,"comment_status":"open","ping_status":"closed","template":"","meta":{"rs_blank_template":"","rs_page_bg_color":"","slide_template_v7":""},"etheme_brands":[],"product_cat":[21],"product_tag":[],"class_list":{"0":"post-4202","1":"product","2":"type-product","3":"status-publish","4":"has-post-thumbnail","6":"product_cat-sabberlatz","7":"pa_brand-kleckerlatz","9":"first","10":"instock","11":"shipping-taxable","12":"product-type-simple"},"_links":{"self":[{"href":"https:\/\/www.babyelf.de\/index.php?rest_route=\/wp\/v2\/product\/4202","targetHints":{"allow":["GET"]}}],"collection":[{"href":"https:\/\/www.babyelf.de\/index.php?rest_route=\/wp\/v2\/product"}],"about":[{"href":"https:\/\/www.babyelf.de\/index.php?rest_route=\/wp\/v2\/types\/product"}],"replies":[{"embeddable":true,"href":"https:\/\/www.babyelf.de\/index.php?rest_route=%2Fwp%2Fv2%2Fcomments&post=4202"}],"wp:featuredmedia":[{"embeddable":true,"href":"https:\/\/www.babyelf.de\/index.php?rest_route=\/wp\/v2\/media\/4203"}],"wp:attachment":[{"href":"https:\/\/www.babyelf.de\/index.php?rest_route=%2Fwp%2Fv2%2Fmedia&parent=4202"}],"wp:term":[{"taxonomy":"brand","embeddable":true,"href":"https:\/\/www.babyelf.de\/index.php?rest_route=%2Fwp%2Fv2%2Fetheme_brands&post=4202"},{"taxonomy":"product_cat","embeddable":true,"href":"https:\/\/www.babyelf.de\/index.php?rest_route=%2Fwp%2Fv2%2Fproduct_cat&post=4202"},{"taxonomy":"product_tag","embeddable":true,"href":"https:\/\/www.babyelf.de\/index.php?rest_route=%2Fwp%2Fv2%2Fproduct_tag&post=4202"}],"curies":[{"name":"wp","href":"https:\/\/api.w.org\/{rel}","templated":true}]}}