{"id":4075,"date":"2020-08-21T10:15:34","date_gmt":"2020-08-21T10:15:34","guid":{"rendered":"https:\/\/www.babyelf.de\/?product=chicco-london-up-buggy-blue-passion"},"modified":"2026-01-16T08:26:04","modified_gmt":"2026-01-16T07:26:04","slug":"chicco-london-up-buggy-blue-passion","status":"publish","type":"product","link":"https:\/\/www.babyelf.de\/?product=chicco-london-up-buggy-blue-passion","title":{"rendered":"Chicco London Up Leichter Zusammenklappbarer Kinderwagen von 0 Monaten bis 15 kg, Verstellbarer und Kompakter Kinderbuggy mit Frontb\u00fcgel, Schlafposition, Regenschirmverschluss"},"content":{"rendered":"<div>\n<h3 class=\"tab-title\">Chicco London Up Leichter Zusammenklappbarer Kinderwagen<\/h3>\n<\/div>\n<div class=\"disclaim\">Farbe:<strong>blau<\/strong><\/div>\n<p><!-- show up to 2 reviews by default --><\/p>\n<h3>Produktbeschreibung<\/h3>\n<p>Leicht und wendig, das ist das Motto von London Up. F\u00fcr angenehmes Fahren in der belebten Stadt ist dieser Buggy ideal. In schmalen G\u00e4ngen und an engen Stellen ist man mit dem Nachwuchs problemlos unterwegs. Ein 5-Punkt Gurt sichert das Kind auf dem breiten Sitz, die 4-fach verstellbare R\u00fcckenlehne ist bis in Liegeposition absenkbar. Auch die Beinst\u00fctze kann je nach Gr\u00f6\u00dfe des Kindes verstellt werden. Das robuste und mit einem Gewicht von nur 7,2 kg sehr leichte Gestell mit den vier Doppelr\u00e4dern l\u00e4sst sich dank Schirm-Schlie\u00dfmechanismus sehr kompakt zusammenfalten.<\/p>\n<h3>Set enth\u00e4lt:<\/h3>\n<p>Inkl. Regenschutz, Einh\u00e4ngekorb<\/p>\n<p>Leicht und wendig, das ist das Motto von London Up. F\u00fcr angenehmes Fahren in der belebten Stadt ist dieser Buggy ideal. In schmalen G\u00e4ngen und an engen Stellen ist man inkl. Nachwuchs optimal unterwegs. Ein 5-Punkt Gurt sichert das Kind, die R\u00fcckenlehne ist komplett absenkbar<br \/>\nEmpfohlen ab der Geburt bis 15 kg K\u00f6rpergewicht. Ideal von 0 bis 36 Monaten<br \/>\nDie R\u00fcckenlehne ist 4-fach verstellbar \u2013 mit nur 1 Hand<br \/>\nPraktisch, mit super kompaktem Schirm-Faltmechanismus<br \/>\nFaltbarer Frontb\u00fcgel (weich gepolstert) und verstellbare Fu\u00dfst\u00fctze<br \/>\n<div class=\"main-cross-sell\" data-asin=\"B01M0G120F\">\n\n\t<div class=\"WooZone-cross-sell-loader\">\n\t\t<div>\n\t\t\t<div id=\"floatingBarsG\">\n\t\t\t\t<div class=\"blockG\" id=\"rotateG_01\"><\/div>\n\t\t\t\t<div class=\"blockG\" id=\"rotateG_02\"><\/div>\n\t\t\t\t<div class=\"blockG\" id=\"rotateG_03\"><\/div>\n\t\t\t\t<div class=\"blockG\" id=\"rotateG_04\"><\/div>\n\t\t\t\t<div class=\"blockG\" id=\"rotateG_05\"><\/div>\n\t\t\t\t<div class=\"blockG\" id=\"rotateG_06\"><\/div>\n\t\t\t\t<div class=\"blockG\" id=\"rotateG_07\"><\/div>\n\t\t\t\t<div class=\"blockG\" id=\"rotateG_08\"><\/div>\n\t\t\t<\/div>\n\t\t\t<div class=\"WooZone-cross-sell-loader-text\"><\/div>\n\t\t<\/div>\n\t<\/div>\n\n\t\t\n<\/div>\n<div style=\"clear:both;\"><\/div>\n","protected":false},"excerpt":{"rendered":"<h3 class=\"tab-title\">Chicco London Up Leichter Zusammenklappbarer Kinderwagen<\/h3>\n<p>Leicht und wendig, das ist das Motto von London Up. F\u00fcr angenehmes Fahren in der belebten Stadt ist dieser Buggy ideal. In schmalen G\u00e4ngen und an engen Stellen ist man inkl. Nachwuchs optimal unterwegs. Ein 5-Punkt Gurt sichert das Kind, die R\u00fcckenlehne ist komplett absenkbar<br \/>\nEmpfohlen ab der Geburt bis 15 kg K\u00f6rpergewicht. Ideal von 0 bis 36 Monaten<br \/>\nDie R\u00fcckenlehne ist 4-fach verstellbar \u2013 mit nur 1 Hand<\/p>\n","protected":false},"featured_media":4076,"comment_status":"open","ping_status":"closed","template":"","meta":{"rs_blank_template":"","rs_page_bg_color":"","slide_template_v7":""},"etheme_brands":[],"product_cat":[25],"product_tag":[],"class_list":{"0":"post-4075","1":"product","2":"type-product","3":"status-publish","4":"has-post-thumbnail","6":"product_cat-kinderwagen","7":"pa_brand-chicco","9":"first","10":"instock","11":"shipping-taxable","12":"product-type-simple"},"_links":{"self":[{"href":"https:\/\/www.babyelf.de\/index.php?rest_route=\/wp\/v2\/product\/4075","targetHints":{"allow":["GET"]}}],"collection":[{"href":"https:\/\/www.babyelf.de\/index.php?rest_route=\/wp\/v2\/product"}],"about":[{"href":"https:\/\/www.babyelf.de\/index.php?rest_route=\/wp\/v2\/types\/product"}],"replies":[{"embeddable":true,"href":"https:\/\/www.babyelf.de\/index.php?rest_route=%2Fwp%2Fv2%2Fcomments&post=4075"}],"wp:featuredmedia":[{"embeddable":true,"href":"https:\/\/www.babyelf.de\/index.php?rest_route=\/wp\/v2\/media\/4076"}],"wp:attachment":[{"href":"https:\/\/www.babyelf.de\/index.php?rest_route=%2Fwp%2Fv2%2Fmedia&parent=4075"}],"wp:term":[{"taxonomy":"brand","embeddable":true,"href":"https:\/\/www.babyelf.de\/index.php?rest_route=%2Fwp%2Fv2%2Fetheme_brands&post=4075"},{"taxonomy":"product_cat","embeddable":true,"href":"https:\/\/www.babyelf.de\/index.php?rest_route=%2Fwp%2Fv2%2Fproduct_cat&post=4075"},{"taxonomy":"product_tag","embeddable":true,"href":"https:\/\/www.babyelf.de\/index.php?rest_route=%2Fwp%2Fv2%2Fproduct_tag&post=4075"}],"curies":[{"name":"wp","href":"https:\/\/api.w.org\/{rel}","templated":true}]}}