{"id":3948,"date":"2020-08-21T10:05:51","date_gmt":"2020-08-21T10:05:51","guid":{"rendered":"https:\/\/www.babyelf.de\/?product=moni-hs222s010-joy-grau"},"modified":"2026-01-16T08:23:26","modified_gmt":"2026-01-16T07:23:26","slug":"moni-hs222s010-joy-grau","status":"publish","type":"product","link":"https:\/\/www.babyelf.de\/?product=moni-hs222s010-joy-grau","title":{"rendered":"MONI HS222(S010) Joy, grau"},"content":{"rendered":"<div class=\"disclaim\"> Farbe:<strong>grau<\/strong> <\/div>\n<p> <!-- show up to 2 reviews by default --> <\/p>\n<h3>Produktbeschreibung<\/h3>\n<p>Das Produkt ist geeignet f\u00fcr Kinder im Alter von 6-36 Monaten, mit einem Gewicht von bis zu 15 kg. Dieser Sommerbuggy ist mit leichtem Eisenrahmen f\u00fcr einfachen Transport und sehr man\u00f6vrierbaren Vorderr\u00e4dern mit 360 \u00b0 -Drehung ausgestattet. Die Vorderr\u00e4der bieten eine &#8222;Sperrfunktion&#8220;, um maximalen Komfort auf der Stra\u00dfe zu gew\u00e4hrleisten. Die Hinterr\u00e4der sind mit &#8222;One-Touch-Break&#8220; f\u00fcr die gleichzeitige Fixierung beider R\u00e4der ausgestattet. Die Griffe von Joy sind h\u00f6henverstellbar, je nach den Bed\u00fcrfnissen und Vorlieben der Eltern. Dieser Kinderwagen bietet auch ein F\u00fcnf-Punkt-Gurtsystem mit weichen Schulterpolster, um die Sicherheit Ihres Babys zu gew\u00e4hrleisten. Die R\u00fcckseite des Sitzes bietet 5 Positionen zum Sitzen und Halbliegen. Die Fu\u00dfst\u00fctze kann ebenfalls reguliert werden, um den Komfort Ihres Babys zu gew\u00e4hrleisten. Der Kinderwagen Joy ist einfach zu falten und zu entfalten, bietet einen Korb zum Tragen Ihres Gep\u00e4cks, bis zu 2 kg, sowie eine zus\u00e4tzliche Tasche am Baldachin und erleichtert so den Eltern das Beste. Der Baldachin hat eine Drei-Grad-Regulierung, mit einem &#8222;Peek-a-boo&#8220; -Fenster und kann vollst\u00e4ndig entfernt werden. Dieser Kinderwagen hat eine verl\u00e4ngerte Haube, die Ihrem Baby bei voller Entfaltung sonnenlichtfreie Tr\u00e4ume bietet. <\/p>\n<h3>Set enth\u00e4lt:<\/h3>\n<p>1 x Stroller frame <\/p>\n<p>Leichter Metallrahmen, Regenschirm-Spazierg\u00e4nger<br \/>\nSitzende und halb liegende R\u00fcckenlehnenregulierung<br \/>\nHochwertiger Leinenstoff<br \/>\n<div class=\"main-cross-sell\" data-asin=\"B075CWH6HJ\">\n\n\t<div class=\"WooZone-cross-sell-loader\">\n\t\t<div>\n\t\t\t<div id=\"floatingBarsG\">\n\t\t\t\t<div class=\"blockG\" id=\"rotateG_01\"><\/div>\n\t\t\t\t<div class=\"blockG\" id=\"rotateG_02\"><\/div>\n\t\t\t\t<div class=\"blockG\" id=\"rotateG_03\"><\/div>\n\t\t\t\t<div class=\"blockG\" id=\"rotateG_04\"><\/div>\n\t\t\t\t<div class=\"blockG\" id=\"rotateG_05\"><\/div>\n\t\t\t\t<div class=\"blockG\" id=\"rotateG_06\"><\/div>\n\t\t\t\t<div class=\"blockG\" id=\"rotateG_07\"><\/div>\n\t\t\t\t<div class=\"blockG\" id=\"rotateG_08\"><\/div>\n\t\t\t<\/div>\n\t\t\t<div class=\"WooZone-cross-sell-loader-text\"><\/div>\n\t\t<\/div>\n\t<\/div>\n\n\t\t\n<\/div>\n<div style=\"clear:both;\"><\/div>\n","protected":false},"excerpt":{"rendered":"<p>Leichter Metallrahmen, Regenschirm-Spazierg\u00e4nger<br \/>\nSitzende und halb liegende R\u00fcckenlehnenregulierung<br \/>\nHochwertiger Leinenstoff<\/p>\n","protected":false},"featured_media":3949,"comment_status":"open","ping_status":"closed","template":"","meta":{"rs_blank_template":"","rs_page_bg_color":"","slide_template_v7":""},"etheme_brands":[],"product_cat":[25],"product_tag":[],"class_list":{"0":"post-3948","1":"product","2":"type-product","3":"status-publish","4":"has-post-thumbnail","6":"product_cat-kinderwagen","7":"pa_brand-moni","9":"first","10":"instock","11":"shipping-taxable","12":"product-type-simple"},"_links":{"self":[{"href":"https:\/\/www.babyelf.de\/index.php?rest_route=\/wp\/v2\/product\/3948","targetHints":{"allow":["GET"]}}],"collection":[{"href":"https:\/\/www.babyelf.de\/index.php?rest_route=\/wp\/v2\/product"}],"about":[{"href":"https:\/\/www.babyelf.de\/index.php?rest_route=\/wp\/v2\/types\/product"}],"replies":[{"embeddable":true,"href":"https:\/\/www.babyelf.de\/index.php?rest_route=%2Fwp%2Fv2%2Fcomments&post=3948"}],"wp:featuredmedia":[{"embeddable":true,"href":"https:\/\/www.babyelf.de\/index.php?rest_route=\/wp\/v2\/media\/3949"}],"wp:attachment":[{"href":"https:\/\/www.babyelf.de\/index.php?rest_route=%2Fwp%2Fv2%2Fmedia&parent=3948"}],"wp:term":[{"taxonomy":"brand","embeddable":true,"href":"https:\/\/www.babyelf.de\/index.php?rest_route=%2Fwp%2Fv2%2Fetheme_brands&post=3948"},{"taxonomy":"product_cat","embeddable":true,"href":"https:\/\/www.babyelf.de\/index.php?rest_route=%2Fwp%2Fv2%2Fproduct_cat&post=3948"},{"taxonomy":"product_tag","embeddable":true,"href":"https:\/\/www.babyelf.de\/index.php?rest_route=%2Fwp%2Fv2%2Fproduct_tag&post=3948"}],"curies":[{"name":"wp","href":"https:\/\/api.w.org\/{rel}","templated":true}]}}