{"id":3910,"date":"2020-08-21T10:05:36","date_gmt":"2020-08-21T10:05:36","guid":{"rendered":"https:\/\/www.babyelf.de\/?product=knorr-baby-883540-joggy-s-blau"},"modified":"2026-01-16T08:23:26","modified_gmt":"2026-01-16T07:23:26","slug":"knorr-baby-883540-joggy-s-blau","status":"publish","type":"product","link":"https:\/\/www.babyelf.de\/?product=knorr-baby-883540-joggy-s-blau","title":{"rendered":"knorr-baby 883540 &#8211; Joggy S blau"},"content":{"rendered":"<div class=\"disclaim\"> Farbe:<strong>blau<\/strong> | Stil:<strong>Joggy S<\/strong> <\/div>\n<p> <!-- show up to 2 reviews by default --> <\/p>\n<p>Sportwagen Joggy S mit Schlummerverdeck, &#8211; Unseren beliebten 3-Rad Sportwagen Joggy S f\u00fcr aktive Eltern, die besonders viel Wert auf Beweglichkeit legen, gibt es jetzt auch mit Schlummer-Verdeck. Dieses Verdeck gibt dem Baby mehr Ruhe und Entspannung, da der L\u00e4rm, das Licht und die Witterungsverh\u00e4ltnisse durch die \u00fcberdurchschnittliche Gr\u00f6\u00dfe einfach abgehalten werden. Das Verdeck ist mit einem Handgriff einfach und schnell ein- und auszuklappen. Ausstattung: &#8211; h\u00f6henverstellbarer Schieber mit weicher Ummantelung &#8211; 3-fach verstellbare R\u00fcckenlehne und abnehmbarer Sicherheitsb\u00fcgel &#8211; gepolsterter 5-Punkt-Sicherheitsgurt &#8211; ger\u00e4umiges Einkaufsnetz &#8211; Gro\u00dfe EVA-R\u00e4der mit Feststellbremse &#8211; Vorderrad feststellbar oder 360 Grad drehbar &#8211; verstellbares Verdeck mit wiederverschlie\u00dfbarem Fenster Ma\u00dfe: Gewicht: 10,6 kg Sitzfl\u00e4che: 34 x 30 cm Sitzh\u00f6he: 47 cm Zusammengeklappt: 95 x 61 x 47 cm Aufgebaut: 110 x 104 x 47 cm Schiebeh\u00f6he: ca.107 cm Durchmesser R\u00e4der: 30 cm <\/p>\n<p>Schwenk- und feststellbares Vorderrad<br \/>\nGepolsterter 5-Punkt-Gurt<br \/>\nGer\u00e4umiges Einkaufsnetz<br \/>\nH\u00f6henverstellbarer Schiebegriff<br \/>\nFerstellbare R\u00fcckenlehne<br \/>\n<div class=\"main-cross-sell\" data-asin=\"B00TM22Q36\">\n\n\t<div class=\"WooZone-cross-sell-loader\">\n\t\t<div>\n\t\t\t<div id=\"floatingBarsG\">\n\t\t\t\t<div class=\"blockG\" id=\"rotateG_01\"><\/div>\n\t\t\t\t<div class=\"blockG\" id=\"rotateG_02\"><\/div>\n\t\t\t\t<div class=\"blockG\" id=\"rotateG_03\"><\/div>\n\t\t\t\t<div class=\"blockG\" id=\"rotateG_04\"><\/div>\n\t\t\t\t<div class=\"blockG\" id=\"rotateG_05\"><\/div>\n\t\t\t\t<div class=\"blockG\" id=\"rotateG_06\"><\/div>\n\t\t\t\t<div class=\"blockG\" id=\"rotateG_07\"><\/div>\n\t\t\t\t<div class=\"blockG\" id=\"rotateG_08\"><\/div>\n\t\t\t<\/div>\n\t\t\t<div class=\"WooZone-cross-sell-loader-text\"><\/div>\n\t\t<\/div>\n\t<\/div>\n\n\t\t\n<\/div>\n<div style=\"clear:both;\"><\/div>\n","protected":false},"excerpt":{"rendered":"<p>Schwenk- und feststellbares Vorderrad<br \/>\nGepolsterter 5-Punkt-Gurt<br \/>\nGer\u00e4umiges Einkaufsnetz<\/p>\n","protected":false},"featured_media":3911,"comment_status":"open","ping_status":"closed","template":"","meta":{"rs_blank_template":"","rs_page_bg_color":"","slide_template_v7":""},"etheme_brands":[],"product_cat":[25],"product_tag":[],"class_list":{"0":"post-3910","1":"product","2":"type-product","3":"status-publish","4":"has-post-thumbnail","6":"product_cat-kinderwagen","7":"pa_brand-knorr-baby","9":"first","10":"instock","11":"shipping-taxable","12":"product-type-simple"},"_links":{"self":[{"href":"https:\/\/www.babyelf.de\/index.php?rest_route=\/wp\/v2\/product\/3910","targetHints":{"allow":["GET"]}}],"collection":[{"href":"https:\/\/www.babyelf.de\/index.php?rest_route=\/wp\/v2\/product"}],"about":[{"href":"https:\/\/www.babyelf.de\/index.php?rest_route=\/wp\/v2\/types\/product"}],"replies":[{"embeddable":true,"href":"https:\/\/www.babyelf.de\/index.php?rest_route=%2Fwp%2Fv2%2Fcomments&post=3910"}],"wp:featuredmedia":[{"embeddable":true,"href":"https:\/\/www.babyelf.de\/index.php?rest_route=\/wp\/v2\/media\/3911"}],"wp:attachment":[{"href":"https:\/\/www.babyelf.de\/index.php?rest_route=%2Fwp%2Fv2%2Fmedia&parent=3910"}],"wp:term":[{"taxonomy":"brand","embeddable":true,"href":"https:\/\/www.babyelf.de\/index.php?rest_route=%2Fwp%2Fv2%2Fetheme_brands&post=3910"},{"taxonomy":"product_cat","embeddable":true,"href":"https:\/\/www.babyelf.de\/index.php?rest_route=%2Fwp%2Fv2%2Fproduct_cat&post=3910"},{"taxonomy":"product_tag","embeddable":true,"href":"https:\/\/www.babyelf.de\/index.php?rest_route=%2Fwp%2Fv2%2Fproduct_tag&post=3910"}],"curies":[{"name":"wp","href":"https:\/\/api.w.org\/{rel}","templated":true}]}}