{"id":3610,"date":"2020-08-21T09:51:11","date_gmt":"2020-08-21T09:51:11","guid":{"rendered":"https:\/\/www.babyelf.de\/?product=vtech-baby-sternenprojektor"},"modified":"2026-01-16T09:25:38","modified_gmt":"2026-01-16T08:25:38","slug":"vtech-baby-sternenprojektor","status":"publish","type":"product","link":"https:\/\/www.babyelf.de\/?product=vtech-baby-sternenprojektor","title":{"rendered":"VTech Baby \u2013 Schlaf gut Mobile mit Sternenhimmel (3480-181022)"},"content":{"rendered":"<p><!-- show up to 2 reviews by default --> <\/p>\n<p>AUF SPANISCH Das vollst\u00e4ndigste f\u00fcr die Ruhe Ihres Babys! Holen Sie sich dieses fantastische Handy mit einem farbigen Sternprojektor und einer Fernbedienung, um Ihr Baby in seinem Kinderbett zu unterhalten und ihm zu helfen. Mit Sprachaktivierung! Wenn das Baby weint, werden sanfte Melodien der Natur und s\u00fc\u00dfe Nana erklingen, um sich zu entspannen und einzuschlafen. Enth\u00e4lt mehr als 70 Songs, Melodien, Sounds und Phrasen! Sie k\u00f6nnen die Stimme auch f\u00fcr 10 Sekunden aufzeichnen, so dass das Baby die Stimme der Eltern h\u00f6rt und sich beruhigt. Dieser fantastische mobile Projektor funktioniert auch mit einer lustigen Fernbedienung, um ihn ein- und auszuschalten, ohne das Baby zu st\u00f6ren oder abzulenken. Die Fernbedienung kann auch an das Handy angeschlossen werden, so dass das Baby erleben kann, was passiert, wenn er es durch Ber\u00fchren ein- und ausschaltet. Es enth\u00e4lt auch 4 Spielmodi, Timer und vier abnehmbare Pl\u00fcschtiere. Ungef\u00e4hre Ma\u00dfnahmen: 30 cm Durchmesser. &#8211; Es Funktioniert mit 3 AA-Akku (nicht im Lieferumfang enthalten) &#8211; Sie k\u00f6nnen die Batterien hier Akku und Batterien, finden &#8211; Die Fernbedienung funktioniert mit 2 AAA-Batterien (nicht enthalten) &#8211; Sie k\u00f6nnen die Batterien hier Akku und Batterien, finden <\/p>\n<p>Die Musikwiedergabe wird aktiviert, wenn sich das Mobile sanft dreht.<br \/>\n3 Modi:Wiegenlieder, Naturger\u00e4usche und beruhigende Melodien.<br \/>\nFernbedienung.<br \/>\nMit Sprachaufnahme-Funktion.<br \/>\nZeitschaltuhr.<br \/>\nDer Projektor l\u00e4sst sich abnehmen und als angenehmes buntes Nachtlicht verwenden.<br \/>\n<div class=\"main-cross-sell\" data-asin=\"B00YCQX1IQ\">\n\n\t<div class=\"WooZone-cross-sell-loader\">\n\t\t<div>\n\t\t\t<div id=\"floatingBarsG\">\n\t\t\t\t<div class=\"blockG\" id=\"rotateG_01\"><\/div>\n\t\t\t\t<div class=\"blockG\" id=\"rotateG_02\"><\/div>\n\t\t\t\t<div class=\"blockG\" id=\"rotateG_03\"><\/div>\n\t\t\t\t<div class=\"blockG\" id=\"rotateG_04\"><\/div>\n\t\t\t\t<div class=\"blockG\" id=\"rotateG_05\"><\/div>\n\t\t\t\t<div class=\"blockG\" id=\"rotateG_06\"><\/div>\n\t\t\t\t<div class=\"blockG\" id=\"rotateG_07\"><\/div>\n\t\t\t\t<div class=\"blockG\" id=\"rotateG_08\"><\/div>\n\t\t\t<\/div>\n\t\t\t<div class=\"WooZone-cross-sell-loader-text\"><\/div>\n\t\t<\/div>\n\t<\/div>\n\n\t\t\n<\/div>\n<div style=\"clear:both;\"><\/div>\n","protected":false},"excerpt":{"rendered":"<p>Die Musikwiedergabe wird aktiviert, wenn sich das Mobile sanft dreht.<br \/>\n3 Modi:Wiegenlieder, Naturger\u00e4usche und beruhigende Melodien.<br \/>\nFernbedienung.<\/p>\n","protected":false},"featured_media":3611,"comment_status":"open","ping_status":"closed","template":"","meta":{"rs_blank_template":"","rs_page_bg_color":"","slide_template_v7":""},"etheme_brands":[],"product_cat":[22],"product_tag":[],"class_list":{"0":"post-3610","1":"product","2":"type-product","3":"status-publish","4":"has-post-thumbnail","6":"product_cat-karussell","7":"pa_brand-vtech-baby","9":"first","10":"instock","11":"shipping-taxable","12":"product-type-simple"},"_links":{"self":[{"href":"https:\/\/www.babyelf.de\/index.php?rest_route=\/wp\/v2\/product\/3610","targetHints":{"allow":["GET"]}}],"collection":[{"href":"https:\/\/www.babyelf.de\/index.php?rest_route=\/wp\/v2\/product"}],"about":[{"href":"https:\/\/www.babyelf.de\/index.php?rest_route=\/wp\/v2\/types\/product"}],"replies":[{"embeddable":true,"href":"https:\/\/www.babyelf.de\/index.php?rest_route=%2Fwp%2Fv2%2Fcomments&post=3610"}],"wp:featuredmedia":[{"embeddable":true,"href":"https:\/\/www.babyelf.de\/index.php?rest_route=\/wp\/v2\/media\/3611"}],"wp:attachment":[{"href":"https:\/\/www.babyelf.de\/index.php?rest_route=%2Fwp%2Fv2%2Fmedia&parent=3610"}],"wp:term":[{"taxonomy":"brand","embeddable":true,"href":"https:\/\/www.babyelf.de\/index.php?rest_route=%2Fwp%2Fv2%2Fetheme_brands&post=3610"},{"taxonomy":"product_cat","embeddable":true,"href":"https:\/\/www.babyelf.de\/index.php?rest_route=%2Fwp%2Fv2%2Fproduct_cat&post=3610"},{"taxonomy":"product_tag","embeddable":true,"href":"https:\/\/www.babyelf.de\/index.php?rest_route=%2Fwp%2Fv2%2Fproduct_tag&post=3610"}],"curies":[{"name":"wp","href":"https:\/\/api.w.org\/{rel}","templated":true}]}}