{"id":3606,"date":"2020-08-21T09:51:08","date_gmt":"2020-08-21T09:51:08","guid":{"rendered":"https:\/\/www.babyelf.de\/?product=lego-41392-camping-in-heartlake-city-friends-bauset"},"modified":"2026-01-16T09:25:38","modified_gmt":"2026-01-16T08:25:38","slug":"lego-41392-camping-in-heartlake-city-friends-bauset","status":"publish","type":"product","link":"https:\/\/www.babyelf.de\/?product=lego-41392-camping-in-heartlake-city-friends-bauset","title":{"rendered":"LEGO 41392 Friends Camping in Heartlake City Set mit Mini Puppen Olivia &amp; Mia und Zelt, Spielzeug ab 6 Jahren f\u00fcr M\u00e4dchen und Jungen"},"content":{"rendered":"<p><!-- show up to 2 reviews by default --> <\/p>\n<h3>Produktbeschreibung<\/h3>\n<\/p>\n<p>Das LEGO Friends Camping in Heartlake City Spielset (41392) weckt die Begeisterung der Kinder im Alter ab 6 Jahren f\u00fcr die freie Natur. Sie k\u00f6nnten sich zum Beispiel ausmalen, wie sie mit den LEGO Friends Spielfiguren Olivia und Mia durch den Wald radeln. Die Kinder k\u00f6nnen aber auch mit dem Spielzeug-Eichh\u00f6rnchen spielen oder so tun, als w\u00fcrden sie den Sternenhimmel durchs Teleskop beobachten.<\/p>\n<p>In dem Zelt gibt es Betten und sogar ein Smartphone, um Bilder nach Heartlake City schicken zu k\u00f6nnen. Kinder lieben es, das Zelt mit dem weichen Plastikdach f\u00fcr die Spielfiguren aufzustellen und den Zeltplatz dann mit einer Lichterkette zu schm\u00fccken. Sobald der Spielzeug-Zeltplatz aufgebaut ist, k\u00f6nnen sie im Whirlpool relaxen.<\/p>\n<p>Nach dem Herunterladen der LEGO Life App haben die Kinder Zugriff auf die digitale Anleitung Instructions PLUS, um eine Ansicht ihres Spielzeug-Zeltlagers im Geistmodus heranzoomen, drehen und anzeigen zu k\u00f6nnen. So wird im digitalen Zeitalter gebaut.<\/p>\n<\/p>\n<h3>Warnhinweise<\/h3>\n<p>Achtung. Nicht geeignet f\u00fcr Kinder unter 36 Monate. Enth\u00e4lt verschluckbare Kleinteile. Erstickungsgefahr. <\/p>\n<p>Dieses Camping-Spielzeug enth\u00e4lt ein LEGO Zelt mit weichem Plastikdach, ein Lagerfeuer, ein Teleskop und sogar einen Whirlpool unter einem Baum<br \/>\nEnth\u00e4lt zwei Mini-Spielfiguren Mia und Olivia und ein Spielzeug-Eichh\u00f6rnchen, das im Baumhaus lebt. Auch ein Fahrrad mit Helm und einem Lautsprecher zum Chillen sind da<br \/>\nDas Spielset beinhaltet Betten, Hocker, einen Schrank mit Haarb\u00fcrste und Lippenstiftst\u00e4nder, eine Laterne, eine Taschenlampe, ein Fernglas, sogar Kirschen in Getr\u00e4nken<br \/>\nDas Spielzeuglager mit den Mini-Spielzeugfiguren ist mit einer Lichterkette geschm\u00fcckt, damit das niedliche Zelt mit einem Smartphone fotografiert werden kann, um Bilder an Freunde schicken zu k\u00f6nnen<br \/>\nNach dem Herunterladen der LEGO Life App haben die Kinder Zugriff auf die digitale Anleitung Instructions PLUS, um eine Ansicht ihres Spielzeug-Zeltlagers im Geistmodus heranzoomen, drehen und anzeigen zu k\u00f6nnen<br \/>\n<div class=\"main-cross-sell\" data-asin=\"B07WC14JJ6\">\n\n\t<div class=\"WooZone-cross-sell-loader\">\n\t\t<div>\n\t\t\t<div id=\"floatingBarsG\">\n\t\t\t\t<div class=\"blockG\" id=\"rotateG_01\"><\/div>\n\t\t\t\t<div class=\"blockG\" id=\"rotateG_02\"><\/div>\n\t\t\t\t<div class=\"blockG\" id=\"rotateG_03\"><\/div>\n\t\t\t\t<div class=\"blockG\" id=\"rotateG_04\"><\/div>\n\t\t\t\t<div class=\"blockG\" id=\"rotateG_05\"><\/div>\n\t\t\t\t<div class=\"blockG\" id=\"rotateG_06\"><\/div>\n\t\t\t\t<div class=\"blockG\" id=\"rotateG_07\"><\/div>\n\t\t\t\t<div class=\"blockG\" id=\"rotateG_08\"><\/div>\n\t\t\t<\/div>\n\t\t\t<div class=\"WooZone-cross-sell-loader-text\"><\/div>\n\t\t<\/div>\n\t<\/div>\n\n\t\t\n<\/div>\n<div style=\"clear:both;\"><\/div>\n","protected":false},"excerpt":{"rendered":"<p>Dieses Camping-Spielzeug enth\u00e4lt ein LEGO Zelt mit weichem Plastikdach, ein Lagerfeuer, ein Teleskop und sogar einen Whirlpool unter einem Baum<br \/>\nEnth\u00e4lt zwei Mini-Spielfiguren Mia und Olivia und ein Spielzeug-Eichh\u00f6rnchen, das im Baumhaus lebt. Auch ein Fahrrad mit Helm und einem Lautsprecher zum Chillen sind da<br \/>\nDas Spielset beinhaltet Betten, Hocker, einen Schrank mit Haarb\u00fcrste und Lippenstiftst\u00e4nder, eine Laterne, eine Taschenlampe, ein Fernglas, sogar Kirschen in Getr\u00e4nken<\/p>\n","protected":false},"featured_media":3607,"comment_status":"open","ping_status":"closed","template":"","meta":{"rs_blank_template":"","rs_page_bg_color":"","slide_template_v7":""},"etheme_brands":[],"product_cat":[22],"product_tag":[],"class_list":{"0":"post-3606","1":"product","2":"type-product","3":"status-publish","4":"has-post-thumbnail","6":"product_cat-karussell","7":"pa_brand-lego","9":"first","10":"instock","11":"shipping-taxable","12":"product-type-simple"},"_links":{"self":[{"href":"https:\/\/www.babyelf.de\/index.php?rest_route=\/wp\/v2\/product\/3606","targetHints":{"allow":["GET"]}}],"collection":[{"href":"https:\/\/www.babyelf.de\/index.php?rest_route=\/wp\/v2\/product"}],"about":[{"href":"https:\/\/www.babyelf.de\/index.php?rest_route=\/wp\/v2\/types\/product"}],"replies":[{"embeddable":true,"href":"https:\/\/www.babyelf.de\/index.php?rest_route=%2Fwp%2Fv2%2Fcomments&post=3606"}],"wp:featuredmedia":[{"embeddable":true,"href":"https:\/\/www.babyelf.de\/index.php?rest_route=\/wp\/v2\/media\/3607"}],"wp:attachment":[{"href":"https:\/\/www.babyelf.de\/index.php?rest_route=%2Fwp%2Fv2%2Fmedia&parent=3606"}],"wp:term":[{"taxonomy":"brand","embeddable":true,"href":"https:\/\/www.babyelf.de\/index.php?rest_route=%2Fwp%2Fv2%2Fetheme_brands&post=3606"},{"taxonomy":"product_cat","embeddable":true,"href":"https:\/\/www.babyelf.de\/index.php?rest_route=%2Fwp%2Fv2%2Fproduct_cat&post=3606"},{"taxonomy":"product_tag","embeddable":true,"href":"https:\/\/www.babyelf.de\/index.php?rest_route=%2Fwp%2Fv2%2Fproduct_tag&post=3606"}],"curies":[{"name":"wp","href":"https:\/\/api.w.org\/{rel}","templated":true}]}}