{"id":3446,"date":"2020-08-21T09:42:38","date_gmt":"2020-08-21T09:42:38","guid":{"rendered":"https:\/\/www.babyelf.de\/?product=infantino-3-in-1-musikmobile-und-projektor-grau"},"modified":"2026-01-16T08:21:33","modified_gmt":"2026-01-16T07:21:33","slug":"infantino-3-in-1-musikmobile-und-projektor-grau","status":"publish","type":"product","link":"https:\/\/www.babyelf.de\/?product=infantino-3-in-1-musikmobile-und-projektor-grau","title":{"rendered":"Infantino 3-in-1 Projektor Musik-Mobile, Umwandelbares Mobile, Lichtprojektor f\u00fcr Tisch &amp; Kinderbett mit Weckmodus zur Tageslichtsimulation, Inkl. 6 Melodien &amp; 4 Naturger\u00e4uschen, Grau"},"content":{"rendered":"<div class=\"disclaim\"> Farbe:<strong>Grau\/Wei\u00df<\/strong> <\/div>\n<p> <!-- show up to 2 reviews by default --> <\/p>\n<h3>Produktbeschreibung<\/h3>\n<p>Evolutiv, 3 in 1: Musikmobile (0-5 Monate), Nachtlicht (6-18 Monate) und Tischlampe (ab 18 Monate). Mit Spiegel und Lautst\u00e4rkeregler.Verf\u00fcgt \u00fcber einen Peek-a-Boo-Spiegel <\/p>\n<h3>Set enth\u00e4lt:<\/h3>\n<p>1 x Mobile <\/p>\n<p>Das mehrstufige Mobile mit integriertem Projektor wurde entwickelt, um Ihren kleinen Tr\u00e4umer zu beruhigen und aufzumuntern. Die drei Stufen dauern jeweils 30 Minuten, in denen Beleuchtung und Kl\u00e4nge nach und nach heruntergeregelt werden.<br \/>\n<div class=\"main-cross-sell\" data-asin=\"B00VAKUKC2\">\n\n\t<div class=\"WooZone-cross-sell-loader\">\n\t\t<div>\n\t\t\t<div id=\"floatingBarsG\">\n\t\t\t\t<div class=\"blockG\" id=\"rotateG_01\"><\/div>\n\t\t\t\t<div class=\"blockG\" id=\"rotateG_02\"><\/div>\n\t\t\t\t<div class=\"blockG\" id=\"rotateG_03\"><\/div>\n\t\t\t\t<div class=\"blockG\" id=\"rotateG_04\"><\/div>\n\t\t\t\t<div class=\"blockG\" id=\"rotateG_05\"><\/div>\n\t\t\t\t<div class=\"blockG\" id=\"rotateG_06\"><\/div>\n\t\t\t\t<div class=\"blockG\" id=\"rotateG_07\"><\/div>\n\t\t\t\t<div class=\"blockG\" id=\"rotateG_08\"><\/div>\n\t\t\t<\/div>\n\t\t\t<div class=\"WooZone-cross-sell-loader-text\"><\/div>\n\t\t<\/div>\n\t<\/div>\n\n\t\t\n<\/div>\n<div style=\"clear:both;\"><\/div>\n","protected":false},"excerpt":{"rendered":"<p>Das mehrstufige Mobile mit integriertem Projektor wurde entwickelt, um Ihren kleinen Tr\u00e4umer zu beruhigen und aufzumuntern. Die drei Stufen dauern jeweils 30 Minuten, in denen Beleuchtung und Kl\u00e4nge nach und nach heruntergeregelt werden.<\/p>\n","protected":false},"featured_media":3447,"comment_status":"open","ping_status":"closed","template":"","meta":{"rs_blank_template":"","rs_page_bg_color":"","slide_template_v7":""},"etheme_brands":[],"product_cat":[22],"product_tag":[],"class_list":{"0":"post-3446","1":"product","2":"type-product","3":"status-publish","4":"has-post-thumbnail","6":"product_cat-karussell","7":"pa_brand-infantino","9":"first","10":"instock","11":"sale","12":"shipping-taxable","13":"purchasable","14":"product-type-simple"},"_links":{"self":[{"href":"https:\/\/www.babyelf.de\/index.php?rest_route=\/wp\/v2\/product\/3446","targetHints":{"allow":["GET"]}}],"collection":[{"href":"https:\/\/www.babyelf.de\/index.php?rest_route=\/wp\/v2\/product"}],"about":[{"href":"https:\/\/www.babyelf.de\/index.php?rest_route=\/wp\/v2\/types\/product"}],"replies":[{"embeddable":true,"href":"https:\/\/www.babyelf.de\/index.php?rest_route=%2Fwp%2Fv2%2Fcomments&post=3446"}],"wp:featuredmedia":[{"embeddable":true,"href":"https:\/\/www.babyelf.de\/index.php?rest_route=\/wp\/v2\/media\/3447"}],"wp:attachment":[{"href":"https:\/\/www.babyelf.de\/index.php?rest_route=%2Fwp%2Fv2%2Fmedia&parent=3446"}],"wp:term":[{"taxonomy":"brand","embeddable":true,"href":"https:\/\/www.babyelf.de\/index.php?rest_route=%2Fwp%2Fv2%2Fetheme_brands&post=3446"},{"taxonomy":"product_cat","embeddable":true,"href":"https:\/\/www.babyelf.de\/index.php?rest_route=%2Fwp%2Fv2%2Fproduct_cat&post=3446"},{"taxonomy":"product_tag","embeddable":true,"href":"https:\/\/www.babyelf.de\/index.php?rest_route=%2Fwp%2Fv2%2Fproduct_tag&post=3446"}],"curies":[{"name":"wp","href":"https:\/\/api.w.org\/{rel}","templated":true}]}}