{"id":3332,"date":"2020-08-21T09:41:48","date_gmt":"2020-08-21T09:41:48","guid":{"rendered":"https:\/\/www.babyelf.de\/?product=nuby-baby-nachtlicht-karussell-wiederaufladbar-beruhigendes-nachtlicht-fuer-kinder"},"modified":"2026-01-16T08:16:13","modified_gmt":"2026-01-16T07:16:13","slug":"nuby-baby-nachtlicht-karussell-wiederaufladbar-beruhigendes-nachtlicht-fuer-kinder","status":"publish","type":"product","link":"https:\/\/www.babyelf.de\/?product=nuby-baby-nachtlicht-karussell-wiederaufladbar-beruhigendes-nachtlicht-fuer-kinder","title":{"rendered":"Nuby Musikalisches Baby-Nachtlicht, Karussell, wiederaufladbar, beruhigendes Nachtlicht f\u00fcr Kinder"},"content":{"rendered":"<p><!-- show up to 2 reviews by default --> <\/p>\n<p>Hier gehen wir rund um die Fr\u00f6hlichkeit! Beobachten Sie, wie die niedlichen Figuren tanzen und herumspringen mit einer Kombination aus weichen Lichtern, um eine beruhigende Atmosph\u00e4re und sanfte Schlaflieder zu schaffen, um Ihr Baby in den Schlaf zu beruhigen. Es gibt eine Touch-Taste, die Ihnen hilft, zwischen drei Lichteinstellungen zu wechseln: warmwei\u00df, schwaches Licht und einen langsamen Fluss durch 7 beruhigende Farben plus eine Aufziehtaste, um das Karussell herumzugehen und die Schlaflieder zu spielen. Mit einem praktischen USB k\u00f6nnen Sie es aufladen, wenn Sie sicherstellen m\u00fcssen, dass jedes Schlafengehen bereit ist. Legen Sie es einfach auf die Seite in der N\u00e4he des Schlafs, und es hilft Ihnen, es ruhig zu halten, wenn es Angst vor der Dunkelheit hat. Gl\u00fcckseligkeit! Eine fr\u00f6hliche Runde von liebevollen Schlafliedern und beruhigenden Lichtern, um Ihr Baby im Nu ins Land der Nickerchen zu bringen. Mit drei Licht-Einstellungen und einem Aufzieh-Schl\u00fcssel, um das Karussell herumlaufen zu lassen und s\u00fc\u00dfe Wiegenlieder zu spielen, wird Ihr kleiner Liebling im Handumdrehen ruhig sein. Gl\u00fcckseligkeit! <\/p>\n<p>Schlafhilfe \u2013 Musik- und Lichtkarussell kombiniert perfekt weiche Lichter f\u00fcr eine beruhigende Atmosph\u00e4re und sanfte Schlaflieder, um das Baby in den Schlaf zu beruhigen.<br \/>\nFarbwechsel: Touch-Taste wechselt zwischen drei Einstellungen: warmwei\u00df, gedimmtes Licht oder langsamer Fluss durch 7 beruhigende Farben.<br \/>\nWiederaufladbar \u2013 mit einem praktischen USB-Kabel zum Aufladen des Akkus und Aufziehtaste, um die Fr\u00f6hlichkeit und Schlaflieder zu starten.<br \/>\nAb 0 Monaten.<br \/>\nLeicht zu reinigen \u2013 nur abwischen.<br \/>\n<div class=\"main-cross-sell\" data-asin=\"B0841H82LQ\">\n\n\t<div class=\"WooZone-cross-sell-loader\">\n\t\t<div>\n\t\t\t<div id=\"floatingBarsG\">\n\t\t\t\t<div class=\"blockG\" id=\"rotateG_01\"><\/div>\n\t\t\t\t<div class=\"blockG\" id=\"rotateG_02\"><\/div>\n\t\t\t\t<div class=\"blockG\" id=\"rotateG_03\"><\/div>\n\t\t\t\t<div class=\"blockG\" id=\"rotateG_04\"><\/div>\n\t\t\t\t<div class=\"blockG\" id=\"rotateG_05\"><\/div>\n\t\t\t\t<div class=\"blockG\" id=\"rotateG_06\"><\/div>\n\t\t\t\t<div class=\"blockG\" id=\"rotateG_07\"><\/div>\n\t\t\t\t<div class=\"blockG\" id=\"rotateG_08\"><\/div>\n\t\t\t<\/div>\n\t\t\t<div class=\"WooZone-cross-sell-loader-text\"><\/div>\n\t\t<\/div>\n\t<\/div>\n\n\t\t\n<\/div>\n<div style=\"clear:both;\"><\/div>\n","protected":false},"excerpt":{"rendered":"<p>Schlafhilfe \u2013 Musik- und Lichtkarussell kombiniert perfekt weiche Lichter f\u00fcr eine beruhigende Atmosph\u00e4re und sanfte Schlaflieder, um das Baby in den Schlaf zu beruhigen.<br \/>\nFarbwechsel: Touch-Taste wechselt zwischen drei Einstellungen: warmwei\u00df, gedimmtes Licht oder langsamer Fluss durch 7 beruhigende Farben.<br \/>\nWiederaufladbar \u2013 mit einem praktischen USB-Kabel zum Aufladen des Akkus und Aufziehtaste, um die Fr\u00f6hlichkeit und Schlaflieder zu starten.<\/p>\n","protected":false},"featured_media":3333,"comment_status":"open","ping_status":"closed","template":"","meta":{"rs_blank_template":"","rs_page_bg_color":"","slide_template_v7":""},"etheme_brands":[],"product_cat":[22],"product_tag":[],"class_list":{"0":"post-3332","1":"product","2":"type-product","3":"status-publish","4":"has-post-thumbnail","6":"product_cat-karussell","7":"pa_brand-nuby","9":"first","10":"instock","11":"shipping-taxable","12":"product-type-simple"},"_links":{"self":[{"href":"https:\/\/www.babyelf.de\/index.php?rest_route=\/wp\/v2\/product\/3332","targetHints":{"allow":["GET"]}}],"collection":[{"href":"https:\/\/www.babyelf.de\/index.php?rest_route=\/wp\/v2\/product"}],"about":[{"href":"https:\/\/www.babyelf.de\/index.php?rest_route=\/wp\/v2\/types\/product"}],"replies":[{"embeddable":true,"href":"https:\/\/www.babyelf.de\/index.php?rest_route=%2Fwp%2Fv2%2Fcomments&post=3332"}],"wp:featuredmedia":[{"embeddable":true,"href":"https:\/\/www.babyelf.de\/index.php?rest_route=\/wp\/v2\/media\/3333"}],"wp:attachment":[{"href":"https:\/\/www.babyelf.de\/index.php?rest_route=%2Fwp%2Fv2%2Fmedia&parent=3332"}],"wp:term":[{"taxonomy":"brand","embeddable":true,"href":"https:\/\/www.babyelf.de\/index.php?rest_route=%2Fwp%2Fv2%2Fetheme_brands&post=3332"},{"taxonomy":"product_cat","embeddable":true,"href":"https:\/\/www.babyelf.de\/index.php?rest_route=%2Fwp%2Fv2%2Fproduct_cat&post=3332"},{"taxonomy":"product_tag","embeddable":true,"href":"https:\/\/www.babyelf.de\/index.php?rest_route=%2Fwp%2Fv2%2Fproduct_tag&post=3332"}],"curies":[{"name":"wp","href":"https:\/\/api.w.org\/{rel}","templated":true}]}}