{"id":3310,"date":"2020-08-21T09:41:38","date_gmt":"2020-08-21T09:41:38","guid":{"rendered":"https:\/\/www.babyelf.de\/?product=babys-only-musik-mobile-stonegreen-mint-weiss"},"modified":"2026-01-16T08:16:02","modified_gmt":"2026-01-16T07:16:02","slug":"babys-only-musik-mobile-stonegreen-mint-weiss","status":"publish","type":"product","link":"https:\/\/www.babyelf.de\/?product=babys-only-musik-mobile-stonegreen-mint-weiss","title":{"rendered":"Baby&#8217;s Only &#8211; Musik Mobile Baby &#8211; Mit gestrickten Figuren &#8211; Baby Spieluhr mit Musik &#8211; Einfach anzubringen &#8211; Mobile Baby mit Musik &#8211; Sanfte Farben &#8211; F\u00fcr Jungen und M\u00e4dchen &#8211; Steingr\u00fcn\/Mint\/Wei\u00df"},"content":{"rendered":"<div class=\"disclaim\"> Farbe:<strong>Stonegreen\/Mint\/Wei\u00df<\/strong> <\/div>\n<p> <!-- show up to 2 reviews by default --> <\/p>\n<p>Miniversionen der bekannten Kuscheltiere aus der Kollektion h\u00e4ngen an dem Baby\u2019s Only Musikmobile. Die gestrickten tierischen Freunde sind: B\u00e4r, Elefant, Wal und Vogel. In der Mitte befindet sich ein fr\u00f6hlicher Stern. Das Mobile spielt das Lied &#8222;It&#8217;s a small world&#8220; Dank der Kombination aus Strickarbeit und der Farbe Stonegreen\/Mint\/Wei\u00df passt dieses Baby&#8217;s Only Musikmobile perfekt zu Ihrem Laufgitter oder Babybett. WARNUNG: Schnur entfernen, wenn das Kind zu krabbeln anf\u00e4ngt, sich auf H\u00e4nde und Knie zu st\u00fctzen. Es besteht dann die Gefahr, in Schlingen h\u00e4ngen zu bleiben oder sich zu erdrosseln. Bringen Sie das Mobile in einer solchen Entfernung vom Kind an, dass es von diesem nicht erreicht werden kann. WARNUNG: Schnur entfernen, wenn das Kind zu krabbeln anf\u00e4ngt, sich auf H\u00e4nde und Knie zu st\u00fctzen. Es besteht dann die Gefahr, in Schlingen h\u00e4ngen zu bleiben oder sich zu erdrosseln. Bringen Sie das Mobile in einer solchen Entfernung vom Kind an, dass es von diesem nicht erreicht werden kann. <\/p>\n<p>FR\u00dcHKINDLICHE F\u00d6RDERUNG: Bevor ihr Kind greifen und sprechen kann nimmt es seine Umgebung ganz genau wahr. F\u00f6rdern Sie die Entwicklung ihres Kindes mit dem Mobile von Baby\u2019s Only.<br \/>\nMODERNES DESIGN: Die 5 Figuren zaubern ihrem Kind ein L\u00e4cheln ins Gesicht. So kann sich ihr Baby an einem Stern, B\u00e4r, Elefanten, Wal sowie einer Taube erfreuen. Das Design ist edel und verspielt zugleich.<br \/>\nLEICHTE BEFESTIGUNG: Die Spieluhr kann kinderleicht ganz ohne bohren am Babybett befestigt werden. Die Figuren sind fest am Mobile verankert und gew\u00e4hrleisten so die Sicherheit Ihres Kindes.<br \/>\nZARTE FARBEN: Da viele Babys mit knalligen Farben recht schnell \u00fcberfordert sein k\u00f6nnen, haben wir bei der Farbwahl auf zarte Pastellt\u00f6ne gesetzt. Die Pastellfarben lassen ihr Kind entspannen.<br \/>\n<div class=\"main-cross-sell\" data-asin=\"B0768GMPL8\">\n\n\t<div class=\"WooZone-cross-sell-loader\">\n\t\t<div>\n\t\t\t<div id=\"floatingBarsG\">\n\t\t\t\t<div class=\"blockG\" id=\"rotateG_01\"><\/div>\n\t\t\t\t<div class=\"blockG\" id=\"rotateG_02\"><\/div>\n\t\t\t\t<div class=\"blockG\" id=\"rotateG_03\"><\/div>\n\t\t\t\t<div class=\"blockG\" id=\"rotateG_04\"><\/div>\n\t\t\t\t<div class=\"blockG\" id=\"rotateG_05\"><\/div>\n\t\t\t\t<div class=\"blockG\" id=\"rotateG_06\"><\/div>\n\t\t\t\t<div class=\"blockG\" id=\"rotateG_07\"><\/div>\n\t\t\t\t<div class=\"blockG\" id=\"rotateG_08\"><\/div>\n\t\t\t<\/div>\n\t\t\t<div class=\"WooZone-cross-sell-loader-text\"><\/div>\n\t\t<\/div>\n\t<\/div>\n\n\t\t\n<\/div>\n<div style=\"clear:both;\"><\/div>\n","protected":false},"excerpt":{"rendered":"<p>FR\u00dcHKINDLICHE F\u00d6RDERUNG: Bevor ihr Kind greifen und sprechen kann nimmt es seine Umgebung ganz genau wahr. F\u00f6rdern Sie die Entwicklung ihres Kindes mit dem Mobile von Baby\u2019s Only.<br \/>\nMODERNES DESIGN: Die 5 Figuren zaubern ihrem Kind ein L\u00e4cheln ins Gesicht. So kann sich ihr Baby an einem Stern, B\u00e4r, Elefanten, Wal sowie einer Taube erfreuen. Das Design ist edel und verspielt zugleich.<br \/>\nLEICHTE BEFESTIGUNG: Die Spieluhr kann kinderleicht ganz ohne bohren am Babybett befestigt werden. Die Figuren sind fest am Mobile verankert und gew\u00e4hrleisten so die Sicherheit Ihres Kindes.<\/p>\n","protected":false},"featured_media":3311,"comment_status":"open","ping_status":"closed","template":"","meta":{"rs_blank_template":"","rs_page_bg_color":"","slide_template_v7":""},"etheme_brands":[],"product_cat":[22],"product_tag":[],"class_list":{"0":"post-3310","1":"product","2":"type-product","3":"status-publish","4":"has-post-thumbnail","6":"product_cat-karussell","7":"pa_brand-bo-babys-only","9":"first","10":"instock","11":"shipping-taxable","12":"product-type-simple"},"_links":{"self":[{"href":"https:\/\/www.babyelf.de\/index.php?rest_route=\/wp\/v2\/product\/3310","targetHints":{"allow":["GET"]}}],"collection":[{"href":"https:\/\/www.babyelf.de\/index.php?rest_route=\/wp\/v2\/product"}],"about":[{"href":"https:\/\/www.babyelf.de\/index.php?rest_route=\/wp\/v2\/types\/product"}],"replies":[{"embeddable":true,"href":"https:\/\/www.babyelf.de\/index.php?rest_route=%2Fwp%2Fv2%2Fcomments&post=3310"}],"wp:featuredmedia":[{"embeddable":true,"href":"https:\/\/www.babyelf.de\/index.php?rest_route=\/wp\/v2\/media\/3311"}],"wp:attachment":[{"href":"https:\/\/www.babyelf.de\/index.php?rest_route=%2Fwp%2Fv2%2Fmedia&parent=3310"}],"wp:term":[{"taxonomy":"brand","embeddable":true,"href":"https:\/\/www.babyelf.de\/index.php?rest_route=%2Fwp%2Fv2%2Fetheme_brands&post=3310"},{"taxonomy":"product_cat","embeddable":true,"href":"https:\/\/www.babyelf.de\/index.php?rest_route=%2Fwp%2Fv2%2Fproduct_cat&post=3310"},{"taxonomy":"product_tag","embeddable":true,"href":"https:\/\/www.babyelf.de\/index.php?rest_route=%2Fwp%2Fv2%2Fproduct_tag&post=3310"}],"curies":[{"name":"wp","href":"https:\/\/api.w.org\/{rel}","templated":true}]}}