{"id":3294,"date":"2020-08-21T09:41:32","date_gmt":"2020-08-21T09:41:32","guid":{"rendered":"https:\/\/www.babyelf.de\/?product=chicco-mobile-next2dreams-rosa"},"modified":"2026-01-16T08:16:02","modified_gmt":"2026-01-16T07:16:02","slug":"chicco-mobile-next2dreams-rosa","status":"publish","type":"product","link":"https:\/\/www.babyelf.de\/?product=chicco-mobile-next2dreams-rosa","title":{"rendered":"Chicco Next2Dreams Baby-Mobile mit Spieluhr f\u00fcr Kinderbett und Bett, 3-in-1,kompatibel mit Next2Me-Kinderbett mit Soundeffekten, Nachtlichtprojektor und klassischer Musik,0+ Monate,Pink"},"content":{"rendered":"<div class=\"disclaim\"> Farbe:<strong>rosa<\/strong> <\/div>\n<p> <!-- show up to 2 reviews by default --> <\/p>\n<h3>Produktbeschreibung<\/h3>\n<p>Das Mobile ist immer nah bei Ihrem Baby, w\u00e4hrend es friedlich tr\u00e4umt. Es kann am Beistellbettchen Chicco Next2Me sowie an den meisten Beistellbettchen aus Holz befestigt werden (Stange mit max. 38 mm). 20 Minuten klassische Musik und Wei\u00dfes Rauschen (imitiert den Herzschlag und die beruhigenden Ger\u00e4usche, die das Baby im Mutterleib geh\u00f6rt hat). Sanftes Nachtlicht. 4 Anh\u00e4nger aus weichem Stoff. Abnehmbare Musik-Einheit Erh\u00e4ltlich in Blau und Pink. <\/p>\n<h3>Set enth\u00e4lt:<\/h3>\n<p>6 <\/p>\n<p>Das Mobile ist immer nah bei Ihrem Baby, w\u00e4hrend es friedlich tr\u00e4umt. Es kann am Beistellbettchen Chicco Next2Me sowie an den meisten Beistellbettchen aus Holz befestigt werden (Stange mit max. 38 mm).<br \/>\n20 Minuten klassische Musik und Wei\u00dfes Rauschen (imitiert den Herzschlag und die beruhigenden Ger\u00e4usche, die das Baby im Mutterleib geh\u00f6rt hat). Sanftes Nachtlicht.<br \/>\n4 Anh\u00e4nger aus weichem Stoff.<br \/>\nAbnehmbare Musik-Einheit Erh\u00e4ltlich in Blau und Pink.<br \/>\n<div class=\"main-cross-sell\" data-asin=\"B079TQW58K\">\n\n\t<div class=\"WooZone-cross-sell-loader\">\n\t\t<div>\n\t\t\t<div id=\"floatingBarsG\">\n\t\t\t\t<div class=\"blockG\" id=\"rotateG_01\"><\/div>\n\t\t\t\t<div class=\"blockG\" id=\"rotateG_02\"><\/div>\n\t\t\t\t<div class=\"blockG\" id=\"rotateG_03\"><\/div>\n\t\t\t\t<div class=\"blockG\" id=\"rotateG_04\"><\/div>\n\t\t\t\t<div class=\"blockG\" id=\"rotateG_05\"><\/div>\n\t\t\t\t<div class=\"blockG\" id=\"rotateG_06\"><\/div>\n\t\t\t\t<div class=\"blockG\" id=\"rotateG_07\"><\/div>\n\t\t\t\t<div class=\"blockG\" id=\"rotateG_08\"><\/div>\n\t\t\t<\/div>\n\t\t\t<div class=\"WooZone-cross-sell-loader-text\"><\/div>\n\t\t<\/div>\n\t<\/div>\n\n\t\t\n<\/div>\n<div style=\"clear:both;\"><\/div>\n","protected":false},"excerpt":{"rendered":"<p>Das Mobile ist immer nah bei Ihrem Baby, w\u00e4hrend es friedlich tr\u00e4umt. Es kann am Beistellbettchen Chicco Next2Me sowie an den meisten Beistellbettchen aus Holz befestigt werden (Stange mit max. 38 mm).<br \/>\n20 Minuten klassische Musik und Wei\u00dfes Rauschen (imitiert den Herzschlag und die beruhigenden Ger\u00e4usche, die das Baby im Mutterleib geh\u00f6rt hat). Sanftes Nachtlicht.<br \/>\n4 Anh\u00e4nger aus weichem Stoff.<\/p>\n","protected":false},"featured_media":3295,"comment_status":"open","ping_status":"closed","template":"","meta":{"rs_blank_template":"","rs_page_bg_color":"","slide_template_v7":""},"etheme_brands":[],"product_cat":[22],"product_tag":[],"class_list":{"0":"post-3294","1":"product","2":"type-product","3":"status-publish","4":"has-post-thumbnail","6":"product_cat-karussell","7":"pa_brand-chicco","9":"first","10":"instock","11":"shipping-taxable","12":"purchasable","13":"product-type-simple"},"_links":{"self":[{"href":"https:\/\/www.babyelf.de\/index.php?rest_route=\/wp\/v2\/product\/3294","targetHints":{"allow":["GET"]}}],"collection":[{"href":"https:\/\/www.babyelf.de\/index.php?rest_route=\/wp\/v2\/product"}],"about":[{"href":"https:\/\/www.babyelf.de\/index.php?rest_route=\/wp\/v2\/types\/product"}],"replies":[{"embeddable":true,"href":"https:\/\/www.babyelf.de\/index.php?rest_route=%2Fwp%2Fv2%2Fcomments&post=3294"}],"wp:featuredmedia":[{"embeddable":true,"href":"https:\/\/www.babyelf.de\/index.php?rest_route=\/wp\/v2\/media\/3295"}],"wp:attachment":[{"href":"https:\/\/www.babyelf.de\/index.php?rest_route=%2Fwp%2Fv2%2Fmedia&parent=3294"}],"wp:term":[{"taxonomy":"brand","embeddable":true,"href":"https:\/\/www.babyelf.de\/index.php?rest_route=%2Fwp%2Fv2%2Fetheme_brands&post=3294"},{"taxonomy":"product_cat","embeddable":true,"href":"https:\/\/www.babyelf.de\/index.php?rest_route=%2Fwp%2Fv2%2Fproduct_cat&post=3294"},{"taxonomy":"product_tag","embeddable":true,"href":"https:\/\/www.babyelf.de\/index.php?rest_route=%2Fwp%2Fv2%2Fproduct_tag&post=3294"}],"curies":[{"name":"wp","href":"https:\/\/api.w.org\/{rel}","templated":true}]}}