{"id":3252,"date":"2020-08-21T09:18:41","date_gmt":"2020-08-21T09:18:41","guid":{"rendered":"https:\/\/www.babyelf.de\/?product=chicco-polly-easy-hochstuhl-mit-4-rollen-unicorn"},"modified":"2026-01-16T08:16:02","modified_gmt":"2026-01-16T07:16:02","slug":"chicco-polly-easy-hochstuhl-mit-4-rollen-unicorn","status":"publish","type":"product","link":"https:\/\/www.babyelf.de\/?product=chicco-polly-easy-hochstuhl-mit-4-rollen-unicorn","title":{"rendered":"Chicco 05079565100000 Hochstuhl Polly Easy Mit 4 Rollen, rosa"},"content":{"rendered":"<div class=\"disclaim\"> Stil:<strong>Unicorn<\/strong> <\/div>\n<p> <!-- show up to 2 reviews by default --> <\/p>\n<h3>Produktbeschreibung<\/h3>\n<p>Mit Polly Easy wird F\u00fcttern zum Kinderspiel! Der Hochstuhl verf\u00fcgt \u00fcber einen breiten, weichen Sitz mit abwaschbarem Polster und 5 Punkt Gurt, eine 3-fach verstellbare R\u00fcckenlehne und Fu\u00dfst\u00fctze, und das Tischchen kann abgenommen werden. Das stabile Gestell l\u00e4sst sich leicht zusammenklappen und bleibt frei stehen. 4 Rollen erm\u00f6glichen ein bequemes Umstellen. Empfohlen ab 6 Monaten, bis 15 kg. <\/p>\n<h3>Set enth\u00e4lt:<\/h3>\n<p>1 <\/p>\n<p>Der Hochstuhl Polly Easy bietet alles f\u00fcr ein entspanntes Essen. Empfohlen ab 6 Monaten bis 15 kg.<br \/>\nVerf\u00fcgt \u00fcber einen breiten, weichen Sitz mit abwaschbarem Polster<br \/>\n3-fach verstellbare R\u00fcckenlehne und Fu\u00dfst\u00fctze und das Tischchen kann abgenommen werden<br \/>\nDas stabile Gestell l\u00e4sst sich leicht zusammen klappen und bleibt frei stehen<br \/>\n2 Rollen erm\u00f6glichen ein bequemes Umstellen<br \/>\n<div class=\"main-cross-sell\" data-asin=\"B07GX94F2S\">\n\n\t<div class=\"WooZone-cross-sell-loader\">\n\t\t<div>\n\t\t\t<div id=\"floatingBarsG\">\n\t\t\t\t<div class=\"blockG\" id=\"rotateG_01\"><\/div>\n\t\t\t\t<div class=\"blockG\" id=\"rotateG_02\"><\/div>\n\t\t\t\t<div class=\"blockG\" id=\"rotateG_03\"><\/div>\n\t\t\t\t<div class=\"blockG\" id=\"rotateG_04\"><\/div>\n\t\t\t\t<div class=\"blockG\" id=\"rotateG_05\"><\/div>\n\t\t\t\t<div class=\"blockG\" id=\"rotateG_06\"><\/div>\n\t\t\t\t<div class=\"blockG\" id=\"rotateG_07\"><\/div>\n\t\t\t\t<div class=\"blockG\" id=\"rotateG_08\"><\/div>\n\t\t\t<\/div>\n\t\t\t<div class=\"WooZone-cross-sell-loader-text\"><\/div>\n\t\t<\/div>\n\t<\/div>\n\n\t\t\n<\/div>\n<div style=\"clear:both;\"><\/div>\n","protected":false},"excerpt":{"rendered":"<p>Der Hochstuhl Polly Easy bietet alles f\u00fcr ein entspanntes Essen. Empfohlen ab 6 Monaten bis 15 kg.<br \/>\nVerf\u00fcgt \u00fcber einen breiten, weichen Sitz mit abwaschbarem Polster<br \/>\n3-fach verstellbare R\u00fcckenlehne und Fu\u00dfst\u00fctze und das Tischchen kann abgenommen werden<\/p>\n","protected":false},"featured_media":3253,"comment_status":"open","ping_status":"closed","template":"","meta":{"rs_blank_template":"","rs_page_bg_color":"","slide_template_v7":""},"etheme_brands":[],"product_cat":[24],"product_tag":[],"class_list":{"0":"post-3252","1":"product","2":"type-product","3":"status-publish","4":"has-post-thumbnail","6":"product_cat-hochstuhl","7":"pa_brand-chicco","9":"first","10":"instock","11":"shipping-taxable","12":"product-type-simple"},"_links":{"self":[{"href":"https:\/\/www.babyelf.de\/index.php?rest_route=\/wp\/v2\/product\/3252","targetHints":{"allow":["GET"]}}],"collection":[{"href":"https:\/\/www.babyelf.de\/index.php?rest_route=\/wp\/v2\/product"}],"about":[{"href":"https:\/\/www.babyelf.de\/index.php?rest_route=\/wp\/v2\/types\/product"}],"replies":[{"embeddable":true,"href":"https:\/\/www.babyelf.de\/index.php?rest_route=%2Fwp%2Fv2%2Fcomments&post=3252"}],"wp:featuredmedia":[{"embeddable":true,"href":"https:\/\/www.babyelf.de\/index.php?rest_route=\/wp\/v2\/media\/3253"}],"wp:attachment":[{"href":"https:\/\/www.babyelf.de\/index.php?rest_route=%2Fwp%2Fv2%2Fmedia&parent=3252"}],"wp:term":[{"taxonomy":"brand","embeddable":true,"href":"https:\/\/www.babyelf.de\/index.php?rest_route=%2Fwp%2Fv2%2Fetheme_brands&post=3252"},{"taxonomy":"product_cat","embeddable":true,"href":"https:\/\/www.babyelf.de\/index.php?rest_route=%2Fwp%2Fv2%2Fproduct_cat&post=3252"},{"taxonomy":"product_tag","embeddable":true,"href":"https:\/\/www.babyelf.de\/index.php?rest_route=%2Fwp%2Fv2%2Fproduct_tag&post=3252"}],"curies":[{"name":"wp","href":"https:\/\/api.w.org\/{rel}","templated":true}]}}