{"id":3244,"date":"2020-08-21T09:18:37","date_gmt":"2020-08-21T09:18:37","guid":{"rendered":"https:\/\/www.babyelf.de\/?product=chicco-07079502240000-hochstuhl-polly-magic-relax-tuerkis"},"modified":"2026-01-16T08:16:02","modified_gmt":"2026-01-16T07:16:02","slug":"chicco-07079502240000-hochstuhl-polly-magic-relax-tuerkis","status":"publish","type":"product","link":"https:\/\/www.babyelf.de\/?product=chicco-07079502240000-hochstuhl-polly-magic-relax-tuerkis","title":{"rendered":"Chicco Polly Magic Relax Baby Hochstuhl ab Geburt bis 3 Jahre (15 kg), Verstellbarer Baby Hochstuhl inklusive Liegefunktion mit 4 R\u00e4dern, Kompakter Schlie\u00dfung, Spielbogen und Sitzverkleinerer"},"content":{"rendered":"<p><!-- show up to 2 reviews by default --> <\/p>\n<h3>Produktbeschreibung<\/h3>\n<p>Der Hochstuhl Polly Magic Relax ist der zuverl\u00e4ssige Begleiter Ihres Kindes von Geburt an (Made in Italy). zuerst als Babyliegesessel und sp\u00e4ter als Hochstuhl und Kinderstuhl bietet Polly Magic Relax immer den perfekten Platz zum sicheren sitzen oder entspannen. Empfohlen ab Geburt bis 15 kg K\u00f6rpergewicht. F\u00fcr maximale Sicherheit und Komfort ist der Sitz 8-fach h\u00f6henverstellbar. Die R\u00fcckenlehne kann in 4 Positionen eingestellt werden, bis zur vollst\u00e4ndigen Liegeposition. Der interaktive Spielbogen mit verschiedenen Spielzeugen bringt viel Spa\u00df und f\u00f6rdert die motorischen F\u00e4higkeiten des Kindes. Der Sitzverkleinerer hat zwei verschiedene Seiten, die h\u00f6chsten Komfort bieten, egal ob Winter oder Sommer und er ist waschbar. Der Bezug aus abwischbarem Material ist einfach zu reinigen und sehr komfortabel. Das Tablett ist abnehmbar und kann auch als Tischset verwendet werden. Geschlossen ist Polly Magic Relax sehr kompakt und bleibt alleine stehen. Die Tischplatte l\u00e4sst sich hinten am Gestell befestigen. Mit 4 praktischen Rollen zum einfachen Verschieben. <\/p>\n<h3>Set enth\u00e4lt:<\/h3>\n<p>Hochstuhl; Gebrauchsanleitung <\/p>\n<p>Polly Magic ist ideal ab der Geburt bis zu 3 Jahren. Zuerst als Babyliegesessel, sp\u00e4ter als Hochstuhl und Kinderstuhl. Empfohlen ab Gebort bis 15 kg K\u00f6rpergewicht<br \/>\nF\u00fcr maximale Sicherheit und Komfort ist der Sitz 8-fach h\u00f6henverstellbar. Die R\u00fcckenlehne kann in 4 Positionen eingestellt werden, bis zur vollst\u00e4ndigen Liegeposition<br \/>\nDer interaktive Spielbogen mit verschiedenen Spielzeugen bringt viel Spa\u00df und f\u00f6rdert die motorischenF\u00e4higkeiten des Kindes<br \/>\nDer Sitzverkleinerer ist waschbar und angenehm weich. Die doppelten Bez\u00fcge aus abwischbarem Material sind einfach zu reinigen und sehr komfortabel<br \/>\nDas Tablett ist abnehmbar und kann auch als Tischset verwendet werden. Geschlossen ist Polly Magic sehr kompakt und bleibt alleine stehen. Mit 4 praktischen Rollen zum einfachen Verschieben<br \/>\n<div class=\"main-cross-sell\" data-asin=\"B07Z5GNX47\">\n\n\t<div class=\"WooZone-cross-sell-loader\">\n\t\t<div>\n\t\t\t<div id=\"floatingBarsG\">\n\t\t\t\t<div class=\"blockG\" id=\"rotateG_01\"><\/div>\n\t\t\t\t<div class=\"blockG\" id=\"rotateG_02\"><\/div>\n\t\t\t\t<div class=\"blockG\" id=\"rotateG_03\"><\/div>\n\t\t\t\t<div class=\"blockG\" id=\"rotateG_04\"><\/div>\n\t\t\t\t<div class=\"blockG\" id=\"rotateG_05\"><\/div>\n\t\t\t\t<div class=\"blockG\" id=\"rotateG_06\"><\/div>\n\t\t\t\t<div class=\"blockG\" id=\"rotateG_07\"><\/div>\n\t\t\t\t<div class=\"blockG\" id=\"rotateG_08\"><\/div>\n\t\t\t<\/div>\n\t\t\t<div class=\"WooZone-cross-sell-loader-text\"><\/div>\n\t\t<\/div>\n\t<\/div>\n\n\t\t\n<\/div>\n<div style=\"clear:both;\"><\/div>\n","protected":false},"excerpt":{"rendered":"<p>Polly Magic ist ideal ab der Geburt bis zu 3 Jahren. Zuerst als Babyliegesessel, sp\u00e4ter als Hochstuhl und Kinderstuhl. Empfohlen ab Gebort bis 15 kg K\u00f6rpergewicht<br \/>\nF\u00fcr maximale Sicherheit und Komfort ist der Sitz 8-fach h\u00f6henverstellbar. Die R\u00fcckenlehne kann in 4 Positionen eingestellt werden, bis zur vollst\u00e4ndigen Liegeposition<br \/>\nDer interaktive Spielbogen mit verschiedenen Spielzeugen bringt viel Spa\u00df und f\u00f6rdert die motorischenF\u00e4higkeiten des Kindes<\/p>\n","protected":false},"featured_media":3245,"comment_status":"open","ping_status":"closed","template":"","meta":{"rs_blank_template":"","rs_page_bg_color":"","slide_template_v7":""},"etheme_brands":[],"product_cat":[24],"product_tag":[],"class_list":{"0":"post-3244","1":"product","2":"type-product","3":"status-publish","4":"has-post-thumbnail","6":"product_cat-hochstuhl","7":"pa_brand-chicco","9":"first","10":"instock","11":"shipping-taxable","12":"product-type-simple"},"_links":{"self":[{"href":"https:\/\/www.babyelf.de\/index.php?rest_route=\/wp\/v2\/product\/3244","targetHints":{"allow":["GET"]}}],"collection":[{"href":"https:\/\/www.babyelf.de\/index.php?rest_route=\/wp\/v2\/product"}],"about":[{"href":"https:\/\/www.babyelf.de\/index.php?rest_route=\/wp\/v2\/types\/product"}],"replies":[{"embeddable":true,"href":"https:\/\/www.babyelf.de\/index.php?rest_route=%2Fwp%2Fv2%2Fcomments&post=3244"}],"wp:featuredmedia":[{"embeddable":true,"href":"https:\/\/www.babyelf.de\/index.php?rest_route=\/wp\/v2\/media\/3245"}],"wp:attachment":[{"href":"https:\/\/www.babyelf.de\/index.php?rest_route=%2Fwp%2Fv2%2Fmedia&parent=3244"}],"wp:term":[{"taxonomy":"brand","embeddable":true,"href":"https:\/\/www.babyelf.de\/index.php?rest_route=%2Fwp%2Fv2%2Fetheme_brands&post=3244"},{"taxonomy":"product_cat","embeddable":true,"href":"https:\/\/www.babyelf.de\/index.php?rest_route=%2Fwp%2Fv2%2Fproduct_cat&post=3244"},{"taxonomy":"product_tag","embeddable":true,"href":"https:\/\/www.babyelf.de\/index.php?rest_route=%2Fwp%2Fv2%2Fproduct_tag&post=3244"}],"curies":[{"name":"wp","href":"https:\/\/api.w.org\/{rel}","templated":true}]}}