{"id":3212,"date":"2020-08-21T09:18:25","date_gmt":"2020-08-21T09:18:25","guid":{"rendered":"https:\/\/www.babyelf.de\/?product=hochstuhl-fuer-babys-klappbarer-babystuhl-hoehenverstellbar-mit-sicherheitsgurt-tablett"},"modified":"2026-01-16T08:15:51","modified_gmt":"2026-01-16T07:15:51","slug":"hochstuhl-fuer-babys-klappbarer-babystuhl-hoehenverstellbar-mit-sicherheitsgurt-tablett","status":"publish","type":"product","link":"https:\/\/www.babyelf.de\/?product=hochstuhl-fuer-babys-klappbarer-babystuhl-hoehenverstellbar-mit-sicherheitsgurt-tablett","title":{"rendered":"Hochstuhl f\u00fcr Babys, Klappbarer Babystuhl H\u00f6henverstellbar mit Sicherheitsgurt, Tablett"},"content":{"rendered":"<div class=\"disclaim\"> Farbe:<strong>Gr\u00fcn<\/strong> <\/div>\n<p> <!-- show up to 2 reviews by default --> <\/p>\n<p><b><i>Spezifikationen:<\/i><\/b><\/p>\n<p>Material: Stahl (Rahmen) + ABS-Kunststoff(K\u00f6rper)<\/p>\n<p>Gewicht Kapazit\u00e4t: 35 lbs<\/p>\n<p>Gesamtabmessung: 57 * 63 * 87 cm (L x B xMax H)<\/p>\n<p>Gefaltete Abmessung: 30 * 40 * 10 cm (L x Bx Max H)<\/p>\n<p>Einstellbare H\u00f6he vom Tablett bis zumBoden: 21 &#8211; 73 cm<\/p>\n<p>Beh\u00e4ltergr\u00f6\u00dfe: 25 * 42 cm (L x B)<\/p>\n<p>Sitzgr\u00f6\u00dfe: 20 * 31 (L x B\uff09<\/p>\n<p><b><i>Merkmal:<\/i><\/b><\/p>\n<p>-Stahlrahmen und stabile Hochleistungsbasis<\/p>\n<p>-Fortschrittliches und harmlosesKunststoffmaterial f\u00fcr die Sicherheit von Babys<\/p>\n<p>-Polierte Seiten und Ecken, um Babys vorKratzern oder Verletzungen zu sch\u00fctzen<\/p>\n<p>-Ein Getr\u00e4nkehalter auf dem Tablett<\/p>\n<p>-Sicherheitsgurt f\u00fcr die Sicherheit vonBabys inbegriffen<\/p>\n<p>-Zwei hintere rollende Universalr\u00e4der, diemit Verriegelungen ausgestattet sind, um den Stuhl leicht bewegen zu k\u00f6nnen<\/p>\n<p>-Zwei Vorderf\u00fc\u00dfe mit rutschfestem Designzur Erh\u00f6hung der Stabilit\u00e4t<\/p>\n<p>-Hinweis: Einfache Montage gem\u00e4\u00dfbeiliegender Anleitung erforderlich.<\/p>\n<p><b><i>Paket beinhaltet:<\/i><\/b><\/p>\n<p>1 x Kinderhochstuhl<\/p>\n<\/p>\n<p>Aus harmlosem Kunststoff und einem stabilen Stahlrahmen.<br \/>\nDie H\u00f6he des Tabletts kann an unterschiedliche H\u00f6henanforderungen angepasst werden.<br \/>\nKommen Sie mit einem Sicherheitsgurt, um Ihr Baby jederzeit zu sch\u00fctzen.<br \/>\nFaltbares Design f\u00fcr einfache Aufbewahrung und platzsparenden Transport.<br \/>\nLeicht zu reinigen, glatt und angenehm anzufassen.<br \/>\n<div class=\"main-cross-sell\" data-asin=\"B083JWCB9S\">\n\n\t<div class=\"WooZone-cross-sell-loader\">\n\t\t<div>\n\t\t\t<div id=\"floatingBarsG\">\n\t\t\t\t<div class=\"blockG\" id=\"rotateG_01\"><\/div>\n\t\t\t\t<div class=\"blockG\" id=\"rotateG_02\"><\/div>\n\t\t\t\t<div class=\"blockG\" id=\"rotateG_03\"><\/div>\n\t\t\t\t<div class=\"blockG\" id=\"rotateG_04\"><\/div>\n\t\t\t\t<div class=\"blockG\" id=\"rotateG_05\"><\/div>\n\t\t\t\t<div class=\"blockG\" id=\"rotateG_06\"><\/div>\n\t\t\t\t<div class=\"blockG\" id=\"rotateG_07\"><\/div>\n\t\t\t\t<div class=\"blockG\" id=\"rotateG_08\"><\/div>\n\t\t\t<\/div>\n\t\t\t<div class=\"WooZone-cross-sell-loader-text\"><\/div>\n\t\t<\/div>\n\t<\/div>\n\n\t\t\n<\/div>\n<div style=\"clear:both;\"><\/div>\n","protected":false},"excerpt":{"rendered":"<p>Aus harmlosem Kunststoff und einem stabilen Stahlrahmen.<br \/>\nDie H\u00f6he des Tabletts kann an unterschiedliche H\u00f6henanforderungen angepasst werden.<br \/>\nKommen Sie mit einem Sicherheitsgurt, um Ihr Baby jederzeit zu sch\u00fctzen.<\/p>\n","protected":false},"featured_media":3213,"comment_status":"open","ping_status":"closed","template":"","meta":{"rs_blank_template":"","rs_page_bg_color":"","slide_template_v7":""},"etheme_brands":[],"product_cat":[24],"product_tag":[],"class_list":{"0":"post-3212","1":"product","2":"type-product","3":"status-publish","4":"has-post-thumbnail","6":"product_cat-hochstuhl","7":"pa_brand-wupyi2018","9":"first","10":"instock","11":"shipping-taxable","12":"product-type-simple"},"_links":{"self":[{"href":"https:\/\/www.babyelf.de\/index.php?rest_route=\/wp\/v2\/product\/3212","targetHints":{"allow":["GET"]}}],"collection":[{"href":"https:\/\/www.babyelf.de\/index.php?rest_route=\/wp\/v2\/product"}],"about":[{"href":"https:\/\/www.babyelf.de\/index.php?rest_route=\/wp\/v2\/types\/product"}],"replies":[{"embeddable":true,"href":"https:\/\/www.babyelf.de\/index.php?rest_route=%2Fwp%2Fv2%2Fcomments&post=3212"}],"wp:featuredmedia":[{"embeddable":true,"href":"https:\/\/www.babyelf.de\/index.php?rest_route=\/wp\/v2\/media\/3213"}],"wp:attachment":[{"href":"https:\/\/www.babyelf.de\/index.php?rest_route=%2Fwp%2Fv2%2Fmedia&parent=3212"}],"wp:term":[{"taxonomy":"brand","embeddable":true,"href":"https:\/\/www.babyelf.de\/index.php?rest_route=%2Fwp%2Fv2%2Fetheme_brands&post=3212"},{"taxonomy":"product_cat","embeddable":true,"href":"https:\/\/www.babyelf.de\/index.php?rest_route=%2Fwp%2Fv2%2Fproduct_cat&post=3212"},{"taxonomy":"product_tag","embeddable":true,"href":"https:\/\/www.babyelf.de\/index.php?rest_route=%2Fwp%2Fv2%2Fproduct_tag&post=3212"}],"curies":[{"name":"wp","href":"https:\/\/api.w.org\/{rel}","templated":true}]}}