{"id":3189,"date":"2020-08-21T09:10:46","date_gmt":"2020-08-21T09:10:46","guid":{"rendered":"https:\/\/www.babyelf.de\/?product=geuther-hochstuhl-mucki-aus-holz-stapelbar-stabiler-kinderstuhl-natur"},"modified":"2026-01-29T10:47:12","modified_gmt":"2026-01-29T09:47:12","slug":"geuther-hochstuhl-mucki-aus-holz-stapelbar-stabiler-kinderstuhl-natur","status":"publish","type":"product","link":"https:\/\/www.babyelf.de\/?product=geuther-hochstuhl-mucki-aus-holz-stapelbar-stabiler-kinderstuhl-natur","title":{"rendered":"Geuther Hochstuhl MUCKI, Kinderstuhl (Baby Hochstuhl mit massivem Bauchb\u00fcgel und Trittbrett, stabiler 3-Punkt Sicherheitsgurt, einfach zu reinigen und stapelbar, klares Design), Kolonial"},"content":{"rendered":"<div class=\"disclaim\"> Farbe:<strong>Koloniale<\/strong> <\/div>\n<p> <!-- show up to 2 reviews by default --> <\/p>\n<p><b>Stapelbarer Hochstuhl MUCKI &#8211; der Bodenst\u00e4ndige<\/b><\/p>\n<p>Er steht fest auf seinen massiven Buchef\u00fc\u00dfen und gibt den kleinen Stramplern genau den Halt, den sie in der ersten Zeit des Sitzens brauchen: Ein Brett f\u00fcr die F\u00fc\u00dfchen, Seitenst\u00e4be f\u00fcr Rundum-Sicherheit und stabiles Gurtband, um den kleinen Po auf seinem Platz zu halten.<\/p>\n<p>Damit Mucki sich gut ins Familienleben einf\u00fcgt, ist er in zwei Varianten erh\u00e4ltlich: farblos lackiert in ungetr\u00fcbter Holzoptik und dunkel gebeizt in edlem Kolonialstil.<\/p>\n<p><b>PRODUKTDETAILS<\/b><\/p>\n<p><b>Mucki<\/b><\/p>\n<ul>\n<li>Farben: natur, koloniale<\/li>\n<li>Art.Nr. 2306<\/li>\n<\/ul>\n<p><b>Verf\u00fcgbare Sitzverkleinerer<\/b><\/p>\n<ul>\n<li>Stoffe: 104, 105, 106, 107, 108, 131, 132, 154 &#8211; Art.Nr. 4742<\/li>\n<\/ul>\n<p>Hochwertige Kinderm\u00f6bel, die den h\u00f6chsten Sicherheitsanforderungen entsprechen zeichnen das Familienunternehmen Geuther aus Deutschland seit mehr als 130 Jahren aus. Das Sortiment reicht von kompletten Kinderzimmern, Hochst\u00fchlen sowie Lauf- und Treppengittern bis hin zu Pflege- und Spielsachen. Erste Wahl bei der Herstellung der M\u00f6bel ist massives Buchenholz aus heimischen und europ\u00e4ischen W\u00e4ldern.<\/p>\n<\/p>\n<p>SICHERHEIT &#8211; Der Hochstuhl kommt inklusive Bauchb\u00fcgel aus Buche und schmaler Trittstange<br \/>\nSTAPELBAR &#8211; Ideal wenn mehrere Hochst\u00fchle auf Ihren einsatz warten m\u00fcssen: Einfach stapeln und bei Bedarf aufstellen.<br \/>\nSTANDSICHER &#8211; Die auslaufenden F\u00fc\u00dfe geben dem Hochstuhl Standsicherheit ohne zu viel Platz zu ben\u00f6tigen<br \/>\nPFLEGELEICHT &#8211; Der Hochstuhl Mucki hat vergleichbar wenig Ecken und kann daher einfach gereinigt und abgewischt werden<br \/>\nGEPR\u00dcFT &#8211; Der T\u00dcV Rheinland hat die Stabilit\u00e4t, Haltbarkeit und chemische Zusammensetzung gepr\u00fcft und mit dem GS Zertifikat ausgezeichnet<br \/>\n<div class=\"main-cross-sell\" data-asin=\"B002SW3GY0\">\n\n\t<div class=\"WooZone-cross-sell-loader\">\n\t\t<div>\n\t\t\t<div id=\"floatingBarsG\">\n\t\t\t\t<div class=\"blockG\" id=\"rotateG_01\"><\/div>\n\t\t\t\t<div class=\"blockG\" id=\"rotateG_02\"><\/div>\n\t\t\t\t<div class=\"blockG\" id=\"rotateG_03\"><\/div>\n\t\t\t\t<div class=\"blockG\" id=\"rotateG_04\"><\/div>\n\t\t\t\t<div class=\"blockG\" id=\"rotateG_05\"><\/div>\n\t\t\t\t<div class=\"blockG\" id=\"rotateG_06\"><\/div>\n\t\t\t\t<div class=\"blockG\" id=\"rotateG_07\"><\/div>\n\t\t\t\t<div class=\"blockG\" id=\"rotateG_08\"><\/div>\n\t\t\t<\/div>\n\t\t\t<div class=\"WooZone-cross-sell-loader-text\"><\/div>\n\t\t<\/div>\n\t<\/div>\n\n\t\t\n<\/div>\n<div style=\"clear:both;\"><\/div>\n","protected":false},"excerpt":{"rendered":"<p>SICHERHEIT &#8211; Der Hochstuhl kommt inklusive Bauchb\u00fcgel aus Buche und schmaler Trittstange<br \/>\nSTAPELBAR &#8211; Ideal wenn mehrere Hochst\u00fchle auf Ihren einsatz warten m\u00fcssen: Einfach stapeln und bei Bedarf aufstellen.<br \/>\nSTANDSICHER &#8211; Die auslaufenden F\u00fc\u00dfe geben dem Hochstuhl Standsicherheit ohne zu viel Platz zu ben\u00f6tigen<\/p>\n","protected":false},"featured_media":3190,"comment_status":"open","ping_status":"closed","template":"","meta":{"rs_blank_template":"","rs_page_bg_color":"","slide_template_v7":""},"etheme_brands":[],"product_cat":[24],"product_tag":[],"class_list":{"0":"post-3189","1":"product","2":"type-product","3":"status-publish","4":"has-post-thumbnail","6":"product_cat-hochstuhl","7":"pa_brand-geuther","9":"first","10":"instock","11":"shipping-taxable","12":"product-type-simple"},"_links":{"self":[{"href":"https:\/\/www.babyelf.de\/index.php?rest_route=\/wp\/v2\/product\/3189","targetHints":{"allow":["GET"]}}],"collection":[{"href":"https:\/\/www.babyelf.de\/index.php?rest_route=\/wp\/v2\/product"}],"about":[{"href":"https:\/\/www.babyelf.de\/index.php?rest_route=\/wp\/v2\/types\/product"}],"replies":[{"embeddable":true,"href":"https:\/\/www.babyelf.de\/index.php?rest_route=%2Fwp%2Fv2%2Fcomments&post=3189"}],"wp:featuredmedia":[{"embeddable":true,"href":"https:\/\/www.babyelf.de\/index.php?rest_route=\/wp\/v2\/media\/3190"}],"wp:attachment":[{"href":"https:\/\/www.babyelf.de\/index.php?rest_route=%2Fwp%2Fv2%2Fmedia&parent=3189"}],"wp:term":[{"taxonomy":"brand","embeddable":true,"href":"https:\/\/www.babyelf.de\/index.php?rest_route=%2Fwp%2Fv2%2Fetheme_brands&post=3189"},{"taxonomy":"product_cat","embeddable":true,"href":"https:\/\/www.babyelf.de\/index.php?rest_route=%2Fwp%2Fv2%2Fproduct_cat&post=3189"},{"taxonomy":"product_tag","embeddable":true,"href":"https:\/\/www.babyelf.de\/index.php?rest_route=%2Fwp%2Fv2%2Fproduct_tag&post=3189"}],"curies":[{"name":"wp","href":"https:\/\/api.w.org\/{rel}","templated":true}]}}