{"id":3143,"date":"2020-08-21T09:10:26","date_gmt":"2020-08-21T09:10:26","guid":{"rendered":"https:\/\/www.babyelf.de\/?product=roba-klapphochstuhl-hochstuhl-platzsparend-klappbar-baby-kinderhochstuhl-holz-natur"},"modified":"2026-01-29T10:47:12","modified_gmt":"2026-01-29T09:47:12","slug":"roba-klapphochstuhl-hochstuhl-platzsparend-klappbar-baby-kinderhochstuhl-holz-natur","status":"publish","type":"product","link":"https:\/\/www.babyelf.de\/?product=roba-klapphochstuhl-hochstuhl-platzsparend-klappbar-baby-kinderhochstuhl-holz-natur","title":{"rendered":"roba Klapphochstuhl mit Essbrett &#8211; Baby Hochstuhl platzsparend klappbar &#8211; Kinderhochstuhl mit 3 Punkte Gurt &#8211; ab 6 Monaten &#8211; Holz natur, 1 St\u00fcck (1er Pack)"},"content":{"rendered":"<div class=\"disclaim\"> Stil:<strong>Hochstuhl<\/strong> | Farbe:<strong>natur<\/strong> <\/div>\n<p> <!-- show up to 2 reviews by default --> <\/p>\n<h3>Produktbeschreibung<\/h3>\n<p>Platzsparen leicht gemacht! Der roba Klapphochstuhl ist aus stabilem Holz gefertigt und l\u00e4sst sich kinderleicht zusammenklappen. Dank der Griffmulde in der R\u00fcckenlehne l\u00e4sst sich der Kinderhochstuhl leicht hochheben, verstellen und aufr\u00e4umen. Trotz des geringen Gewichts von nicht einmal 6 kg \u00fcberzeugt der Stuhl mit einer hohen Standfestigkeit und Kippsicherheit. Der Dreipunktgurt und die hohe Stabilit\u00e4t des Stuhls sorgen f\u00fcr die n\u00f6tige Sicherheit Ihres Kindes beim Sitzen, Essen und Spielen im Hochstuhl ab dem 6. Lebensmonat. Ein fest verschraubtes Essbrett l\u00e4sst sich einfach mit einem feuchten Tuch abwischen und reinigen. Im aufgeklappten Zustand hat der Kinderstuhl die Abmessungen 79 x 58 x59 cm, die Sitzh\u00f6he betr\u00e4gt 54 cm. Der nach Sicherheitsnorm EN 14988-1:2006+A1:2012 gefertigte Hochstuhl wird bereits gebrauchsfertig, zusammengeklappt geliefert. Einfach aufklappen und los geht es! Kein Schrauben, keine Montage! <\/p>\n<h3>Amazon.de<\/h3>\n<\/p>\n<div class=\"aplus\"><b>7520 Treppenhochstuhl \/ Klapphochstuhl<\/b><\/p>\n<ul>\n<li>Holz natur<\/li>\n<li>mit E\u00dfbrett<\/li>\n<li>R\u00fccken und E\u00dfbrett 3 D Formholz<\/li>\n<li>zusammenklappbar<\/li>\n<li>zerlegt verpackt<\/li>\n<\/ul>\n<\/div>\n<p>DER ROBA KLAPPHOCHSTUHL ist aus stabilem Holz gefertigt und l\u00e4sst sich kinderleicht zusammenklappen. Dank der Griffmulde in der R\u00fcckenlehne l\u00e4sst sich der Kinderhochstuhl leicht hochheben.<br \/>\nTROTZ DES GERINGEN GEWICHTS VON KNAPP 6KG \u00fcberzeugt der Stuhl mit hoher Standfestigkeit. Dreipunktgurt und Stabilit\u00e4t des Stuhls sorgen f\u00fcr die n\u00f6tige Sicherheit Ihres Kindes ab dem 6.Lebensmonat.<br \/>\nEIN FEST VERSCHRAUBTES ESSBRETT l\u00e4sst sich einfach mit einem feuchten Tuch abwischen und reinigen.<br \/>\nIM AUFGEKLAPPTEN ZUSTAND hat der Kinderstuhl die Abmessungen 79 x 58 x59 cm, die Sitzh\u00f6he betr\u00e4gt 54 cm.<br \/>\nDER NACH SICHERHEITSNORM EN 14988-1:2006+A1:2012 gefertigte Hochstuhl wird bereits gebrauchsfertig, zusammengeklappt geliefert &#8211; Einfach aufklappen und los geht es! Kein Schrauben, keine Montage!<br \/>\n<div class=\"main-cross-sell\" data-asin=\"B005N46QVA\">\n\n\t<div class=\"WooZone-cross-sell-loader\">\n\t\t<div>\n\t\t\t<div id=\"floatingBarsG\">\n\t\t\t\t<div class=\"blockG\" id=\"rotateG_01\"><\/div>\n\t\t\t\t<div class=\"blockG\" id=\"rotateG_02\"><\/div>\n\t\t\t\t<div class=\"blockG\" id=\"rotateG_03\"><\/div>\n\t\t\t\t<div class=\"blockG\" id=\"rotateG_04\"><\/div>\n\t\t\t\t<div class=\"blockG\" id=\"rotateG_05\"><\/div>\n\t\t\t\t<div class=\"blockG\" id=\"rotateG_06\"><\/div>\n\t\t\t\t<div class=\"blockG\" id=\"rotateG_07\"><\/div>\n\t\t\t\t<div class=\"blockG\" id=\"rotateG_08\"><\/div>\n\t\t\t<\/div>\n\t\t\t<div class=\"WooZone-cross-sell-loader-text\"><\/div>\n\t\t<\/div>\n\t<\/div>\n\n\t\t\n<\/div>\n<div style=\"clear:both;\"><\/div>\n","protected":false},"excerpt":{"rendered":"<p>DER ROBA KLAPPHOCHSTUHL ist aus stabilem Holz gefertigt und l\u00e4sst sich kinderleicht zusammenklappen. Dank der Griffmulde in der R\u00fcckenlehne l\u00e4sst sich der Kinderhochstuhl leicht hochheben.<br \/>\nTROTZ DES GERINGEN GEWICHTS VON KNAPP 6KG \u00fcberzeugt der Stuhl mit hoher Standfestigkeit. Dreipunktgurt und Stabilit\u00e4t des Stuhls sorgen f\u00fcr die n\u00f6tige Sicherheit Ihres Kindes ab dem 6.Lebensmonat.<br \/>\nEIN FEST VERSCHRAUBTES ESSBRETT l\u00e4sst sich einfach mit einem feuchten Tuch abwischen und reinigen.<\/p>\n","protected":false},"featured_media":3144,"comment_status":"open","ping_status":"closed","template":"","meta":{"rs_blank_template":"","rs_page_bg_color":"","slide_template_v7":""},"etheme_brands":[],"product_cat":[24],"product_tag":[],"class_list":{"0":"post-3143","1":"product","2":"type-product","3":"status-publish","4":"has-post-thumbnail","6":"product_cat-hochstuhl","7":"pa_brand-roba","9":"first","10":"instock","11":"sale","12":"shipping-taxable","13":"purchasable","14":"product-type-simple"},"_links":{"self":[{"href":"https:\/\/www.babyelf.de\/index.php?rest_route=\/wp\/v2\/product\/3143","targetHints":{"allow":["GET"]}}],"collection":[{"href":"https:\/\/www.babyelf.de\/index.php?rest_route=\/wp\/v2\/product"}],"about":[{"href":"https:\/\/www.babyelf.de\/index.php?rest_route=\/wp\/v2\/types\/product"}],"replies":[{"embeddable":true,"href":"https:\/\/www.babyelf.de\/index.php?rest_route=%2Fwp%2Fv2%2Fcomments&post=3143"}],"wp:featuredmedia":[{"embeddable":true,"href":"https:\/\/www.babyelf.de\/index.php?rest_route=\/wp\/v2\/media\/3144"}],"wp:attachment":[{"href":"https:\/\/www.babyelf.de\/index.php?rest_route=%2Fwp%2Fv2%2Fmedia&parent=3143"}],"wp:term":[{"taxonomy":"brand","embeddable":true,"href":"https:\/\/www.babyelf.de\/index.php?rest_route=%2Fwp%2Fv2%2Fetheme_brands&post=3143"},{"taxonomy":"product_cat","embeddable":true,"href":"https:\/\/www.babyelf.de\/index.php?rest_route=%2Fwp%2Fv2%2Fproduct_cat&post=3143"},{"taxonomy":"product_tag","embeddable":true,"href":"https:\/\/www.babyelf.de\/index.php?rest_route=%2Fwp%2Fv2%2Fproduct_tag&post=3143"}],"curies":[{"name":"wp","href":"https:\/\/api.w.org\/{rel}","templated":true}]}}