{"id":3107,"date":"2020-08-21T09:10:11","date_gmt":"2020-08-21T09:10:11","guid":{"rendered":"https:\/\/www.babyelf.de\/?product=chicco-hochstuhl-polly-2-start-fancy-chicken-4-rollen"},"modified":"2026-01-27T13:01:27","modified_gmt":"2026-01-27T12:01:27","slug":"chicco-hochstuhl-polly-2-start-fancy-chicken-4-rollen","status":"publish","type":"product","link":"https:\/\/www.babyelf.de\/?product=chicco-hochstuhl-polly-2-start-fancy-chicken-4-rollen","title":{"rendered":"Chicco Polly2Start Baby Hochstuhl ab Geburt bis 3 Jahre (15 kg), Verstellbarer Kinderhochstuhl mit 4 R\u00e4dern, Liegefunktion und Kompakte Schlie\u00dfung"},"content":{"rendered":"<div class=\"disclaim\"> Stil:<strong>Fancy Chicken<\/strong> <\/div>\n<p> <!-- show up to 2 reviews by default --> <\/p>\n<h3>Produktbeschreibung<\/h3>\n<p>Der Hochstuhl Polly2Start (made in Italy) verf\u00fcgt \u00fcber eine breitenverstellbare R\u00fcckenlehne, die sich optimal an das Wachstum und die Gr\u00f6\u00dfe des Kindes anpasst. Polly2Start ist f\u00fcr Kinder von Geburt an bis zu einem Gewicht von 15 kg geeignet und ist ein wahres Verwandlungstalent: Als bequemer Liegestuhl f\u00fcr die ersten Lebensmonate kann der Hochstuhl ganz einfach in vier verschiedene Neigepositionen gestellt werden. Sobald das Kind selbstst\u00e4ndig sitzen kann, wird der Liegestuhl mit wenigen Handgriffen zum ersten eigenen Hochstuhl mit Tablett und 8-facher H\u00f6henverstellung umfunktioniert. Das Tischchen mit abnehmbarem, transparentem Tablett ist 4-fach verstell- und entfernbar. Mit 5-Punkt-Gurt, verstellbarer Fu\u00df- und Beinst\u00fctze, vier Rollen und abwaschbaren Polstern. Kompakt zusammenklappbar, bleibt selbstst\u00e4ndig stehen. <\/p>\n<h3>Set enth\u00e4lt:<\/h3>\n<p>1 <\/p>\n<p>Polly2Start ist sowohl Hochstuhl mit integriertem Esstisch, bequemer Liegestuhl f\u00fcr die J\u00fcngsten als auch ein klassischer Hochstuhl. Empfohlen ab der Geburt bis 15 kg K\u00f6rpergewicht.<br \/>\nBesonderes Highlight ist dabei die breitenverstellbare R\u00fcckenlehne mit lustigen Tiermotiven, die optimal an die Gr\u00f6\u00dfe und das Wachstum des Kindes angepasst werden kann.<br \/>\nDie R\u00fcckenlehne l\u00e4sst sich einfach und intuitiv in H\u00f6he und Breite verstellen &#8211; 4 m\u00f6gliche Neigungspositionen.<br \/>\nIn 4 Positionen einstellbarer Tisch, mit abnehmbarem, transparentem Tablett. 8 m\u00f6gliche Sitzh\u00f6hen.<br \/>\nMit 3-Punkt-Gurt, verstellbarer Fu\u00df- und Beinst\u00fctze, NEU mit 4 Rollen und abwaschbaren Polstern. Kompakt zusammenklappbar, bleibt selbstst\u00e4ndig stehen.<br \/>\n<div class=\"main-cross-sell\" data-asin=\"B07575X583\">\n\n\t<div class=\"WooZone-cross-sell-loader\">\n\t\t<div>\n\t\t\t<div id=\"floatingBarsG\">\n\t\t\t\t<div class=\"blockG\" id=\"rotateG_01\"><\/div>\n\t\t\t\t<div class=\"blockG\" id=\"rotateG_02\"><\/div>\n\t\t\t\t<div class=\"blockG\" id=\"rotateG_03\"><\/div>\n\t\t\t\t<div class=\"blockG\" id=\"rotateG_04\"><\/div>\n\t\t\t\t<div class=\"blockG\" id=\"rotateG_05\"><\/div>\n\t\t\t\t<div class=\"blockG\" id=\"rotateG_06\"><\/div>\n\t\t\t\t<div class=\"blockG\" id=\"rotateG_07\"><\/div>\n\t\t\t\t<div class=\"blockG\" id=\"rotateG_08\"><\/div>\n\t\t\t<\/div>\n\t\t\t<div class=\"WooZone-cross-sell-loader-text\"><\/div>\n\t\t<\/div>\n\t<\/div>\n\n\t\t\n<\/div>\n<div style=\"clear:both;\"><\/div>\n","protected":false},"excerpt":{"rendered":"<p>Polly2Start ist sowohl Hochstuhl mit integriertem Esstisch, bequemer Liegestuhl f\u00fcr die J\u00fcngsten als auch ein klassischer Hochstuhl. Empfohlen ab der Geburt bis 15 kg K\u00f6rpergewicht.<br \/>\nBesonderes Highlight ist dabei die breitenverstellbare R\u00fcckenlehne mit lustigen Tiermotiven, die optimal an die Gr\u00f6\u00dfe und das Wachstum des Kindes angepasst werden kann.<br \/>\nDie R\u00fcckenlehne l\u00e4sst sich einfach und intuitiv in H\u00f6he und Breite verstellen &#8211; 4 m\u00f6gliche Neigungspositionen.<\/p>\n","protected":false},"featured_media":3108,"comment_status":"open","ping_status":"closed","template":"","meta":{"rs_blank_template":"","rs_page_bg_color":"","slide_template_v7":""},"etheme_brands":[],"product_cat":[24],"product_tag":[],"class_list":{"0":"post-3107","1":"product","2":"type-product","3":"status-publish","4":"has-post-thumbnail","6":"product_cat-hochstuhl","7":"pa_brand-chicco","9":"first","10":"instock","11":"shipping-taxable","12":"product-type-simple"},"_links":{"self":[{"href":"https:\/\/www.babyelf.de\/index.php?rest_route=\/wp\/v2\/product\/3107","targetHints":{"allow":["GET"]}}],"collection":[{"href":"https:\/\/www.babyelf.de\/index.php?rest_route=\/wp\/v2\/product"}],"about":[{"href":"https:\/\/www.babyelf.de\/index.php?rest_route=\/wp\/v2\/types\/product"}],"replies":[{"embeddable":true,"href":"https:\/\/www.babyelf.de\/index.php?rest_route=%2Fwp%2Fv2%2Fcomments&post=3107"}],"wp:featuredmedia":[{"embeddable":true,"href":"https:\/\/www.babyelf.de\/index.php?rest_route=\/wp\/v2\/media\/3108"}],"wp:attachment":[{"href":"https:\/\/www.babyelf.de\/index.php?rest_route=%2Fwp%2Fv2%2Fmedia&parent=3107"}],"wp:term":[{"taxonomy":"brand","embeddable":true,"href":"https:\/\/www.babyelf.de\/index.php?rest_route=%2Fwp%2Fv2%2Fetheme_brands&post=3107"},{"taxonomy":"product_cat","embeddable":true,"href":"https:\/\/www.babyelf.de\/index.php?rest_route=%2Fwp%2Fv2%2Fproduct_cat&post=3107"},{"taxonomy":"product_tag","embeddable":true,"href":"https:\/\/www.babyelf.de\/index.php?rest_route=%2Fwp%2Fv2%2Fproduct_tag&post=3107"}],"curies":[{"name":"wp","href":"https:\/\/api.w.org\/{rel}","templated":true}]}}