{"id":3065,"date":"2020-08-21T09:09:52","date_gmt":"2020-08-21T09:09:52","guid":{"rendered":"https:\/\/www.babyelf.de\/?product=chipolino-hochstuhl-can-can-beige"},"modified":"2026-01-16T08:11:08","modified_gmt":"2026-01-16T07:11:08","slug":"chipolino-hochstuhl-can-can-beige","status":"publish","type":"product","link":"https:\/\/www.babyelf.de\/?product=chipolino-hochstuhl-can-can-beige","title":{"rendered":"Chipolino Hochstuhl Can Can, beige"},"content":{"rendered":"<div class=\"disclaim\"> Farbe:<strong>gelb<\/strong> <\/div>\n<p> <!-- show up to 2 reviews by default --> <\/p>\n<p>Dieser <b>Kinder Hochstuhl Can Can<\/b> von Chipolino ist geeignet f\u00fcr Kinder im Alter von 6 Monaten bis ca. 3 Jahre (15 kg). Der sichere 5-Punkt-Gurt h\u00e4lt Ihr Kind sicher im Sitz. Durch den praktischen, verstellbaren und abnehmbaren Tisch mit erh\u00f6htem Rand und Bechervertiefung kann Ihr Kind selbstst\u00e4ndig essen, wobei die Gefahr des Herunterfallens von Geschirr und Becher vermindert wird. Das obere Tablett l\u00e4sst sich einfach abnehmen und reinigen. Der Hochstuhl ist besonders praktisch, denn er w\u00e4chst mit Ihrem Kind optimal mit. Die Sitzh\u00f6he des Stuhles l\u00e4sst sich in 6 verschiedene H\u00f6hen einstellen. So kann Ihr Kind zu jeder Tischh\u00f6he problemlos gesetzt werden. F\u00fcr hohen Sitzkomfort sorgt die 3-fach verstellbare R\u00fcckenlehne, der verstellbare, abnehmbare Tisch, die 6-fach verstellbare H\u00f6he des Sitzes und die 3-fach verstellbare Beinauflage, sowie ein extra bequemes Sitzpolster das abnehmbar ist. Hinterr\u00e4der mit Bremsen sorgen f\u00fcr zus\u00e4tzlichen Komfort und Sicherheit. Im mitgelieferten Korb, der unter dem Sitz befestigt werden kann, k\u00f6nnen Spielsachen oder andere Gegenst\u00e4nde aufbewahrt werden. Durch den Klapp-Mechanismus kann der Hochstuhl \u00fcberall hin mitgenommen werden oder platzsparend verstaut werden. Auf Augenh\u00f6he mit den Eltern essen mit dem Hochstuhl Can Can von Chipolino.<\/p>\n<p><b>Besonderheiten Artikel Chipolino Hochstuhl Can Can, Tisch, H\u00f6he und R\u00fcckenlehne verstellbar, Sitzpolster<\/b><\/p>\n<ul>\n<li>f\u00fcr Kinder ab 6 Monate empfohlen<\/li>\n<li>Ihr Kind sollte selbstst\u00e4ndig sitzen k\u00f6nnen<\/li>\n<li>leicht zusammenklappbar<\/li>\n<li>Tisch abnehmbar und abwaschbar<\/li>\n<li>Bezug abwaschbar<\/li>\n<li>5-Punkt-Sicherheitsgurt und Beintrenner f\u00fcr optimale Sicherheit<\/li>\n<li>Tisch mit hoher Umrandung und Bechervertiefung<\/li>\n<li>leichter und stabiler Rahmen<\/li>\n<li>R\u00fcckenlehne in 3 Positionen einstellbar<\/li>\n<li>Tisch einstellbar<\/li>\n<li>Sitzh\u00f6he in 6 Positionen einstellbar<\/li>\n<li>Beinauflage in 3 Positionen einstellbar<\/li>\n<li>Aufbewahru\n<\/p>\n<\/li>\n<\/ul>\n<p>Sechs verstellbare Sitzpositionen und drei Beinst\u00fctze verstellbar<br \/>\n3 Positionen verstellbare R\u00fcckenlehne \u2013 macht es geeignet f\u00fcr j\u00fcngere Babys<br \/>\nHinterr\u00e4der mit Bremsen zu gew\u00e4hrleisten zus\u00e4tzlichen Komfort und Sicherheit<br \/>\nFutterschacht hin und her bewegt werden kann \u2013 je nach Alter des Kindes<br \/>\n5-Punkt-verstellbares Hundegeschirr<br \/>\n<div class=\"main-cross-sell\" data-asin=\"B01N80FFDR\">\n\n\t<div class=\"WooZone-cross-sell-loader\">\n\t\t<div>\n\t\t\t<div id=\"floatingBarsG\">\n\t\t\t\t<div class=\"blockG\" id=\"rotateG_01\"><\/div>\n\t\t\t\t<div class=\"blockG\" id=\"rotateG_02\"><\/div>\n\t\t\t\t<div class=\"blockG\" id=\"rotateG_03\"><\/div>\n\t\t\t\t<div class=\"blockG\" id=\"rotateG_04\"><\/div>\n\t\t\t\t<div class=\"blockG\" id=\"rotateG_05\"><\/div>\n\t\t\t\t<div class=\"blockG\" id=\"rotateG_06\"><\/div>\n\t\t\t\t<div class=\"blockG\" id=\"rotateG_07\"><\/div>\n\t\t\t\t<div class=\"blockG\" id=\"rotateG_08\"><\/div>\n\t\t\t<\/div>\n\t\t\t<div class=\"WooZone-cross-sell-loader-text\"><\/div>\n\t\t<\/div>\n\t<\/div>\n\n\t\t\n<\/div>\n<div style=\"clear:both;\"><\/div>\n","protected":false},"excerpt":{"rendered":"<p>Sechs verstellbare Sitzpositionen und drei Beinst\u00fctze verstellbar<br \/>\n3 Positionen verstellbare R\u00fcckenlehne \u2013 macht es geeignet f\u00fcr j\u00fcngere Babys<br \/>\nHinterr\u00e4der mit Bremsen zu gew\u00e4hrleisten zus\u00e4tzlichen Komfort und Sicherheit<\/p>\n","protected":false},"featured_media":3066,"comment_status":"open","ping_status":"closed","template":"","meta":{"rs_blank_template":"","rs_page_bg_color":"","slide_template_v7":""},"etheme_brands":[],"product_cat":[24],"product_tag":[],"class_list":{"0":"post-3065","1":"product","2":"type-product","3":"status-publish","4":"has-post-thumbnail","6":"product_cat-hochstuhl","7":"pa_brand-chipolino","9":"first","10":"instock","11":"shipping-taxable","12":"product-type-simple"},"_links":{"self":[{"href":"https:\/\/www.babyelf.de\/index.php?rest_route=\/wp\/v2\/product\/3065","targetHints":{"allow":["GET"]}}],"collection":[{"href":"https:\/\/www.babyelf.de\/index.php?rest_route=\/wp\/v2\/product"}],"about":[{"href":"https:\/\/www.babyelf.de\/index.php?rest_route=\/wp\/v2\/types\/product"}],"replies":[{"embeddable":true,"href":"https:\/\/www.babyelf.de\/index.php?rest_route=%2Fwp%2Fv2%2Fcomments&post=3065"}],"wp:featuredmedia":[{"embeddable":true,"href":"https:\/\/www.babyelf.de\/index.php?rest_route=\/wp\/v2\/media\/3066"}],"wp:attachment":[{"href":"https:\/\/www.babyelf.de\/index.php?rest_route=%2Fwp%2Fv2%2Fmedia&parent=3065"}],"wp:term":[{"taxonomy":"brand","embeddable":true,"href":"https:\/\/www.babyelf.de\/index.php?rest_route=%2Fwp%2Fv2%2Fetheme_brands&post=3065"},{"taxonomy":"product_cat","embeddable":true,"href":"https:\/\/www.babyelf.de\/index.php?rest_route=%2Fwp%2Fv2%2Fproduct_cat&post=3065"},{"taxonomy":"product_tag","embeddable":true,"href":"https:\/\/www.babyelf.de\/index.php?rest_route=%2Fwp%2Fv2%2Fproduct_tag&post=3065"}],"curies":[{"name":"wp","href":"https:\/\/api.w.org\/{rel}","templated":true}]}}