{"id":2993,"date":"2020-08-21T09:00:19","date_gmt":"2020-08-21T09:00:19","guid":{"rendered":"https:\/\/www.babyelf.de\/?product=ikea-antilop-kinderstuhl-mit-sitzgurt-in-weiss"},"modified":"2026-01-16T08:10:57","modified_gmt":"2026-01-16T07:10:57","slug":"ikea-antilop-kinderstuhl-mit-sitzgurt-in-weiss","status":"publish","type":"product","link":"https:\/\/www.babyelf.de\/?product=ikea-antilop-kinderstuhl-mit-sitzgurt-in-weiss","title":{"rendered":"IKEA ANTILOP Kinderstuhl mit Sitzgurt; in wei\u00df"},"content":{"rendered":"<div class=\"disclaim\"> Anzahl:<strong>1<\/strong> | Farbe:<strong>wei\u00df<\/strong> <\/div>\n<p> <!-- show up to 2 reviews by default --> <\/p>\n<p>Breite: 58 cmH\u00f6he: 90 cmSitzbreite: 25 cmSitztiefe: 21 cmSitzh\u00f6he: 55 cmMontage erforderlichMaterial Sitzschale f\u00fcr Kinderstuhl: PolypropylenBein f\u00fcr Hochstuhl: Beine: Stahl, Epoxi-\/PolyesterpulverfarbeFu\u00df: Polypropylen, PolyethylenMit einem Hochstuhl k\u00f6nnen die Kleinen beim Essen oder Spielen &#8218;gleichberechtigt&#8216; mit am Tisch sitzen.Leichte Demontage, leicht mitzunehmen.Mit Sicherheitsgurt.<\/p>\n<p>Breite: 58 cm; H\u00f6he: 90 cm; Sitzbreite: 25 cm; Sitztiefe: 21 cm; Sitzh\u00f6he: 55 cm<br \/>\nMontage erforderlich<br \/>\nMit einem Hochstuhl k\u00f6nnen die Kleinen beim Essen oder Spielen &#8218;gleichberechtigt&#8216; mit am Tisch sitzen.<br \/>\n<div class=\"main-cross-sell\" data-asin=\"B015T342UQ\">\n\n\t<div class=\"WooZone-cross-sell-loader\">\n\t\t<div>\n\t\t\t<div id=\"floatingBarsG\">\n\t\t\t\t<div class=\"blockG\" id=\"rotateG_01\"><\/div>\n\t\t\t\t<div class=\"blockG\" id=\"rotateG_02\"><\/div>\n\t\t\t\t<div class=\"blockG\" id=\"rotateG_03\"><\/div>\n\t\t\t\t<div class=\"blockG\" id=\"rotateG_04\"><\/div>\n\t\t\t\t<div class=\"blockG\" id=\"rotateG_05\"><\/div>\n\t\t\t\t<div class=\"blockG\" id=\"rotateG_06\"><\/div>\n\t\t\t\t<div class=\"blockG\" id=\"rotateG_07\"><\/div>\n\t\t\t\t<div class=\"blockG\" id=\"rotateG_08\"><\/div>\n\t\t\t<\/div>\n\t\t\t<div class=\"WooZone-cross-sell-loader-text\"><\/div>\n\t\t<\/div>\n\t<\/div>\n\n\t\t\n<\/div>\n<div style=\"clear:both;\"><\/div>\n","protected":false},"excerpt":{"rendered":"<p>Breite: 58 cm; H\u00f6he: 90 cm; Sitzbreite: 25 cm; Sitztiefe: 21 cm; Sitzh\u00f6he: 55 cm<br \/>\nMontage erforderlich<br \/>\nMit einem Hochstuhl k\u00f6nnen die Kleinen beim Essen oder Spielen &#8218;gleichberechtigt&#8216; mit am Tisch sitzen.<\/p>\n","protected":false},"featured_media":2994,"comment_status":"open","ping_status":"closed","template":"","meta":{"rs_blank_template":"","rs_page_bg_color":"","slide_template_v7":""},"etheme_brands":[],"product_cat":[24],"product_tag":[],"class_list":{"0":"post-2993","1":"product","2":"type-product","3":"status-publish","4":"has-post-thumbnail","6":"product_cat-hochstuhl","7":"pa_brand-ikea","9":"first","10":"instock","11":"shipping-taxable","12":"product-type-simple"},"_links":{"self":[{"href":"https:\/\/www.babyelf.de\/index.php?rest_route=\/wp\/v2\/product\/2993","targetHints":{"allow":["GET"]}}],"collection":[{"href":"https:\/\/www.babyelf.de\/index.php?rest_route=\/wp\/v2\/product"}],"about":[{"href":"https:\/\/www.babyelf.de\/index.php?rest_route=\/wp\/v2\/types\/product"}],"replies":[{"embeddable":true,"href":"https:\/\/www.babyelf.de\/index.php?rest_route=%2Fwp%2Fv2%2Fcomments&post=2993"}],"wp:featuredmedia":[{"embeddable":true,"href":"https:\/\/www.babyelf.de\/index.php?rest_route=\/wp\/v2\/media\/2994"}],"wp:attachment":[{"href":"https:\/\/www.babyelf.de\/index.php?rest_route=%2Fwp%2Fv2%2Fmedia&parent=2993"}],"wp:term":[{"taxonomy":"brand","embeddable":true,"href":"https:\/\/www.babyelf.de\/index.php?rest_route=%2Fwp%2Fv2%2Fetheme_brands&post=2993"},{"taxonomy":"product_cat","embeddable":true,"href":"https:\/\/www.babyelf.de\/index.php?rest_route=%2Fwp%2Fv2%2Fproduct_cat&post=2993"},{"taxonomy":"product_tag","embeddable":true,"href":"https:\/\/www.babyelf.de\/index.php?rest_route=%2Fwp%2Fv2%2Fproduct_tag&post=2993"}],"curies":[{"name":"wp","href":"https:\/\/api.w.org\/{rel}","templated":true}]}}