{"id":2853,"date":"2020-08-21T08:57:04","date_gmt":"2020-08-21T08:57:04","guid":{"rendered":"https:\/\/www.babyelf.de\/?product=tasse-schulkind-2020-mit-namen-personalisierte-kindertasse-rosirosinchen"},"modified":"2026-01-16T09:25:27","modified_gmt":"2026-01-16T08:25:27","slug":"tasse-schulkind-2020-mit-namen-personalisierte-kindertasse-rosirosinchen","status":"publish","type":"product","link":"https:\/\/www.babyelf.de\/?product=tasse-schulkind-2020-mit-namen-personalisierte-kindertasse-rosirosinchen","title":{"rendered":"Tasse Schulkind 2025 mit Namen, personalisierte Kindertasse, Rosirosinchen"},"content":{"rendered":"<p><!-- show up to 2 reviews by default --> <\/p>\n<p>Eine tolle Keramiktasse als Geschenk f\u00fcr den Schulanfang 2020. Die Vorderseite wird beschriftet mit dem &#8222;Namen des Kindes&#8220; und die R\u00fcckseite mit &#8222;Schulkind und dem Jahr&#8220;. Die Tasse ist innen in einer von sieben tollen kr\u00e4ftigen Farben und hat au\u00dfen die sch\u00f6nen von mir gezeichneten Schriften und kleine Motive wie Sonne, Sterne ect.. Auf dem Foto sind 2 Beispiele abgebildet, das Angebot bezieht sich nur auf eine Tasse. Auf den anderen beiden Fotos kann man zB die Kindergarten-Tasse und die Abi-Tasse sehen, die ihr auch zus\u00e4tzlich bestellen k\u00f6nnt. <\/p>\n<div class=\"main-cross-sell\" data-asin=\"B01NCWB15Z\">\n\n\t<div class=\"WooZone-cross-sell-loader\">\n\t\t<div>\n\t\t\t<div id=\"floatingBarsG\">\n\t\t\t\t<div class=\"blockG\" id=\"rotateG_01\"><\/div>\n\t\t\t\t<div class=\"blockG\" id=\"rotateG_02\"><\/div>\n\t\t\t\t<div class=\"blockG\" id=\"rotateG_03\"><\/div>\n\t\t\t\t<div class=\"blockG\" id=\"rotateG_04\"><\/div>\n\t\t\t\t<div class=\"blockG\" id=\"rotateG_05\"><\/div>\n\t\t\t\t<div class=\"blockG\" id=\"rotateG_06\"><\/div>\n\t\t\t\t<div class=\"blockG\" id=\"rotateG_07\"><\/div>\n\t\t\t\t<div class=\"blockG\" id=\"rotateG_08\"><\/div>\n\t\t\t<\/div>\n\t\t\t<div class=\"WooZone-cross-sell-loader-text\"><\/div>\n\t\t<\/div>\n\t<\/div>\n\n\t\t\n<\/div>\n<div style=\"clear:both;\"><\/div>\n","protected":false},"excerpt":{"rendered":"<p>Eine tolle Keramiktasse als Geschenk f\u00fcr den Schulanfang 2020. Die Vorderseite wird beschriftet mit dem<\/p>\n","protected":false},"featured_media":2854,"comment_status":"open","ping_status":"closed","template":"","meta":{"rs_blank_template":"","rs_page_bg_color":"","slide_template_v7":""},"etheme_brands":[],"product_cat":[28],"product_tag":[],"class_list":{"0":"post-2853","1":"product","2":"type-product","3":"status-publish","4":"has-post-thumbnail","6":"product_cat-geschirr","7":"pa_brand-rosirosinchen-illustrierte-namensgeschenke","9":"first","10":"instock","11":"shipping-taxable","12":"product-type-simple"},"_links":{"self":[{"href":"https:\/\/www.babyelf.de\/index.php?rest_route=\/wp\/v2\/product\/2853","targetHints":{"allow":["GET"]}}],"collection":[{"href":"https:\/\/www.babyelf.de\/index.php?rest_route=\/wp\/v2\/product"}],"about":[{"href":"https:\/\/www.babyelf.de\/index.php?rest_route=\/wp\/v2\/types\/product"}],"replies":[{"embeddable":true,"href":"https:\/\/www.babyelf.de\/index.php?rest_route=%2Fwp%2Fv2%2Fcomments&post=2853"}],"wp:featuredmedia":[{"embeddable":true,"href":"https:\/\/www.babyelf.de\/index.php?rest_route=\/wp\/v2\/media\/2854"}],"wp:attachment":[{"href":"https:\/\/www.babyelf.de\/index.php?rest_route=%2Fwp%2Fv2%2Fmedia&parent=2853"}],"wp:term":[{"taxonomy":"brand","embeddable":true,"href":"https:\/\/www.babyelf.de\/index.php?rest_route=%2Fwp%2Fv2%2Fetheme_brands&post=2853"},{"taxonomy":"product_cat","embeddable":true,"href":"https:\/\/www.babyelf.de\/index.php?rest_route=%2Fwp%2Fv2%2Fproduct_cat&post=2853"},{"taxonomy":"product_tag","embeddable":true,"href":"https:\/\/www.babyelf.de\/index.php?rest_route=%2Fwp%2Fv2%2Fproduct_tag&post=2853"}],"curies":[{"name":"wp","href":"https:\/\/api.w.org\/{rel}","templated":true}]}}