{"id":2833,"date":"2020-08-21T08:56:57","date_gmt":"2020-08-21T08:56:57","guid":{"rendered":"https:\/\/www.babyelf.de\/?product=munchkin-bunte-breischalen-8er-pack"},"modified":"2026-01-16T08:07:30","modified_gmt":"2026-01-16T07:07:30","slug":"munchkin-bunte-breischalen-8er-pack","status":"publish","type":"product","link":"https:\/\/www.babyelf.de\/?product=munchkin-bunte-breischalen-8er-pack","title":{"rendered":"Munchkin Multi Kleinkind- und Baby-Schalen Set | Helle, stapelbare Plastikschalen | BPA-frei | Beikostschale | 8er Pack"},"content":{"rendered":"<div class=\"disclaim\"> Gr\u00f6\u00dfe:<strong>8er-Pack<\/strong> <\/div>\n<p> <!-- show up to 2 reviews by default --> <\/p>\n<h3>Produktbeschreibung<\/h3>\n<p>Genug Schalen kann man nie haben, und dieses praktische acht er Set ist ein guter Anfang f\u00fcr die Geschirrsammlung f\u00fcr Ihr Baby. Die Breischalen sind tief \u2013 perfekt f\u00fcr erste Versuche, selbstst\u00e4ndig zu essen. Mit stabiler und flacher Unterseite sind diese bezaubernden Schalen gut f\u00fcr den Esstisch, Hochstuhl und \u00fcberall sonst geeignet. Passende Teller und Becher sind separat erh\u00e4ltlich. <\/p>\n<h3>Set enth\u00e4lt:<\/h3>\n<p>8 x Breischalen <\/p>\n<p>Set besteht aus 8 bunten Schalen f\u00fcr Kleinkinder<br \/>\nTiefe Schalen mit hohen R\u00e4ndern \u2013 perfekt f\u00fcr Mahlzeiten oder Snacks zwischendurch geeignet<br \/>\nPassende Teller und Becher sind zur Erg\u00e4nzung des Sets separat erh\u00e4ltlich<br \/>\nBpa-frei, mikrowellengeeignet und sp\u00fclmaschinenfest (im oberen Fach)<br \/>\nPerfekt geeignet f\u00fcr M\u00e4dchen und Jungen ab 6 Monaten<br \/>\n<div class=\"main-cross-sell\" data-asin=\"B07TJJWV2V\">\n\n\t<div class=\"WooZone-cross-sell-loader\">\n\t\t<div>\n\t\t\t<div id=\"floatingBarsG\">\n\t\t\t\t<div class=\"blockG\" id=\"rotateG_01\"><\/div>\n\t\t\t\t<div class=\"blockG\" id=\"rotateG_02\"><\/div>\n\t\t\t\t<div class=\"blockG\" id=\"rotateG_03\"><\/div>\n\t\t\t\t<div class=\"blockG\" id=\"rotateG_04\"><\/div>\n\t\t\t\t<div class=\"blockG\" id=\"rotateG_05\"><\/div>\n\t\t\t\t<div class=\"blockG\" id=\"rotateG_06\"><\/div>\n\t\t\t\t<div class=\"blockG\" id=\"rotateG_07\"><\/div>\n\t\t\t\t<div class=\"blockG\" id=\"rotateG_08\"><\/div>\n\t\t\t<\/div>\n\t\t\t<div class=\"WooZone-cross-sell-loader-text\"><\/div>\n\t\t<\/div>\n\t<\/div>\n\n\t\t\n<\/div>\n<div style=\"clear:both;\"><\/div>\n","protected":false},"excerpt":{"rendered":"<p>Set besteht aus 8 bunten Schalen f\u00fcr Kleinkinder<br \/>\nTiefe Schalen mit hohen R\u00e4ndern \u2013 perfekt f\u00fcr Mahlzeiten oder Snacks zwischendurch geeignet<br \/>\nPassende Teller und Becher sind zur Erg\u00e4nzung des Sets separat erh\u00e4ltlich<\/p>\n","protected":false},"featured_media":2834,"comment_status":"open","ping_status":"closed","template":"","meta":{"rs_blank_template":"","rs_page_bg_color":"","slide_template_v7":""},"etheme_brands":[],"product_cat":[28],"product_tag":[],"class_list":{"0":"post-2833","1":"product","2":"type-product","3":"status-publish","4":"has-post-thumbnail","6":"product_cat-geschirr","7":"pa_brand-munchkin","9":"first","10":"instock","11":"shipping-taxable","12":"purchasable","13":"product-type-simple"},"_links":{"self":[{"href":"https:\/\/www.babyelf.de\/index.php?rest_route=\/wp\/v2\/product\/2833","targetHints":{"allow":["GET"]}}],"collection":[{"href":"https:\/\/www.babyelf.de\/index.php?rest_route=\/wp\/v2\/product"}],"about":[{"href":"https:\/\/www.babyelf.de\/index.php?rest_route=\/wp\/v2\/types\/product"}],"replies":[{"embeddable":true,"href":"https:\/\/www.babyelf.de\/index.php?rest_route=%2Fwp%2Fv2%2Fcomments&post=2833"}],"wp:featuredmedia":[{"embeddable":true,"href":"https:\/\/www.babyelf.de\/index.php?rest_route=\/wp\/v2\/media\/2834"}],"wp:attachment":[{"href":"https:\/\/www.babyelf.de\/index.php?rest_route=%2Fwp%2Fv2%2Fmedia&parent=2833"}],"wp:term":[{"taxonomy":"brand","embeddable":true,"href":"https:\/\/www.babyelf.de\/index.php?rest_route=%2Fwp%2Fv2%2Fetheme_brands&post=2833"},{"taxonomy":"product_cat","embeddable":true,"href":"https:\/\/www.babyelf.de\/index.php?rest_route=%2Fwp%2Fv2%2Fproduct_cat&post=2833"},{"taxonomy":"product_tag","embeddable":true,"href":"https:\/\/www.babyelf.de\/index.php?rest_route=%2Fwp%2Fv2%2Fproduct_tag&post=2833"}],"curies":[{"name":"wp","href":"https:\/\/api.w.org\/{rel}","templated":true}]}}