{"id":2736,"date":"2020-08-21T08:56:15","date_gmt":"2020-08-21T08:56:15","guid":{"rendered":"https:\/\/www.babyelf.de\/?product=munchkin-01145403-bunte-gabeln-und-loeffel-6er-pack"},"modified":"2026-01-16T08:07:18","modified_gmt":"2026-01-16T07:07:18","slug":"munchkin-01145403-bunte-gabeln-und-loeffel-6er-pack","status":"publish","type":"product","link":"https:\/\/www.babyelf.de\/?product=munchkin-01145403-bunte-gabeln-und-loeffel-6er-pack","title":{"rendered":"Munchkin Multi-Coloured Forks and Spoons Set of 6, Multi-coloured, (Pack of 6)"},"content":{"rendered":"<p><!-- show up to 2 reviews by default --> <\/p>\n<h3>Produktbeschreibung<\/h3>\n<p>Kleine Kinder lieben es, Mama und Papa nachzuahmen, und mit Munchkins bunten Gabeln und L\u00f6ffeln k\u00f6nnen sie am Essstisch genau wie die Erwachsenen essen. Das Set beinhaltet 3 Gabeln und 3 L\u00f6ffel, die f\u00fcr die Unterst\u00fctzung der selbstst\u00e4ndigen Nahrungsaufnahme entwickelt wurden. Die gro\u00dfen, gebogenen Griffe erleichtern die Aufnahme des Essens und das farbenfrohe Design spricht Kinder an. <\/p>\n<h3>Rechtliche Hinweise<\/h3>\n<p>UNBENUTZT! <\/p>\n<p>Beinhaltet 3 Gabeln und 3 L\u00f6ffel mit farbenfrohem Design<br \/>\nUnterst\u00fctzt die selbstst\u00e4ndige Nahrungsaufnahme &#8211; tiefe L\u00f6ffelschale, mit der Essen leicht aufgel\u00f6ffelt werden kann<br \/>\nGabeln sind zur Sicherheit abgerundet und dienen zur Vorbereitung auf richtiges Besteck<br \/>\nBPA-frei, sp\u00fclmaschinenfest (im oberen Fach)<br \/>\nAb 12 Monaten<br \/>\n<div class=\"main-cross-sell\" data-asin=\"B00ARQKRN2\">\n\n\t<div class=\"WooZone-cross-sell-loader\">\n\t\t<div>\n\t\t\t<div id=\"floatingBarsG\">\n\t\t\t\t<div class=\"blockG\" id=\"rotateG_01\"><\/div>\n\t\t\t\t<div class=\"blockG\" id=\"rotateG_02\"><\/div>\n\t\t\t\t<div class=\"blockG\" id=\"rotateG_03\"><\/div>\n\t\t\t\t<div class=\"blockG\" id=\"rotateG_04\"><\/div>\n\t\t\t\t<div class=\"blockG\" id=\"rotateG_05\"><\/div>\n\t\t\t\t<div class=\"blockG\" id=\"rotateG_06\"><\/div>\n\t\t\t\t<div class=\"blockG\" id=\"rotateG_07\"><\/div>\n\t\t\t\t<div class=\"blockG\" id=\"rotateG_08\"><\/div>\n\t\t\t<\/div>\n\t\t\t<div class=\"WooZone-cross-sell-loader-text\"><\/div>\n\t\t<\/div>\n\t<\/div>\n\n\t\t\n<\/div>\n<div style=\"clear:both;\"><\/div>\n","protected":false},"excerpt":{"rendered":"<p>Beinhaltet 3 Gabeln und 3 L\u00f6ffel mit farbenfrohem Design<br \/>\nUnterst\u00fctzt die selbstst\u00e4ndige Nahrungsaufnahme &#8211; tiefe L\u00f6ffelschale, mit der Essen leicht aufgel\u00f6ffelt werden kann<br \/>\nGabeln sind zur Sicherheit abgerundet und dienen zur Vorbereitung auf richtiges Besteck<\/p>\n","protected":false},"featured_media":2737,"comment_status":"open","ping_status":"closed","template":"","meta":{"rs_blank_template":"","rs_page_bg_color":"","slide_template_v7":""},"etheme_brands":[],"product_cat":[28],"product_tag":[],"class_list":{"0":"post-2736","1":"product","2":"type-product","3":"status-publish","4":"has-post-thumbnail","6":"product_cat-geschirr","7":"pa_brand-munchkin","9":"first","10":"instock","11":"shipping-taxable","12":"purchasable","13":"product-type-simple"},"_links":{"self":[{"href":"https:\/\/www.babyelf.de\/index.php?rest_route=\/wp\/v2\/product\/2736","targetHints":{"allow":["GET"]}}],"collection":[{"href":"https:\/\/www.babyelf.de\/index.php?rest_route=\/wp\/v2\/product"}],"about":[{"href":"https:\/\/www.babyelf.de\/index.php?rest_route=\/wp\/v2\/types\/product"}],"replies":[{"embeddable":true,"href":"https:\/\/www.babyelf.de\/index.php?rest_route=%2Fwp%2Fv2%2Fcomments&post=2736"}],"wp:featuredmedia":[{"embeddable":true,"href":"https:\/\/www.babyelf.de\/index.php?rest_route=\/wp\/v2\/media\/2737"}],"wp:attachment":[{"href":"https:\/\/www.babyelf.de\/index.php?rest_route=%2Fwp%2Fv2%2Fmedia&parent=2736"}],"wp:term":[{"taxonomy":"brand","embeddable":true,"href":"https:\/\/www.babyelf.de\/index.php?rest_route=%2Fwp%2Fv2%2Fetheme_brands&post=2736"},{"taxonomy":"product_cat","embeddable":true,"href":"https:\/\/www.babyelf.de\/index.php?rest_route=%2Fwp%2Fv2%2Fproduct_cat&post=2736"},{"taxonomy":"product_tag","embeddable":true,"href":"https:\/\/www.babyelf.de\/index.php?rest_route=%2Fwp%2Fv2%2Fproduct_tag&post=2736"}],"curies":[{"name":"wp","href":"https:\/\/api.w.org\/{rel}","templated":true}]}}