{"id":2720,"date":"2020-08-21T08:56:08","date_gmt":"2020-08-21T08:56:08","guid":{"rendered":"https:\/\/www.babyelf.de\/?product=disney-christopher-robin-5-stueck-dinner-set"},"modified":"2026-01-16T08:07:18","modified_gmt":"2026-01-16T07:07:18","slug":"disney-christopher-robin-5-stueck-dinner-set","status":"publish","type":"product","link":"https:\/\/www.babyelf.de\/?product=disney-christopher-robin-5-stueck-dinner-set","title":{"rendered":"Disney Christopher Robin Di519 Melamin-Geschirrset, 5-teilig"},"content":{"rendered":"<p><!-- show up to 2 reviews by default --> <\/p>\n<p>Reisen des ganzen Weg von dem Hundertmorgenwald Abendessen zu sitzen und essen mit Sie Pu und Ferkel sind. Machen Sie Mahlzeiten besonders speziell mit diesem 5-teiligen Melamin Geschirr, komplett mit sch\u00f6nen Original-Illustrationen von Pu und Ferkel auf ihre Abenteuer zu erkunden ber\u00fchmten Londoner Sehensw\u00fcrdigkeiten und ein paar weise Worte von Winnie selbst. Dieses herrliche Besteckset bringt wirklich AA Milne zeitlose Charaktere zum Leben! <\/p>\n<p>Enth\u00e4lt eine Winnie the Pooh themed Teller, Sch\u00fcssel, Tasse, Gabel und L\u00f6ffel<br \/>\nHergestellt zu einem hohen Standard von Melamin<br \/>\nGeschenk bereit, in einem Christopher Robin Marke Box pr\u00e4sentiert<br \/>\nDie Verpackung kann von allen Bildern abweichen<br \/>\n100% offiziell lizenzierten Waren<br \/>\n<div class=\"main-cross-sell\" data-asin=\"B07NJ8T19K\">\n\n\t<div class=\"WooZone-cross-sell-loader\">\n\t\t<div>\n\t\t\t<div id=\"floatingBarsG\">\n\t\t\t\t<div class=\"blockG\" id=\"rotateG_01\"><\/div>\n\t\t\t\t<div class=\"blockG\" id=\"rotateG_02\"><\/div>\n\t\t\t\t<div class=\"blockG\" id=\"rotateG_03\"><\/div>\n\t\t\t\t<div class=\"blockG\" id=\"rotateG_04\"><\/div>\n\t\t\t\t<div class=\"blockG\" id=\"rotateG_05\"><\/div>\n\t\t\t\t<div class=\"blockG\" id=\"rotateG_06\"><\/div>\n\t\t\t\t<div class=\"blockG\" id=\"rotateG_07\"><\/div>\n\t\t\t\t<div class=\"blockG\" id=\"rotateG_08\"><\/div>\n\t\t\t<\/div>\n\t\t\t<div class=\"WooZone-cross-sell-loader-text\"><\/div>\n\t\t<\/div>\n\t<\/div>\n\n\t\t\n<\/div>\n<div style=\"clear:both;\"><\/div>\n","protected":false},"excerpt":{"rendered":"<p>Enth\u00e4lt eine Winnie the Pooh themed Teller, Sch\u00fcssel, Tasse, Gabel und L\u00f6ffel<br \/>\nHergestellt zu einem hohen Standard von Melamin<br \/>\nGeschenk bereit, in einem Christopher Robin Marke Box pr\u00e4sentiert<\/p>\n","protected":false},"featured_media":2721,"comment_status":"open","ping_status":"closed","template":"","meta":{"rs_blank_template":"","rs_page_bg_color":"","slide_template_v7":""},"etheme_brands":[],"product_cat":[28],"product_tag":[],"class_list":{"0":"post-2720","1":"product","2":"type-product","3":"status-publish","4":"has-post-thumbnail","6":"product_cat-geschirr","7":"pa_brand-disney","9":"first","10":"instock","11":"shipping-taxable","12":"product-type-simple"},"_links":{"self":[{"href":"https:\/\/www.babyelf.de\/index.php?rest_route=\/wp\/v2\/product\/2720","targetHints":{"allow":["GET"]}}],"collection":[{"href":"https:\/\/www.babyelf.de\/index.php?rest_route=\/wp\/v2\/product"}],"about":[{"href":"https:\/\/www.babyelf.de\/index.php?rest_route=\/wp\/v2\/types\/product"}],"replies":[{"embeddable":true,"href":"https:\/\/www.babyelf.de\/index.php?rest_route=%2Fwp%2Fv2%2Fcomments&post=2720"}],"wp:featuredmedia":[{"embeddable":true,"href":"https:\/\/www.babyelf.de\/index.php?rest_route=\/wp\/v2\/media\/2721"}],"wp:attachment":[{"href":"https:\/\/www.babyelf.de\/index.php?rest_route=%2Fwp%2Fv2%2Fmedia&parent=2720"}],"wp:term":[{"taxonomy":"brand","embeddable":true,"href":"https:\/\/www.babyelf.de\/index.php?rest_route=%2Fwp%2Fv2%2Fetheme_brands&post=2720"},{"taxonomy":"product_cat","embeddable":true,"href":"https:\/\/www.babyelf.de\/index.php?rest_route=%2Fwp%2Fv2%2Fproduct_cat&post=2720"},{"taxonomy":"product_tag","embeddable":true,"href":"https:\/\/www.babyelf.de\/index.php?rest_route=%2Fwp%2Fv2%2Fproduct_tag&post=2720"}],"curies":[{"name":"wp","href":"https:\/\/api.w.org\/{rel}","templated":true}]}}